{"id":12,"date":"2018-05-08T09:31:58","date_gmt":"2018-05-08T07:31:58","guid":{"rendered":"http:\/\/huissiers-aix.com\/?page_id=12"},"modified":"2022-08-06T17:43:35","modified_gmt":"2022-08-06T15:43:35","slug":"notre-etude","status":"publish","type":"page","link":"https:\/\/huissiers-aix.com\/index.php\/notre-etude\/","title":{"rendered":"Notre Etude"},"content":{"rendered":"<p>[et_pb_section fb_built=&#8221;1&#8243; fullwidth=&#8221;on&#8221; admin_label=&#8221;Hero Section&#8221; _builder_version=&#8221;3.22&#8243; global_colors_info=&#8221;{}&#8221;][et_pb_fullwidth_header title=&#8221;Notre etude&#8221; text_orientation=&#8221;center&#8221; background_overlay_color=&#8221;rgba(255,255,255,0.16)&#8221; content_max_width=&#8221;550px&#8221; _builder_version=&#8221;4.13.0&#8243; title_font=&#8221;Merriweather|700||on|||||&#8221; title_text_align=&#8221;left&#8221; title_text_color=&#8221;#ffffff&#8221; title_font_size=&#8221;40px&#8221; title_letter_spacing=&#8221;2px&#8221; title_line_height=&#8221;1.8em&#8221; content_font=&#8221;||||||||&#8221; subhead_font=&#8221;Merriweather|||on|||||&#8221; subhead_font_size=&#8221;26px&#8221; subhead_line_height=&#8221;1.4em&#8221; background_color=&#8221;rgba(255,255,255,0)&#8221; background_image=&#8221;https:\/\/huissiers-aix.com\/wp-content\/uploads\/2018\/05\/etude_huissiers_aix-1.jpg&#8221; parallax=&#8221;on&#8221; parallax_method=&#8221;on&#8221; custom_button_one=&#8221;on&#8221; button_one_bg_color=&#8221;#9f8f60&#8243; button_one_border_width=&#8221;1px&#8221; button_one_border_color=&#8221;rgba(255,255,255,0.3)&#8221; button_one_border_radius=&#8221;0px&#8221; button_one_letter_spacing=&#8221;1px&#8221; button_one_font=&#8221;Saira Extra Condensed|600||on|||||&#8221; button_one_icon=&#8221;&#x24;||divi||400&#8243; button_one_icon_color=&#8221;#9f8f60&#8243; custom_button_two=&#8221;on&#8221; button_two_border_width=&#8221;1px&#8221; button_two_border_color=&#8221;rgba(255,255,255,0.3)&#8221; button_two_border_radius=&#8221;0px&#8221; button_two_letter_spacing=&#8221;1px&#8221; button_two_font=&#8221;Saira Extra Condensed|600||on|||||&#8221; button_two_icon=&#8221;&#x24;||divi||400&#8243; button_two_icon_color=&#8221;#edbb5f&#8221; module_alignment=&#8221;right&#8221; custom_margin=&#8221;|||&#8221; custom_padding=&#8221;8%||260px|&#8221; title_text_shadow_style=&#8221;preset4&#8243; subhead_text_shadow_style=&#8221;preset4&#8243; button_one_text_shadow_style=&#8221;preset5&#8243; box_shadow_style_button_one=&#8221;preset1&#8243; button_one_text_color_hover=&#8221;#9f8f60&#8243; button_two_text_color_hover=&#8221;#edbb5f&#8221; button_one_bg_color_hover=&#8221;rgba(0,0,0,0)&#8221; button_two_bg_color_hover=&#8221;rgba(0,0,0,0)&#8221; global_colors_info=&#8221;{}&#8221; button_one_text_size__hover_enabled=&#8221;off&#8221; button_two_text_size__hover_enabled=&#8221;off&#8221; button_one_text_color__hover_enabled=&#8221;on&#8221; button_one_text_color__hover=&#8221;#9f8f60&#8243; button_two_text_color__hover_enabled=&#8221;on&#8221; button_two_text_color__hover=&#8221;#edbb5f&#8221; button_one_border_width__hover_enabled=&#8221;off&#8221; button_two_border_width__hover_enabled=&#8221;off&#8221; button_one_border_color__hover_enabled=&#8221;off&#8221; button_two_border_color__hover_enabled=&#8221;off&#8221; button_one_border_radius__hover_enabled=&#8221;off&#8221; button_two_border_radius__hover_enabled=&#8221;off&#8221; button_one_letter_spacing__hover_enabled=&#8221;off&#8221; button_two_letter_spacing__hover_enabled=&#8221;off&#8221; button_one_bg_color__hover_enabled=&#8221;on&#8221; button_one_bg_color__hover=&#8221;rgba(0,0,0,0)&#8221; button_two_bg_color__hover_enabled=&#8221;on&#8221; button_two_bg_color__hover=&#8221;rgba(0,0,0,0)&#8221;][\/et_pb_fullwidth_header][\/et_pb_section][et_pb_section fb_built=&#8221;1&#8243; admin_label=&#8221;Services&#8221; _builder_version=&#8221;3.22&#8243; background_color=&#8221;rgba(249,249,249,0.68)&#8221; custom_margin=&#8221;|||&#8221; custom_padding=&#8221;2px|0px|32px|0px|false|false&#8221; global_colors_info=&#8221;{}&#8221;][et_pb_row _builder_version=&#8221;3.25&#8243; custom_padding=&#8221;30px|0px|30px|0px|false|false&#8221; global_colors_info=&#8221;{}&#8221;][et_pb_column type=&#8221;4_4&#8243; _builder_version=&#8221;3.25&#8243; custom_padding=&#8221;|||&#8221; global_colors_info=&#8221;{}&#8221; custom_padding__hover=&#8221;|||&#8221;][et_pb_blurb title=&#8221;Notre Etude&#8221; use_icon=&#8221;on&#8221; font_icon=&#8221;&#xe0ff;||divi||400&#8243; icon_color=&#8221;#9f8f60&#8243; image_icon_width=&#8221;70px&#8221; _builder_version=&#8221;4.13.0&#8243; header_level=&#8221;h2&#8243; header_font=&#8221;Merriweather||||||||&#8221; header_text_align=&#8221;center&#8221; header_font_size=&#8221;31px&#8221; header_line_height=&#8221;1.3em&#8221; body_font=&#8221;Poppins|300|||||||&#8221; body_font_size=&#8221;18px&#8221; text_orientation=&#8221;justified&#8221; icon_font_size=&#8221;70px&#8221; global_colors_info=&#8221;{}&#8221;]<\/p>\n<p>Situ\u00e9e \u00e0 <strong>Aix en Provence<\/strong>, notre Etude se compose de trois Commissaires de Justice associ\u00e9s, Ma\u00eetre Catherine <strong>DE BENEDICTIS<\/strong>, Ma\u00eetre G\u00e9raldine <strong>COEFFARD<\/strong> et Ma\u00eetre St\u00e9phane <strong>MAUREL<\/strong>, ainsi que des <strong>collaborateurs qualifi\u00e9s<\/strong>.<\/p>\n<p>Pour la signification et l\u2019ex\u00e9cution, nous sommes <a href=\"https:\/\/huissiers-aix.com\/index.php\/notre-competence-territoriale\/\" title=\"competence territoriale\"><span style=\"text-decoration: underline;\">comp\u00e9tents sur tout le ressort<\/span><\/a> de <strong>la cour d\u2019Appel d&#8217;Aix en Provence<\/strong>, soit les d\u00e9partements des Bouches du Rhone (<strong>13<\/strong>), du Var (<strong>83<\/strong>), des Alpes-de-Haute-Provence <strong>(04)<\/strong>, et des Alpes-Maritimes (<strong>06<\/strong>). En mati\u00e8re de constat (et pour toute activit\u00e9 extra-monopolistique) notre comp\u00e9tence territoriale est d\u00e9sormais <strong>nationale<\/strong>.<\/p>\n<p>Entour\u00e9s d&#8217;une \u00e9quipe r\u00e9guli\u00e8rement form\u00e9e aux <strong>\u00e9volutions l\u00e9gislatives<\/strong>, nous vous apportons des <strong>solutions rapides<\/strong> et <strong>adapt\u00e9es aux difficult\u00e9s<\/strong> que vous rencontrez.<\/p>\n<p>Ils sont en relation directe avec<strong> l&#8217;ensemble des auxiliaires de justice,<\/strong> les <strong>grands donneurs d&#8217;ordres<\/strong> (<em>URSSAF, Tr\u00e9sor Public&#8230;<\/em>). Proches du<strong> justiciable,<\/strong> ils sont en mesure de renseigner directement chacune des parties sur l\u2019\u00e9tat des dossiers. Le recouvrement est mis en place par leurs soins en lien \u00e9troit avec les <strong>Commissaires de Justice<\/strong>.<\/p>\n<p>[\/et_pb_blurb][\/et_pb_column][\/et_pb_row][\/et_pb_section]<\/p>\n","protected":false},"excerpt":{"rendered":"<p>Situ\u00e9e \u00e0 Aix en Provence, notre Etude se compose de trois Commissaires de Justice associ\u00e9s, Ma\u00eetre Catherine DE BENEDICTIS, Ma\u00eetre G\u00e9raldine COEFFARD et Ma\u00eetre St\u00e9phane MAUREL, ainsi que des collaborateurs qualifi\u00e9s. Pour la signification et l\u2019ex\u00e9cution, nous sommes comp\u00e9tents sur tout le ressort de la cour d\u2019Appel d&#8217;Aix en Provence, soit les d\u00e9partements des Bouches [&hellip;]<\/p>\n","protected":false},"author":1,"featured_media":0,"parent":0,"menu_order":0,"comment_status":"closed","ping_status":"closed","template":"","meta":{"_et_pb_use_builder":"on","_et_pb_old_content":"","_et_gb_content_width":"","_monsterinsights_skip_tracking":false,"_monsterinsights_sitenote_active":false,"_monsterinsights_sitenote_note":"","_monsterinsights_sitenote_category":0,"footnotes":""},"class_list":["post-12","page","type-page","status-publish","hentry"],"yoast_head":"<!-- This site is optimized with the Yoast SEO plugin v23.0 - https:\/\/yoast.com\/wordpress\/plugins\/seo\/ -->\n<title>Notre Etude - SCP De Benedictis Coeffard Maurel<\/title>\n<meta name=\"description\" content=\"Situ\u00e9e \u00e0 Aix en Provence, notre etude se compose de trois Huissiers de Justice associ\u00e9s, Ma\u00eetre Catherine DE BENEDICTIS, Ma\u00eetre G\u00e9raldine COEFFARD et Ma\u00eetre St\u00e9phane MAUREL, ainsi que des collaborateurs qualifi\u00e9s.\" \/>\n<meta name=\"robots\" content=\"index, follow, max-snippet:-1, max-image-preview:large, max-video-preview:-1\" \/>\n<link rel=\"canonical\" href=\"https:\/\/huissiers-aix.com\/index.php\/notre-etude\/\" \/>\n<meta property=\"og:locale\" content=\"fr_FR\" \/>\n<meta property=\"og:type\" content=\"article\" \/>\n<meta property=\"og:title\" content=\"Notre Etude - SCP De Benedictis Coeffard Maurel\" \/>\n<meta property=\"og:description\" content=\"Situ\u00e9e \u00e0 Aix en Provence, notre etude se compose de trois Huissiers de Justice associ\u00e9s, Ma\u00eetre Catherine DE BENEDICTIS, Ma\u00eetre G\u00e9raldine COEFFARD et Ma\u00eetre St\u00e9phane MAUREL, ainsi que des collaborateurs qualifi\u00e9s.\" \/>\n<meta property=\"og:url\" content=\"https:\/\/huissiers-aix.com\/index.php\/notre-etude\/\" \/>\n<meta property=\"og:site_name\" content=\"SCP De Benedictis Coeffard Maurel\" \/>\n<meta property=\"article:modified_time\" content=\"2022-08-06T15:43:35+00:00\" \/>\n<meta name=\"twitter:card\" content=\"summary_large_image\" \/>\n<meta name=\"twitter:label1\" content=\"Dur\u00e9e de lecture estim\u00e9e\" \/>\n\t<meta name=\"twitter:data1\" content=\"3 minutes\" \/>\n<script type=\"application\/ld+json\" class=\"yoast-schema-graph\">{\"@context\":\"https:\/\/schema.org\",\"@graph\":[{\"@type\":\"WebPage\",\"@id\":\"https:\/\/huissiers-aix.com\/index.php\/notre-etude\/\",\"url\":\"https:\/\/huissiers-aix.com\/index.php\/notre-etude\/\",\"name\":\"Notre Etude - SCP De Benedictis Coeffard Maurel\",\"isPartOf\":{\"@id\":\"https:\/\/huissiers-aix.com\/#website\"},\"datePublished\":\"2018-05-08T07:31:58+00:00\",\"dateModified\":\"2022-08-06T15:43:35+00:00\",\"description\":\"Situ\u00e9e \u00e0 Aix en Provence, notre etude se compose de trois Huissiers de Justice associ\u00e9s, Ma\u00eetre Catherine DE BENEDICTIS, Ma\u00eetre G\u00e9raldine COEFFARD et Ma\u00eetre St\u00e9phane MAUREL, ainsi que des collaborateurs qualifi\u00e9s.\",\"breadcrumb\":{\"@id\":\"https:\/\/huissiers-aix.com\/index.php\/notre-etude\/#breadcrumb\"},\"inLanguage\":\"fr-FR\",\"potentialAction\":[{\"@type\":\"ReadAction\",\"target\":[\"https:\/\/huissiers-aix.com\/index.php\/notre-etude\/\"]}]},{\"@type\":\"BreadcrumbList\",\"@id\":\"https:\/\/huissiers-aix.com\/index.php\/notre-etude\/#breadcrumb\",\"itemListElement\":[{\"@type\":\"ListItem\",\"position\":1,\"name\":\"Accueil\",\"item\":\"https:\/\/huissiers-aix.com\/\"},{\"@type\":\"ListItem\",\"position\":2,\"name\":\"Notre Etude\"}]},{\"@type\":\"WebSite\",\"@id\":\"https:\/\/huissiers-aix.com\/#website\",\"url\":\"https:\/\/huissiers-aix.com\/\",\"name\":\"SCP De Benedictis Coeffard Maurel\",\"description\":\"Huissiers de Justice \u00e0 Aix en Provence\",\"potentialAction\":[{\"@type\":\"SearchAction\",\"target\":{\"@type\":\"EntryPoint\",\"urlTemplate\":\"https:\/\/huissiers-aix.com\/?s={search_term_string}\"},\"query-input\":\"required name=search_term_string\"}],\"inLanguage\":\"fr-FR\"}]}<\/script>\n<!-- \/ Yoast SEO plugin. -->","yoast_head_json":{"title":"Notre Etude - SCP De Benedictis Coeffard Maurel","description":"Situ\u00e9e \u00e0 Aix en Provence, notre etude se compose de trois Huissiers de Justice associ\u00e9s, Ma\u00eetre Catherine DE BENEDICTIS, Ma\u00eetre G\u00e9raldine COEFFARD et Ma\u00eetre St\u00e9phane MAUREL, ainsi que des collaborateurs qualifi\u00e9s.","robots":{"index":"index","follow":"follow","max-snippet":"max-snippet:-1","max-image-preview":"max-image-preview:large","max-video-preview":"max-video-preview:-1"},"canonical":"https:\/\/huissiers-aix.com\/index.php\/notre-etude\/","og_locale":"fr_FR","og_type":"article","og_title":"Notre Etude - SCP De Benedictis Coeffard Maurel","og_description":"Situ\u00e9e \u00e0 Aix en Provence, notre etude se compose de trois Huissiers de Justice associ\u00e9s, Ma\u00eetre Catherine DE BENEDICTIS, Ma\u00eetre G\u00e9raldine COEFFARD et Ma\u00eetre St\u00e9phane MAUREL, ainsi que des collaborateurs qualifi\u00e9s.","og_url":"https:\/\/huissiers-aix.com\/index.php\/notre-etude\/","og_site_name":"SCP De Benedictis Coeffard Maurel","article_modified_time":"2022-08-06T15:43:35+00:00","twitter_card":"summary_large_image","twitter_misc":{"Dur\u00e9e de lecture estim\u00e9e":"3 minutes"},"schema":{"@context":"https:\/\/schema.org","@graph":[{"@type":"WebPage","@id":"https:\/\/huissiers-aix.com\/index.php\/notre-etude\/","url":"https:\/\/huissiers-aix.com\/index.php\/notre-etude\/","name":"Notre Etude - SCP De Benedictis Coeffard Maurel","isPartOf":{"@id":"https:\/\/huissiers-aix.com\/#website"},"datePublished":"2018-05-08T07:31:58+00:00","dateModified":"2022-08-06T15:43:35+00:00","description":"Situ\u00e9e \u00e0 Aix en Provence, notre etude se compose de trois Huissiers de Justice associ\u00e9s, Ma\u00eetre Catherine DE BENEDICTIS, Ma\u00eetre G\u00e9raldine COEFFARD et Ma\u00eetre St\u00e9phane MAUREL, ainsi que des collaborateurs qualifi\u00e9s.","breadcrumb":{"@id":"https:\/\/huissiers-aix.com\/index.php\/notre-etude\/#breadcrumb"},"inLanguage":"fr-FR","potentialAction":[{"@type":"ReadAction","target":["https:\/\/huissiers-aix.com\/index.php\/notre-etude\/"]}]},{"@type":"BreadcrumbList","@id":"https:\/\/huissiers-aix.com\/index.php\/notre-etude\/#breadcrumb","itemListElement":[{"@type":"ListItem","position":1,"name":"Accueil","item":"https:\/\/huissiers-aix.com\/"},{"@type":"ListItem","position":2,"name":"Notre Etude"}]},{"@type":"WebSite","@id":"https:\/\/huissiers-aix.com\/#website","url":"https:\/\/huissiers-aix.com\/","name":"SCP De Benedictis Coeffard Maurel","description":"Huissiers de Justice \u00e0 Aix en Provence","potentialAction":[{"@type":"SearchAction","target":{"@type":"EntryPoint","urlTemplate":"https:\/\/huissiers-aix.com\/?s={search_term_string}"},"query-input":"required name=search_term_string"}],"inLanguage":"fr-FR"}]}},"_links":{"self":[{"href":"https:\/\/huissiers-aix.com\/index.php\/wp-json\/wp\/v2\/pages\/12","targetHints":{"allow":["GET"]}}],"collection":[{"href":"https:\/\/huissiers-aix.com\/index.php\/wp-json\/wp\/v2\/pages"}],"about":[{"href":"https:\/\/huissiers-aix.com\/index.php\/wp-json\/wp\/v2\/types\/page"}],"author":[{"embeddable":true,"href":"https:\/\/huissiers-aix.com\/index.php\/wp-json\/wp\/v2\/users\/1"}],"replies":[{"embeddable":true,"href":"https:\/\/huissiers-aix.com\/index.php\/wp-json\/wp\/v2\/comments?post=12"}],"version-history":[{"count":17,"href":"https:\/\/huissiers-aix.com\/index.php\/wp-json\/wp\/v2\/pages\/12\/revisions"}],"predecessor-version":[{"id":6547,"href":"https:\/\/huissiers-aix.com\/index.php\/wp-json\/wp\/v2\/pages\/12\/revisions\/6547"}],"wp:attachment":[{"href":"https:\/\/huissiers-aix.com\/index.php\/wp-json\/wp\/v2\/media?parent=12"}],"curies":[{"name":"wp","href":"https:\/\/api.w.org\/{rel}","templated":true}]}}