{"id":14,"date":"2018-05-08T09:32:12","date_gmt":"2018-05-08T07:32:12","guid":{"rendered":"http:\/\/huissiers-aix.com\/?page_id=14"},"modified":"2019-02-15T10:35:38","modified_gmt":"2019-02-15T09:35:38","slug":"nos-services","status":"publish","type":"page","link":"https:\/\/huissiers-aix.com\/index.php\/nos-services\/","title":{"rendered":"Nos services"},"content":{"rendered":"<p>[et_pb_section fb_built=&#8221;1&#8243; fullwidth=&#8221;on&#8221; admin_label=&#8221;Hero Section&#8221; _builder_version=&#8221;3.0.98&#8243;][et_pb_fullwidth_header title=&#8221;Nos Services&#8221; text_orientation=&#8221;center&#8221; background_overlay_color=&#8221;rgba(255,255,255,0.16)&#8221; content_max_width=&#8221;550px&#8221; _builder_version=&#8221;3.16&#8243; title_font=&#8221;Merriweather|700||on|||||&#8221; title_text_align=&#8221;left&#8221; title_text_color=&#8221;#ffffff&#8221; title_font_size=&#8221;40px&#8221; title_letter_spacing=&#8221;2px&#8221; title_line_height=&#8221;1.8em&#8221; title_text_shadow_style=&#8221;preset4&#8243; content_font=&#8221;||||||||&#8221; subhead_font=&#8221;Merriweather|||on|||||&#8221; subhead_font_size=&#8221;26px&#8221; subhead_line_height=&#8221;1.4em&#8221; subhead_text_shadow_style=&#8221;preset4&#8243; background_color=&#8221;rgba(255,255,255,0)&#8221; background_image=&#8221;https:\/\/huissiers-aix.com\/wp-content\/uploads\/2018\/05\/service_huissiers_aix.jpg&#8221; parallax=&#8221;on&#8221; parallax_method=&#8221;on&#8221; custom_button_two=&#8221;on&#8221; button_two_border_width=&#8221;1px&#8221; button_two_border_color=&#8221;rgba(255,255,255,0.3)&#8221; button_two_border_radius=&#8221;0px&#8221; button_two_letter_spacing=&#8221;1px&#8221; button_two_font=&#8221;Saira Extra Condensed|600||on|||||&#8221; button_two_icon=&#8221;%%3%%&#8221; button_two_icon_color=&#8221;#edbb5f&#8221; custom_button_one=&#8221;on&#8221; button_one_bg_color=&#8221;#9f8f60&#8243; button_one_border_width=&#8221;1px&#8221; button_one_border_color=&#8221;rgba(255,255,255,0.3)&#8221; button_one_border_radius=&#8221;0px&#8221; button_one_letter_spacing=&#8221;1px&#8221; button_one_font=&#8221;Saira Extra Condensed|600||on|||||&#8221; button_one_icon=&#8221;%%3%%&#8221; button_one_icon_color=&#8221;#9f8f60&#8243; button_one_text_shadow_style=&#8221;preset5&#8243; box_shadow_style_button_one=&#8221;preset1&#8243; module_alignment=&#8221;right&#8221; custom_margin=&#8221;|||&#8221; custom_padding=&#8221;8%||260px|&#8221; button_one_text_color_hover=&#8221;#9f8f60&#8243; button_two_text_color_hover=&#8221;#edbb5f&#8221; button_one_bg_color_hover=&#8221;rgba(0,0,0,0)&#8221; button_two_bg_color_hover=&#8221;rgba(0,0,0,0)&#8221; button_one_text_size__hover_enabled=&#8221;off&#8221; button_two_text_size__hover_enabled=&#8221;off&#8221; button_one_text_color__hover_enabled=&#8221;on&#8221; button_one_text_color__hover=&#8221;#9f8f60&#8243; button_two_text_color__hover_enabled=&#8221;on&#8221; button_two_text_color__hover=&#8221;#edbb5f&#8221; button_one_border_width__hover_enabled=&#8221;off&#8221; button_two_border_width__hover_enabled=&#8221;off&#8221; button_one_border_color__hover_enabled=&#8221;off&#8221; button_two_border_color__hover_enabled=&#8221;off&#8221; button_one_border_radius__hover_enabled=&#8221;off&#8221; button_two_border_radius__hover_enabled=&#8221;off&#8221; button_one_letter_spacing__hover_enabled=&#8221;off&#8221; button_two_letter_spacing__hover_enabled=&#8221;off&#8221; button_one_bg_color__hover_enabled=&#8221;on&#8221; button_one_bg_color__hover=&#8221;rgba(0,0,0,0)&#8221; button_two_bg_color__hover_enabled=&#8221;on&#8221; button_two_bg_color__hover=&#8221;rgba(0,0,0,0)&#8221;][\/et_pb_fullwidth_header][\/et_pb_section][et_pb_section fb_built=&#8221;1&#8243; admin_label=&#8221;Services&#8221; _builder_version=&#8221;3.2.2&#8243; background_color=&#8221;rgba(249,249,249,0.68)&#8221; custom_margin=&#8221;|||&#8221; custom_padding=&#8221;2px|0px|32px|0px|false|false&#8221;][et_pb_row _builder_version=&#8221;3.2.2&#8243;][et_pb_column type=&#8221;4_4&#8243; _builder_version=&#8221;3.2.2&#8243;][et_pb_blurb title=&#8221;D\u00e9couvrez nos services&#8221; use_icon=&#8221;on&#8221; font_icon=&#8221;%%156%%&#8221; icon_color=&#8221;#9f8f60&#8243; use_icon_font_size=&#8221;on&#8221; icon_font_size=&#8221;70px&#8221; _builder_version=&#8221;3.19.13&#8243; header_level=&#8221;h2&#8243; header_font=&#8221;Merriweather||||||||&#8221; header_text_color=&#8221;rgba(0,0,0,0.8)&#8221; header_font_size=&#8221;31px&#8221; body_font=&#8221;Poppins||||||||&#8221; body_font_size=&#8221;18px&#8221; text_orientation=&#8221;center&#8221;]<\/p>\n<p><strong><a href=\"https:\/\/huissiers-aix.com\/index.php\/notre-etude\/\" target=\"_blank\" rel=\"noopener noreferrer\">Notre Etude<\/a> <\/strong>exerce quotidiennement des activit\u00e9s juridiques extr\u00eamement diversifi\u00e9es.<\/p>\n<p>Officiers publics et minist\u00e9riels, nous sommes investis par l&#8217;Etat de missions sp\u00e9cifiques dont nous avons le monopole.<\/p>\n<p>[\/et_pb_blurb][\/et_pb_column][\/et_pb_row][et_pb_row _builder_version=&#8221;3.2.2&#8243;][et_pb_column type=&#8221;1_2&#8243; _builder_version=&#8221;3.2.2&#8243;][et_pb_toggle title=&#8221;Conseils juridiques&#8221; icon_color=&#8221;rgba(0,0,0,0.46)&#8221; _builder_version=&#8221;3.19.13&#8243; title_font=&#8221;Merriweather|700|||||||&#8221; title_text_align=&#8221;left&#8221; body_font=&#8221;Poppins||||||||&#8221; border_radii=&#8221;on|5px|5px|5px|5px&#8221; border_width_all=&#8221;2px&#8221; border_color_all=&#8221;#9f8f60&#8243; box_shadow_style=&#8221;preset1&#8243; box_shadow_blur=&#8221;6px&#8221; text_orientation=&#8221;left&#8221;]<\/p>\n<p style=\"text-align: left;\">Nous vous conseillons au quotidien dans de nombreux domaines du droit (famille, patrimoine, vie des affaires) et r\u00e9digeons pour vous vos actes sous seing priv\u00e9&#8230; <br \/> <a title=\"conseils juridiques\" href=\"https:\/\/huissiers-aix.com\/index.php\/conseils-juridiques\/\"><span style=\"color: #9f8f60;\">En savoir plus<\/span><\/a><\/p>\n<p>[\/et_pb_toggle][et_pb_toggle title=&#8221;Constats&#8221; icon_color=&#8221;rgba(0,0,0,0.46)&#8221; _builder_version=&#8221;3.5&#8243; title_font=&#8221;Merriweather|700|||||||&#8221; title_text_align=&#8221;left&#8221; body_font=&#8221;Poppins||||||||&#8221; border_radii=&#8221;on|5px|5px|5px|5px&#8221; border_width_all=&#8221;2px&#8221; border_color_all=&#8221;#9f8f60&#8243; box_shadow_style=&#8221;preset1&#8243; box_shadow_blur=&#8221;6px&#8221; text_orientation=&#8221;left&#8221;]Nous constatons tout fait ou tout dommage afin de vous constituer une preuve de votre pr\u00e9judice ou de vous pr\u00e9munir en cas de litige&#8230;<br \/>\n<span style=\"color: #9f8f60;\"><a style=\"color: #9f8f60;\" title=\"constats\" href=\"https:\/\/huissiers-aix.com\/index.php\/constats\/\">En savoir plus<\/a><\/span><br \/>\n[\/et_pb_toggle][et_pb_toggle title=&#8221;Recouvrement&#8221; icon_color=&#8221;rgba(0,0,0,0.46)&#8221; _builder_version=&#8221;3.10.1&#8243; title_font=&#8221;Merriweather|700|||||||&#8221; title_text_align=&#8221;left&#8221; body_font=&#8221;Poppins||||||||&#8221; border_radii=&#8221;on|5px|5px|5px|5px&#8221; border_width_all=&#8221;2px&#8221; border_color_all=&#8221;#9f8f60&#8243; box_shadow_style=&#8221;preset1&#8243; box_shadow_blur=&#8221;6px&#8221; text_orientation=&#8221;left&#8221;]<\/p>\n<p>Recouvrement \u00e0 l&#8217;amiable :<\/p>\n<p>Avant d\u2019envisager un recouvrement judiciaire, nous essayons toujours de parvenir \u00e0 une solution \u00e0 l\u2019amiable.<\/p>\n<p>Recouvrement judiciaire :<\/p>\n<p>Dans le cas de n\u00e9gociations infructueuses, le Tribunal comp\u00e9tent dans le ressort du domicile ou du si\u00e8ge social du d\u00e9biteur est alors saisi.<br \/> <span style=\"color: #9f8f60;\"><a style=\"color: #9f8f60;\" title=\"recouvrement\" href=\"https:\/\/huissiers-aix.com\/index.php\/recouvrement\/\">En savoir plus<\/a><\/span><\/p>\n<p>[\/et_pb_toggle][et_pb_toggle title=&#8221;Contentieux locatif&#8221; icon_color=&#8221;rgba(0,0,0,0.46)&#8221; _builder_version=&#8221;3.5&#8243; title_font=&#8221;Merriweather|700|||||||&#8221; title_text_align=&#8221;left&#8221; body_font=&#8221;Poppins||||||||&#8221; border_radii=&#8221;on|5px|5px|5px|5px&#8221; border_width_all=&#8221;2px&#8221; border_color_all=&#8221;#9f8f60&#8243; box_shadow_style=&#8221;preset1&#8243; box_shadow_blur=&#8221;6px&#8221; text_orientation=&#8221;left&#8221;]Nous sommes tr\u00e8s fr\u00e9quemment sollicit\u00e9s dans le cadre des rapports locataires \/ propri\u00e9taires (conseil juridique, r\u00e9daction du bail, \u00e9tat des lieux, loyers impay\u00e9s)&#8230;<br \/>\n<span style=\"color: #9f8f60;\"><a style=\"color: #9f8f60;\" title=\"contentieux locatif\" href=\"https:\/\/huissiers-aix.com\/index.php\/contentieux-locatif\/\">En savoir plus<\/a><\/span><br \/>\n[\/et_pb_toggle][et_pb_toggle title=&#8221;Jeux concours&#8221; icon_color=&#8221;rgba(0,0,0,0.46)&#8221; _builder_version=&#8221;3.5&#8243; title_font=&#8221;Merriweather|700|||||||&#8221; title_text_align=&#8221;left&#8221; body_font=&#8221;Poppins||||||||&#8221; border_radii=&#8221;on|5px|5px|5px|5px&#8221; border_width_all=&#8221;2px&#8221; border_color_all=&#8221;#9f8f60&#8243; box_shadow_style=&#8221;preset1&#8243; box_shadow_blur=&#8221;6px&#8221; text_orientation=&#8221;left&#8221;]Nous vous assistons dans la mise en place de votre jeu, recueillons le r\u00e8glement et garantissons le bon d\u00e9roulement de l\u2019op\u00e9ration&#8230;<br \/>\n<span style=\"color: #9f8f60;\"><a style=\"color: #9f8f60;\" title=\"jeux concours\" href=\"https:\/\/huissiers-aix.com\/index.php\/jeux-concours\/\">En savoir plus<\/a><\/span><br \/>\n[\/et_pb_toggle][\/et_pb_column][et_pb_column type=&#8221;1_2&#8243; _builder_version=&#8221;3.2.2&#8243;][et_pb_toggle title=&#8221;Signification d&#8217;actes&#8221; icon_color=&#8221;rgba(0,0,0,0.46)&#8221; _builder_version=&#8221;3.5&#8243; title_font=&#8221;Merriweather|700|||||||&#8221; body_font=&#8221;Poppins||||||||&#8221; border_radii=&#8221;on|5px|5px|5px|5px&#8221; border_width_all=&#8221;2px&#8221; border_color_all=&#8221;#9f8f60&#8243; box_shadow_style=&#8221;preset1&#8243; box_shadow_blur=&#8221;6px&#8221;]Nous d\u00e9livrons les actes relatifs \u00e0 un proc\u00e8s (assignation en justice, signification des jugements) comme les actes extra-judiciaires (sommation, cong\u00e9)&#8230;<\/p>\n<p style=\"text-align: left;\">A ces deux missions essentielles s\u2019ajoutent les diverses activit\u00e9s que nous exer\u00e7ons en notre qualit\u00e9 de professionnels du droit.<br \/>\n<a title=\"Signification d'actes\" href=\"https:\/\/huissiers-aix.com\/index.php\/signification-dactes\/\"><span style=\"color: #9f8f60;\">En savoir plus<\/span><\/a><\/p>\n<p>[\/et_pb_toggle][et_pb_toggle title=&#8221;Ex\u00e9cution de d\u00e9cisions de justice&#8221; icon_color=&#8221;rgba(0,0,0,0.46)&#8221; _builder_version=&#8221;3.5&#8243; title_font=&#8221;Merriweather|700|||||||&#8221; title_text_align=&#8221;left&#8221; body_font=&#8221;Poppins||||||||&#8221; border_radii=&#8221;on|5px|5px|5px|5px&#8221; border_width_all=&#8221;2px&#8221; border_color_all=&#8221;#9f8f60&#8243; box_shadow_style=&#8221;preset1&#8243; box_shadow_blur=&#8221;6px&#8221; text_orientation=&#8221;left&#8221;]Nous mettons en \u0153uvre les proc\u00e9dures civiles d\u2019ex\u00e9cution dont nous disposons pour contraindre votre d\u00e9biteur \u00e0 ex\u00e9cuter la d\u00e9cision rendue contre lui&#8230;<br \/>\n<span style=\"color: #9f8f60;\"><a style=\"color: #9f8f60;\" title=\"execution de d\u00e9cisions de justice\" href=\"https:\/\/huissiers-aix.com\/index.php\/execution-de-decisions-de-justice\/\">En savoir plus<\/a><\/span><br \/>\n[\/et_pb_toggle][et_pb_toggle title=&#8221;Pension alimentaire&#8221; icon_color=&#8221;rgba(0,0,0,0.46)&#8221; _builder_version=&#8221;3.5&#8243; title_font=&#8221;Merriweather|700|||||||&#8221; title_text_align=&#8221;left&#8221; body_font=&#8221;Poppins||||||||&#8221; border_radii=&#8221;on|5px|5px|5px|5px&#8221; border_width_all=&#8221;2px&#8221; border_color_all=&#8221;#9f8f60&#8243; box_shadow_style=&#8221;preset1&#8243; box_shadow_blur=&#8221;6px&#8221; text_orientation=&#8221;left&#8221;]Suite \u00e0 un divorce, une s\u00e9paration de corps ou de biens, un Jugement condamne votre ex-conjoint \u00e0 vous r\u00e8gler une pension alimentaire&#8230;<br \/>\n<span style=\"color: #9f8f60;\"><a style=\"color: #9f8f60;\" title=\"pension alimentaire\" href=\"https:\/\/huissiers-aix.com\/index.php\/pension-alimentaire\/\">En savoir plus<\/a><\/span><br \/>\n[\/et_pb_toggle][et_pb_toggle title=&#8221;Cong\u00e9s d&#8217;habitations et commerciaux&#8221; icon_color=&#8221;rgba(0,0,0,0.46)&#8221; _builder_version=&#8221;3.10.1&#8243; title_font=&#8221;Merriweather|700|||||||&#8221; title_text_align=&#8221;left&#8221; body_font=&#8221;Poppins||||||||&#8221; border_radii=&#8221;on|5px|5px|5px|5px&#8221; border_width_all=&#8221;2px&#8221; border_color_all=&#8221;#9f8f60&#8243; box_shadow_style=&#8221;preset1&#8243; box_shadow_blur=&#8221;6px&#8221; text_orientation=&#8221;left&#8221;] Vous souhaitez rompre votre contrat de location ? Notre Etude vous informent et vous accompagnent lors de cette d\u00e9licate proc\u00e9dure.<\/p>\n<p>Le cong\u00e9 locatif est une rupture du contrat de location. Cette rupture peut engendrer de nombreux conflits si elle ne respecte pas les obligations pr\u00e9vues par la loi.<\/p>\n<p><span style=\"color: #9f8f60;\"><a style=\"color: #9f8f60;\" title=\"conges habitat. et comm.\" href=\"https:\/\/huissiers-aix.com\/index.php\/conges-dhabitations-et-commerciaux\/\">En savoir plus<\/a><\/span>[\/et_pb_toggle][\/et_pb_column][\/et_pb_row][\/et_pb_section]<\/p>\n","protected":false},"excerpt":{"rendered":"<p>Notre Etude exerce quotidiennement des activit\u00e9s juridiques extr\u00eamement diversifi\u00e9es. Officiers publics et minist\u00e9riels, nous sommes investis par l&#8217;Etat de missions sp\u00e9cifiques dont nous avons le monopole. Nous vous conseillons au quotidien dans de nombreux domaines du droit (famille, patrimoine, vie des affaires) et r\u00e9digeons pour vous vos actes sous seing priv\u00e9&#8230; En savoir plus Nous [&hellip;]<\/p>\n","protected":false},"author":1,"featured_media":0,"parent":0,"menu_order":0,"comment_status":"closed","ping_status":"closed","template":"","meta":{"_et_pb_use_builder":"on","_et_pb_old_content":"","_et_gb_content_width":"","_monsterinsights_skip_tracking":false,"_monsterinsights_sitenote_active":false,"_monsterinsights_sitenote_note":"","_monsterinsights_sitenote_category":0,"footnotes":""},"class_list":["post-14","page","type-page","status-publish","hentry"],"yoast_head":"<!-- This site is optimized with the Yoast SEO plugin v23.0 - https:\/\/yoast.com\/wordpress\/plugins\/seo\/ -->\n<title>Nos services - SCP De Benedictis Coeffard Maurel<\/title>\n<meta name=\"description\" content=\"D\u00e9couvrez nos services, notre Etude exerce quotidiennement des activit\u00e9s juridiques extr\u00eamement diversifi\u00e9es. Officiers publics et minist\u00e9riels, nous sommes investis par l\u2019Etat de missions sp\u00e9cifiques dont nous avons le monopole.\" \/>\n<meta name=\"robots\" content=\"index, follow, max-snippet:-1, max-image-preview:large, max-video-preview:-1\" \/>\n<link rel=\"canonical\" href=\"https:\/\/huissiers-aix.com\/index.php\/nos-services\/\" \/>\n<meta property=\"og:locale\" content=\"fr_FR\" \/>\n<meta property=\"og:type\" content=\"article\" \/>\n<meta property=\"og:title\" content=\"Nos services - SCP De Benedictis Coeffard Maurel\" \/>\n<meta property=\"og:description\" content=\"D\u00e9couvrez nos services, notre Etude exerce quotidiennement des activit\u00e9s juridiques extr\u00eamement diversifi\u00e9es. Officiers publics et minist\u00e9riels, nous sommes investis par l\u2019Etat de missions sp\u00e9cifiques dont nous avons le monopole.\" \/>\n<meta property=\"og:url\" content=\"https:\/\/huissiers-aix.com\/index.php\/nos-services\/\" \/>\n<meta property=\"og:site_name\" content=\"SCP De Benedictis Coeffard Maurel\" \/>\n<meta property=\"article:modified_time\" content=\"2019-02-15T09:35:38+00:00\" \/>\n<meta name=\"twitter:card\" content=\"summary_large_image\" \/>\n<meta name=\"twitter:label1\" content=\"Dur\u00e9e de lecture estim\u00e9e\" \/>\n\t<meta name=\"twitter:data1\" content=\"6 minutes\" \/>\n<script type=\"application\/ld+json\" class=\"yoast-schema-graph\">{\"@context\":\"https:\/\/schema.org\",\"@graph\":[{\"@type\":\"WebPage\",\"@id\":\"https:\/\/huissiers-aix.com\/index.php\/nos-services\/\",\"url\":\"https:\/\/huissiers-aix.com\/index.php\/nos-services\/\",\"name\":\"Nos services - SCP De Benedictis Coeffard Maurel\",\"isPartOf\":{\"@id\":\"https:\/\/huissiers-aix.com\/#website\"},\"datePublished\":\"2018-05-08T07:32:12+00:00\",\"dateModified\":\"2019-02-15T09:35:38+00:00\",\"description\":\"D\u00e9couvrez nos services, notre Etude exerce quotidiennement des activit\u00e9s juridiques extr\u00eamement diversifi\u00e9es. Officiers publics et minist\u00e9riels, nous sommes investis par l\u2019Etat de missions sp\u00e9cifiques dont nous avons le monopole.\",\"breadcrumb\":{\"@id\":\"https:\/\/huissiers-aix.com\/index.php\/nos-services\/#breadcrumb\"},\"inLanguage\":\"fr-FR\",\"potentialAction\":[{\"@type\":\"ReadAction\",\"target\":[\"https:\/\/huissiers-aix.com\/index.php\/nos-services\/\"]}]},{\"@type\":\"BreadcrumbList\",\"@id\":\"https:\/\/huissiers-aix.com\/index.php\/nos-services\/#breadcrumb\",\"itemListElement\":[{\"@type\":\"ListItem\",\"position\":1,\"name\":\"Accueil\",\"item\":\"https:\/\/huissiers-aix.com\/\"},{\"@type\":\"ListItem\",\"position\":2,\"name\":\"Nos services\"}]},{\"@type\":\"WebSite\",\"@id\":\"https:\/\/huissiers-aix.com\/#website\",\"url\":\"https:\/\/huissiers-aix.com\/\",\"name\":\"SCP De Benedictis Coeffard Maurel\",\"description\":\"Huissiers de Justice \u00e0 Aix en Provence\",\"potentialAction\":[{\"@type\":\"SearchAction\",\"target\":{\"@type\":\"EntryPoint\",\"urlTemplate\":\"https:\/\/huissiers-aix.com\/?s={search_term_string}\"},\"query-input\":\"required name=search_term_string\"}],\"inLanguage\":\"fr-FR\"}]}<\/script>\n<!-- \/ Yoast SEO plugin. -->","yoast_head_json":{"title":"Nos services - SCP De Benedictis Coeffard Maurel","description":"D\u00e9couvrez nos services, notre Etude exerce quotidiennement des activit\u00e9s juridiques extr\u00eamement diversifi\u00e9es. Officiers publics et minist\u00e9riels, nous sommes investis par l\u2019Etat de missions sp\u00e9cifiques dont nous avons le monopole.","robots":{"index":"index","follow":"follow","max-snippet":"max-snippet:-1","max-image-preview":"max-image-preview:large","max-video-preview":"max-video-preview:-1"},"canonical":"https:\/\/huissiers-aix.com\/index.php\/nos-services\/","og_locale":"fr_FR","og_type":"article","og_title":"Nos services - SCP De Benedictis Coeffard Maurel","og_description":"D\u00e9couvrez nos services, notre Etude exerce quotidiennement des activit\u00e9s juridiques extr\u00eamement diversifi\u00e9es. Officiers publics et minist\u00e9riels, nous sommes investis par l\u2019Etat de missions sp\u00e9cifiques dont nous avons le monopole.","og_url":"https:\/\/huissiers-aix.com\/index.php\/nos-services\/","og_site_name":"SCP De Benedictis Coeffard Maurel","article_modified_time":"2019-02-15T09:35:38+00:00","twitter_card":"summary_large_image","twitter_misc":{"Dur\u00e9e de lecture estim\u00e9e":"6 minutes"},"schema":{"@context":"https:\/\/schema.org","@graph":[{"@type":"WebPage","@id":"https:\/\/huissiers-aix.com\/index.php\/nos-services\/","url":"https:\/\/huissiers-aix.com\/index.php\/nos-services\/","name":"Nos services - SCP De Benedictis Coeffard Maurel","isPartOf":{"@id":"https:\/\/huissiers-aix.com\/#website"},"datePublished":"2018-05-08T07:32:12+00:00","dateModified":"2019-02-15T09:35:38+00:00","description":"D\u00e9couvrez nos services, notre Etude exerce quotidiennement des activit\u00e9s juridiques extr\u00eamement diversifi\u00e9es. Officiers publics et minist\u00e9riels, nous sommes investis par l\u2019Etat de missions sp\u00e9cifiques dont nous avons le monopole.","breadcrumb":{"@id":"https:\/\/huissiers-aix.com\/index.php\/nos-services\/#breadcrumb"},"inLanguage":"fr-FR","potentialAction":[{"@type":"ReadAction","target":["https:\/\/huissiers-aix.com\/index.php\/nos-services\/"]}]},{"@type":"BreadcrumbList","@id":"https:\/\/huissiers-aix.com\/index.php\/nos-services\/#breadcrumb","itemListElement":[{"@type":"ListItem","position":1,"name":"Accueil","item":"https:\/\/huissiers-aix.com\/"},{"@type":"ListItem","position":2,"name":"Nos services"}]},{"@type":"WebSite","@id":"https:\/\/huissiers-aix.com\/#website","url":"https:\/\/huissiers-aix.com\/","name":"SCP De Benedictis Coeffard Maurel","description":"Huissiers de Justice \u00e0 Aix en Provence","potentialAction":[{"@type":"SearchAction","target":{"@type":"EntryPoint","urlTemplate":"https:\/\/huissiers-aix.com\/?s={search_term_string}"},"query-input":"required name=search_term_string"}],"inLanguage":"fr-FR"}]}},"_links":{"self":[{"href":"https:\/\/huissiers-aix.com\/index.php\/wp-json\/wp\/v2\/pages\/14","targetHints":{"allow":["GET"]}}],"collection":[{"href":"https:\/\/huissiers-aix.com\/index.php\/wp-json\/wp\/v2\/pages"}],"about":[{"href":"https:\/\/huissiers-aix.com\/index.php\/wp-json\/wp\/v2\/types\/page"}],"author":[{"embeddable":true,"href":"https:\/\/huissiers-aix.com\/index.php\/wp-json\/wp\/v2\/users\/1"}],"replies":[{"embeddable":true,"href":"https:\/\/huissiers-aix.com\/index.php\/wp-json\/wp\/v2\/comments?post=14"}],"version-history":[{"count":21,"href":"https:\/\/huissiers-aix.com\/index.php\/wp-json\/wp\/v2\/pages\/14\/revisions"}],"predecessor-version":[{"id":975,"href":"https:\/\/huissiers-aix.com\/index.php\/wp-json\/wp\/v2\/pages\/14\/revisions\/975"}],"wp:attachment":[{"href":"https:\/\/huissiers-aix.com\/index.php\/wp-json\/wp\/v2\/media?parent=14"}],"curies":[{"name":"wp","href":"https:\/\/api.w.org\/{rel}","templated":true}]}}