{"id":20,"date":"2018-05-08T09:33:40","date_gmt":"2018-05-08T07:33:40","guid":{"rendered":"http:\/\/huissiers-aix.com\/?page_id=20"},"modified":"2018-07-13T17:14:32","modified_gmt":"2018-07-13T15:14:32","slug":"contact","status":"publish","type":"page","link":"https:\/\/huissiers-aix.com\/index.php\/contact\/","title":{"rendered":"Contact"},"content":{"rendered":"<p>[et_pb_section fb_built=&#8221;1&#8243; fullwidth=&#8221;on&#8221; admin_label=&#8221;Hero Section&#8221; _builder_version=&#8221;3.0.98&#8243;][et_pb_fullwidth_header title=&#8221;Contact&#8221; text_orientation=&#8221;center&#8221; background_overlay_color=&#8221;rgba(255,255,255,0.16)&#8221; content_max_width=&#8221;550px&#8221; _builder_version=&#8221;3.2.2&#8243; title_font=&#8221;Merriweather|700||on|||||&#8221; title_text_align=&#8221;left&#8221; title_text_color=&#8221;#ffffff&#8221; title_font_size=&#8221;40px&#8221; title_letter_spacing=&#8221;2px&#8221; title_line_height=&#8221;1.8em&#8221; title_text_shadow_style=&#8221;preset4&#8243; content_font=&#8221;||||||||&#8221; subhead_font=&#8221;Merriweather|||on|||||&#8221; subhead_font_size=&#8221;26px&#8221; subhead_line_height=&#8221;1.4em&#8221; subhead_text_shadow_style=&#8221;preset4&#8243; background_color=&#8221;rgba(255,255,255,0)&#8221; background_image=&#8221;http:\/\/huissiers-aix.com\/wp-content\/uploads\/2018\/05\/aixenprovence.jpg&#8221; parallax=&#8221;on&#8221; parallax_method=&#8221;on&#8221; custom_button_two=&#8221;on&#8221; button_two_border_width=&#8221;1px&#8221; button_two_border_color=&#8221;rgba(255,255,255,0.3)&#8221; button_two_border_radius=&#8221;0px&#8221; button_two_letter_spacing=&#8221;1px&#8221; button_two_font=&#8221;Saira Extra Condensed|600||on|||||&#8221; button_two_icon=&#8221;%%3%%&#8221; button_two_icon_color=&#8221;#edbb5f&#8221; button_two_text_color_hover=&#8221;#edbb5f&#8221; button_two_bg_color_hover=&#8221;rgba(0,0,0,0)&#8221; custom_button_one=&#8221;on&#8221; button_one_bg_color=&#8221;#9f8f60&#8243; button_one_border_width=&#8221;1px&#8221; button_one_border_color=&#8221;rgba(255,255,255,0.3)&#8221; button_one_border_radius=&#8221;0px&#8221; button_one_letter_spacing=&#8221;1px&#8221; button_one_font=&#8221;Saira Extra Condensed|600||on|||||&#8221; button_one_icon=&#8221;%%3%%&#8221; button_one_icon_color=&#8221;#9f8f60&#8243; button_one_text_color_hover=&#8221;#9f8f60&#8243; button_one_bg_color_hover=&#8221;rgba(0,0,0,0)&#8221; button_one_text_shadow_style=&#8221;preset5&#8243; box_shadow_style_button_one=&#8221;preset1&#8243; module_alignment=&#8221;right&#8221; custom_margin=&#8221;|||&#8221; custom_padding=&#8221;8%||260px|&#8221;][\/et_pb_fullwidth_header][\/et_pb_section][et_pb_section fb_built=&#8221;1&#8243; admin_label=&#8221;Services&#8221; _builder_version=&#8221;3.2.2&#8243; background_color=&#8221;rgba(249,249,249,0.68)&#8221; custom_margin=&#8221;|||&#8221; custom_padding=&#8221;2px|0px|32px|0px|false|false&#8221;][et_pb_row custom_padding=&#8221;30px|0px|30px|0px|false|false&#8221; _builder_version=&#8221;3.2.2&#8243;][et_pb_column type=&#8221;4_4&#8243; _builder_version=&#8221;3.2.2&#8243; parallax=&#8221;off&#8221; parallax_method=&#8221;on&#8221;][et_pb_blurb use_icon=&#8221;on&#8221; font_icon=&#8221;%%153%%&#8221; icon_color=&#8221;#9f8f60&#8243; use_icon_font_size=&#8221;on&#8221; icon_font_size=&#8221;70px&#8221; _builder_version=&#8221;3.5&#8243; header_level=&#8221;h2&#8243; header_font=&#8221;Merriweather||||||||&#8221; header_text_align=&#8221;center&#8221; header_font_size=&#8221;31px&#8221; header_line_height=&#8221;1.3em&#8221; body_font=&#8221;Poppins||||||||&#8221; body_text_align=&#8221;justify&#8221; body_font_size=&#8221;18px&#8221; text_orientation=&#8221;justified&#8221;]<\/p>\n<p style=\"text-align: justify;\">Vous souhaitez nous contacter en dehors des heures d&#8217;ouverture de l&#8217;Etude?<\/p>\n<p style=\"text-align: justify;\">Utilisez ce formulaire de contact qui sera imm\u00e9diatement et directement adress\u00e9 au gestionnaire comp\u00e9tent.<\/p>\n<p>[\/et_pb_blurb][\/et_pb_column][\/et_pb_row][et_pb_row custom_padding=&#8221;27px|30px|27px|30px|false|false&#8221; _builder_version=&#8221;3.2.2&#8243;][et_pb_column type=&#8221;4_4&#8243; _builder_version=&#8221;3.2.2&#8243; parallax=&#8221;off&#8221; parallax_method=&#8221;on&#8221;][et_pb_toggle title=&#8221;Contactez-nous&#8221; icon_color=&#8221;rgba(0,0,0,0.46)&#8221; _builder_version=&#8221;3.7&#8243; title_level=&#8221;h3&#8243; title_font=&#8221;Merriweather||||||||&#8221; title_text_align=&#8221;center&#8221; title_text_color=&#8221;#9f8f60&#8243; title_font_size=&#8221;28px&#8221; title_font_size_phone=&#8221;15px&#8221; title_font_size_last_edited=&#8221;on|phone&#8221; body_font=&#8221;||||||||&#8221; body_font_size_phone=&#8221;14px&#8221; body_font_size_last_edited=&#8221;on|phone&#8221; border_radii=&#8221;on|5px|5px|5px|5px&#8221; box_shadow_style=&#8221;preset1&#8243; box_shadow_blur=&#8221;10px&#8221; max_width=&#8221;75%&#8221; max_width_phone=&#8221;100%&#8221; max_width_last_edited=&#8221;on|phone&#8221; module_alignment=&#8221;center&#8221;]\n<div class=\"wpcf7 no-js\" id=\"wpcf7-f264-o1\" lang=\"fr-FR\" dir=\"ltr\">\n<div class=\"screen-reader-response\"><p role=\"status\" aria-live=\"polite\" aria-atomic=\"true\"><\/p> <ul><\/ul><\/div>\n<form action=\"\/index.php\/wp-json\/wp\/v2\/pages\/20#wpcf7-f264-o1\" method=\"post\" class=\"wpcf7-form init\" aria-label=\"Formulaire de contact\" novalidate=\"novalidate\" data-status=\"init\">\n<div style=\"display: none;\">\n<input type=\"hidden\" name=\"_wpcf7\" value=\"264\" \/>\n<input type=\"hidden\" name=\"_wpcf7_version\" value=\"5.7.7\" \/>\n<input type=\"hidden\" name=\"_wpcf7_locale\" value=\"fr_FR\" \/>\n<input type=\"hidden\" name=\"_wpcf7_unit_tag\" value=\"wpcf7-f264-o1\" \/>\n<input type=\"hidden\" name=\"_wpcf7_container_post\" value=\"0\" \/>\n<input type=\"hidden\" name=\"_wpcf7_posted_data_hash\" value=\"\" \/>\n<\/div>\n<p>*champs obligatoires\n<\/p>\n<p><label> Nature de la demande* :<br \/>\n<span class=\"wpcf7-form-control-wrap\" data-name=\"nature-demande\"><select class=\"wpcf7-form-control wpcf7-select wpcf7-validates-as-required\" aria-required=\"true\" aria-invalid=\"false\" name=\"nature-demande\"><option value=\"\">&#8212;Veuillez choisir une option&#8212;<\/option><option value=\"Courrier\">Courrier<\/option><option value=\"Demande de d\u00e9lais de paiement\">Demande de d\u00e9lais de paiement<\/option><option value=\"Demande de renseignements\">Demande de renseignements<\/option><option value=\"Autre\">Autre<\/option><\/select><\/span> <\/label>\n<\/p>\n<p><label> R\u00e9f. du dossier :<br \/>\n<span class=\"wpcf7-form-control-wrap\" data-name=\"ref-dossier-02\"><input size=\"40\" class=\"wpcf7-form-control wpcf7-text\" aria-invalid=\"false\" value=\"\" type=\"text\" name=\"ref-dossier-02\" \/><\/span> <\/label>\n<\/p>\n<p><label> Nom* :<br \/>\n<span class=\"wpcf7-form-control-wrap\" data-name=\"your-name\"><input size=\"40\" class=\"wpcf7-form-control wpcf7-text wpcf7-validates-as-required\" aria-required=\"true\" aria-invalid=\"false\" value=\"\" type=\"text\" name=\"your-name\" \/><\/span> <\/label>\n<\/p>\n<p><label> Ville* :<br \/>\n<span class=\"wpcf7-form-control-wrap\" data-name=\"your-city\"><input size=\"40\" class=\"wpcf7-form-control wpcf7-text wpcf7-validates-as-required\" aria-required=\"true\" aria-invalid=\"false\" value=\"\" type=\"text\" name=\"your-city\" \/><\/span> <\/label>\n<\/p>\n<p><label> T\u00e9l\u00e9phone fixe\/portable :<br \/>\n<span class=\"wpcf7-form-control-wrap\" data-name=\"tel-number\"><input size=\"40\" class=\"wpcf7-form-control wpcf7-text wpcf7-tel wpcf7-validates-as-tel\" aria-invalid=\"false\" value=\"\" type=\"tel\" name=\"tel-number\" \/><\/span> <\/label>\n<\/p>\n<p><label> Email* :<br \/>\n<span class=\"wpcf7-form-control-wrap\" data-name=\"email-913\"><input size=\"40\" class=\"wpcf7-form-control wpcf7-text wpcf7-email wpcf7-validates-as-required wpcf7-validates-as-email\" aria-required=\"true\" aria-invalid=\"false\" value=\"\" type=\"email\" name=\"email-913\" \/><\/span><\/label>\n<\/p>\n<p><label> Message* :<br \/>\n<span class=\"wpcf7-form-control-wrap\" data-name=\"textarea-862\"><textarea cols=\"40\" rows=\"10\" class=\"wpcf7-form-control wpcf7-textarea wpcf7-validates-as-required\" aria-required=\"true\" aria-invalid=\"false\" name=\"textarea-862\"><\/textarea><\/span> <\/label>\n<\/p>\n<p>[recaptcha]\n<\/p>\n<p><span class=\"wpcf7-form-control-wrap wpgdprc\"><span class=\"wpcf7-form-control wpcf7-validates-as-required wpcf7-wpgdprc\"><span class=\"wpcf7-list-item\"><input type=\"checkbox\" name=\"wpgdprc\" value=\"1\" aria-required=\"true\" aria-invalid=\"false\" \/><span class=\"wpcf7-list-item-label\">En utilisant ce formulaire, vous acceptez que nous stockions vos donn\u00e9es sur ce site web<\/span><\/span><\/span>    <\/span>\n<\/p>\n<p><input class=\"wpcf7-form-control has-spinner wpcf7-submit\" type=\"submit\" value=\"Envoyer\" \/>\n<\/p><p style=\"display: none !important;\" class=\"akismet-fields-container\" data-prefix=\"_wpcf7_ak_\"><label>&#916;<textarea name=\"_wpcf7_ak_hp_textarea\" cols=\"45\" rows=\"8\" maxlength=\"100\"><\/textarea><\/label><input type=\"hidden\" id=\"ak_js_1\" name=\"_wpcf7_ak_js\" value=\"219\"\/><script>document.getElementById( \"ak_js_1\" ).setAttribute( \"value\", ( new Date() ).getTime() );<\/script><\/p><div class=\"wpcf7-response-output\" aria-hidden=\"true\"><\/div>\n<\/form>\n<\/div>\n[\/et_pb_toggle][\/et_pb_column][\/et_pb_row][et_pb_row _builder_version=&#8221;3.3.1&#8243;][et_pb_column type=&#8221;4_4&#8243; _builder_version=&#8221;3.3.1&#8243; parallax=&#8221;off&#8221; parallax_method=&#8221;on&#8221;][et_pb_blurb title=&#8221;COORDONNEES&#8221; use_icon=&#8221;on&#8221; font_icon=&#8221;%%122%%&#8221; icon_color=&#8221;#9f8f60&#8243; use_icon_font_size=&#8221;on&#8221; icon_font_size=&#8221;49px&#8221; _builder_version=&#8221;3.5&#8243; header_font=&#8221;Poppins||||||||&#8221; header_text_color=&#8221;#9f8f60&#8243; header_font_size=&#8221;20px&#8221; body_font=&#8221;Poppins||||||||&#8221; text_orientation=&#8221;center&#8221;]<\/p>\n<p>Le Mansard \u2013 entr\u00e9e C 2e etage \u2013 1 place Martin Luther King<br \/>13090 Aix-En-Provence<br \/>tel: 04 42 52 54 00 \u2013 fax: 04 42 52 54 01<\/p>\n<p>[\/et_pb_blurb][\/et_pb_column][\/et_pb_row][\/et_pb_section]<\/p>\n","protected":false},"excerpt":{"rendered":"<p>Vous souhaitez nous contacter en dehors des heures d&#8217;ouverture de l&#8217;Etude? Utilisez ce formulaire de contact qui sera imm\u00e9diatement et directement adress\u00e9 au gestionnaire comp\u00e9tent. \n<div class=\"wpcf7 no-js\" id=\"wpcf7-f264-o2\" lang=\"fr-FR\" dir=\"ltr\">\n<div class=\"screen-reader-response\"><p role=\"status\" aria-live=\"polite\" aria-atomic=\"true\"><\/p> <ul><\/ul><\/div>\n<form action=\"\/index.php\/wp-json\/wp\/v2\/pages\/20#wpcf7-f264-o2\" method=\"post\" class=\"wpcf7-form init\" aria-label=\"Formulaire de contact\" novalidate=\"novalidate\" data-status=\"init\">\n<div style=\"display: none;\">\n<input type=\"hidden\" name=\"_wpcf7\" value=\"264\" \/>\n<input type=\"hidden\" name=\"_wpcf7_version\" value=\"5.7.7\" \/>\n<input type=\"hidden\" name=\"_wpcf7_locale\" value=\"fr_FR\" \/>\n<input type=\"hidden\" name=\"_wpcf7_unit_tag\" value=\"wpcf7-f264-o2\" \/>\n<input type=\"hidden\" name=\"_wpcf7_container_post\" value=\"0\" \/>\n<input type=\"hidden\" name=\"_wpcf7_posted_data_hash\" value=\"\" \/>\n<\/div>\n<p>*champs obligatoires\n<\/p>\n<p><label> Nature de la demande* :<br \/>\n<span class=\"wpcf7-form-control-wrap\" data-name=\"nature-demande\"><select class=\"wpcf7-form-control wpcf7-select wpcf7-validates-as-required\" aria-required=\"true\" aria-invalid=\"false\" name=\"nature-demande\"><option value=\"\">&#8212;Veuillez choisir une option&#8212;<\/option><option value=\"Courrier\">Courrier<\/option><option value=\"Demande de d\u00e9lais de paiement\">Demande de d\u00e9lais de paiement<\/option><option value=\"Demande de renseignements\">Demande de renseignements<\/option><option value=\"Autre\">Autre<\/option><\/select><\/span> <\/label>\n<\/p>\n<p><label> R\u00e9f. du dossier :<br \/>\n<span class=\"wpcf7-form-control-wrap\" data-name=\"ref-dossier-02\"><input size=\"40\" class=\"wpcf7-form-control wpcf7-text\" aria-invalid=\"false\" value=\"\" type=\"text\" name=\"ref-dossier-02\" \/><\/span> <\/label>\n<\/p>\n<p><label> Nom* :<br \/>\n<span class=\"wpcf7-form-control-wrap\" data-name=\"your-name\"><input size=\"40\" class=\"wpcf7-form-control wpcf7-text wpcf7-validates-as-required\" aria-required=\"true\" aria-invalid=\"false\" value=\"\" type=\"text\" name=\"your-name\" \/><\/span> <\/label>\n<\/p>\n<p><label> Ville* :<br \/>\n<span class=\"wpcf7-form-control-wrap\" data-name=\"your-city\"><input size=\"40\" class=\"wpcf7-form-control wpcf7-text wpcf7-validates-as-required\" aria-required=\"true\" aria-invalid=\"false\" value=\"\" type=\"text\" name=\"your-city\" \/><\/span> <\/label>\n<\/p>\n<p><label> T\u00e9l\u00e9phone fixe\/portable :<br \/>\n<span class=\"wpcf7-form-control-wrap\" data-name=\"tel-number\"><input size=\"40\" class=\"wpcf7-form-control wpcf7-text wpcf7-tel wpcf7-validates-as-tel\" aria-invalid=\"false\" value=\"\" type=\"tel\" name=\"tel-number\" \/><\/span> <\/label>\n<\/p>\n<p><label> Email* :<br \/>\n<span class=\"wpcf7-form-control-wrap\" data-name=\"email-913\"><input size=\"40\" class=\"wpcf7-form-control wpcf7-text wpcf7-email wpcf7-validates-as-required wpcf7-validates-as-email\" aria-required=\"true\" aria-invalid=\"false\" value=\"\" type=\"email\" name=\"email-913\" \/><\/span><\/label>\n<\/p>\n<p><label> Message* :<br \/>\n<span class=\"wpcf7-form-control-wrap\" data-name=\"textarea-862\"><textarea cols=\"40\" rows=\"10\" class=\"wpcf7-form-control wpcf7-textarea wpcf7-validates-as-required\" aria-required=\"true\" aria-invalid=\"false\" name=\"textarea-862\"><\/textarea><\/span> <\/label>\n<\/p>\n<p>[recaptcha]\n<\/p>\n<p><span class=\"wpcf7-form-control-wrap wpgdprc\"><span class=\"wpcf7-form-control wpcf7-validates-as-required wpcf7-wpgdprc\"><span class=\"wpcf7-list-item\"><input type=\"checkbox\" name=\"wpgdprc\" value=\"1\" aria-required=\"true\" aria-invalid=\"false\" \/><span class=\"wpcf7-list-item-label\">En utilisant ce formulaire, vous acceptez que nous stockions vos donn\u00e9es sur ce site web<\/span><\/span><\/span>    <\/span>\n<\/p>\n<p><input class=\"wpcf7-form-control has-spinner wpcf7-submit\" type=\"submit\" value=\"Envoyer\" \/>\n<\/p><p style=\"display: none !important;\" class=\"akismet-fields-container\" data-prefix=\"_wpcf7_ak_\"><label>&#916;<textarea name=\"_wpcf7_ak_hp_textarea\" cols=\"45\" rows=\"8\" maxlength=\"100\"><\/textarea><\/label><input type=\"hidden\" id=\"ak_js_2\" name=\"_wpcf7_ak_js\" value=\"245\"\/><script>document.getElementById( \"ak_js_2\" ).setAttribute( \"value\", ( new Date() ).getTime() );<\/script><\/p><div class=\"wpcf7-response-output\" aria-hidden=\"true\"><\/div>\n<\/form>\n<\/div>\nLe Mansard \u2013 entr\u00e9e C 2e etage \u2013 1 place Martin Luther King13090 Aix-En-Provencetel: 04 42 52 54 00 \u2013 fax: 04 42 52 54 01<\/p>\n","protected":false},"author":1,"featured_media":0,"parent":0,"menu_order":0,"comment_status":"closed","ping_status":"closed","template":"","meta":{"_et_pb_use_builder":"on","_et_pb_old_content":"","_et_gb_content_width":"","_monsterinsights_skip_tracking":false,"_monsterinsights_sitenote_active":false,"_monsterinsights_sitenote_note":"","_monsterinsights_sitenote_category":0,"footnotes":""},"class_list":["post-20","page","type-page","status-publish","hentry"],"yoast_head":"<!-- This site is optimized with the Yoast SEO plugin v23.0 - https:\/\/yoast.com\/wordpress\/plugins\/seo\/ -->\n<title>Contact - SCP De Benedictis Coeffard Maurel<\/title>\n<meta name=\"description\" content=\"Vous souhaitez nous contacter en dehors des heures d\u2019ouverture de l\u2019Etude? Utilisez ce formulaire de contact qui sera imm\u00e9diatement et directement adress\u00e9 au gestionnaire comp\u00e9tent.\" \/>\n<meta name=\"robots\" content=\"index, follow, max-snippet:-1, max-image-preview:large, max-video-preview:-1\" \/>\n<link rel=\"canonical\" href=\"https:\/\/huissiers-aix.com\/index.php\/contact\/\" \/>\n<meta property=\"og:locale\" content=\"fr_FR\" \/>\n<meta property=\"og:type\" content=\"article\" \/>\n<meta property=\"og:title\" content=\"Contact - SCP De Benedictis Coeffard Maurel\" \/>\n<meta property=\"og:description\" content=\"Vous souhaitez nous contacter en dehors des heures d\u2019ouverture de l\u2019Etude? Utilisez ce formulaire de contact qui sera imm\u00e9diatement et directement adress\u00e9 au gestionnaire comp\u00e9tent.\" \/>\n<meta property=\"og:url\" content=\"https:\/\/huissiers-aix.com\/index.php\/contact\/\" \/>\n<meta property=\"og:site_name\" content=\"SCP De Benedictis Coeffard Maurel\" \/>\n<meta property=\"article:modified_time\" content=\"2018-07-13T15:14:32+00:00\" \/>\n<meta name=\"twitter:card\" content=\"summary_large_image\" \/>\n<meta name=\"twitter:label1\" content=\"Dur\u00e9e de lecture estim\u00e9e\" \/>\n\t<meta name=\"twitter:data1\" content=\"3 minutes\" \/>\n<script type=\"application\/ld+json\" class=\"yoast-schema-graph\">{\"@context\":\"https:\/\/schema.org\",\"@graph\":[{\"@type\":\"WebPage\",\"@id\":\"https:\/\/huissiers-aix.com\/index.php\/contact\/\",\"url\":\"https:\/\/huissiers-aix.com\/index.php\/contact\/\",\"name\":\"Contact - SCP De Benedictis Coeffard Maurel\",\"isPartOf\":{\"@id\":\"https:\/\/huissiers-aix.com\/#website\"},\"datePublished\":\"2018-05-08T07:33:40+00:00\",\"dateModified\":\"2018-07-13T15:14:32+00:00\",\"description\":\"Vous souhaitez nous contacter en dehors des heures d\u2019ouverture de l\u2019Etude? Utilisez ce formulaire de contact qui sera imm\u00e9diatement et directement adress\u00e9 au gestionnaire comp\u00e9tent.\",\"breadcrumb\":{\"@id\":\"https:\/\/huissiers-aix.com\/index.php\/contact\/#breadcrumb\"},\"inLanguage\":\"fr-FR\",\"potentialAction\":[{\"@type\":\"ReadAction\",\"target\":[\"https:\/\/huissiers-aix.com\/index.php\/contact\/\"]}]},{\"@type\":\"BreadcrumbList\",\"@id\":\"https:\/\/huissiers-aix.com\/index.php\/contact\/#breadcrumb\",\"itemListElement\":[{\"@type\":\"ListItem\",\"position\":1,\"name\":\"Accueil\",\"item\":\"https:\/\/huissiers-aix.com\/\"},{\"@type\":\"ListItem\",\"position\":2,\"name\":\"Contact\"}]},{\"@type\":\"WebSite\",\"@id\":\"https:\/\/huissiers-aix.com\/#website\",\"url\":\"https:\/\/huissiers-aix.com\/\",\"name\":\"SCP De Benedictis Coeffard Maurel\",\"description\":\"Huissiers de Justice \u00e0 Aix en Provence\",\"potentialAction\":[{\"@type\":\"SearchAction\",\"target\":{\"@type\":\"EntryPoint\",\"urlTemplate\":\"https:\/\/huissiers-aix.com\/?s={search_term_string}\"},\"query-input\":\"required name=search_term_string\"}],\"inLanguage\":\"fr-FR\"}]}<\/script>\n<!-- \/ Yoast SEO plugin. -->","yoast_head_json":{"title":"Contact - SCP De Benedictis Coeffard Maurel","description":"Vous souhaitez nous contacter en dehors des heures d\u2019ouverture de l\u2019Etude? Utilisez ce formulaire de contact qui sera imm\u00e9diatement et directement adress\u00e9 au gestionnaire comp\u00e9tent.","robots":{"index":"index","follow":"follow","max-snippet":"max-snippet:-1","max-image-preview":"max-image-preview:large","max-video-preview":"max-video-preview:-1"},"canonical":"https:\/\/huissiers-aix.com\/index.php\/contact\/","og_locale":"fr_FR","og_type":"article","og_title":"Contact - SCP De Benedictis Coeffard Maurel","og_description":"Vous souhaitez nous contacter en dehors des heures d\u2019ouverture de l\u2019Etude? Utilisez ce formulaire de contact qui sera imm\u00e9diatement et directement adress\u00e9 au gestionnaire comp\u00e9tent.","og_url":"https:\/\/huissiers-aix.com\/index.php\/contact\/","og_site_name":"SCP De Benedictis Coeffard Maurel","article_modified_time":"2018-07-13T15:14:32+00:00","twitter_card":"summary_large_image","twitter_misc":{"Dur\u00e9e de lecture estim\u00e9e":"3 minutes"},"schema":{"@context":"https:\/\/schema.org","@graph":[{"@type":"WebPage","@id":"https:\/\/huissiers-aix.com\/index.php\/contact\/","url":"https:\/\/huissiers-aix.com\/index.php\/contact\/","name":"Contact - SCP De Benedictis Coeffard Maurel","isPartOf":{"@id":"https:\/\/huissiers-aix.com\/#website"},"datePublished":"2018-05-08T07:33:40+00:00","dateModified":"2018-07-13T15:14:32+00:00","description":"Vous souhaitez nous contacter en dehors des heures d\u2019ouverture de l\u2019Etude? Utilisez ce formulaire de contact qui sera imm\u00e9diatement et directement adress\u00e9 au gestionnaire comp\u00e9tent.","breadcrumb":{"@id":"https:\/\/huissiers-aix.com\/index.php\/contact\/#breadcrumb"},"inLanguage":"fr-FR","potentialAction":[{"@type":"ReadAction","target":["https:\/\/huissiers-aix.com\/index.php\/contact\/"]}]},{"@type":"BreadcrumbList","@id":"https:\/\/huissiers-aix.com\/index.php\/contact\/#breadcrumb","itemListElement":[{"@type":"ListItem","position":1,"name":"Accueil","item":"https:\/\/huissiers-aix.com\/"},{"@type":"ListItem","position":2,"name":"Contact"}]},{"@type":"WebSite","@id":"https:\/\/huissiers-aix.com\/#website","url":"https:\/\/huissiers-aix.com\/","name":"SCP De Benedictis Coeffard Maurel","description":"Huissiers de Justice \u00e0 Aix en Provence","potentialAction":[{"@type":"SearchAction","target":{"@type":"EntryPoint","urlTemplate":"https:\/\/huissiers-aix.com\/?s={search_term_string}"},"query-input":"required name=search_term_string"}],"inLanguage":"fr-FR"}]}},"_links":{"self":[{"href":"https:\/\/huissiers-aix.com\/index.php\/wp-json\/wp\/v2\/pages\/20","targetHints":{"allow":["GET"]}}],"collection":[{"href":"https:\/\/huissiers-aix.com\/index.php\/wp-json\/wp\/v2\/pages"}],"about":[{"href":"https:\/\/huissiers-aix.com\/index.php\/wp-json\/wp\/v2\/types\/page"}],"author":[{"embeddable":true,"href":"https:\/\/huissiers-aix.com\/index.php\/wp-json\/wp\/v2\/users\/1"}],"replies":[{"embeddable":true,"href":"https:\/\/huissiers-aix.com\/index.php\/wp-json\/wp\/v2\/comments?post=20"}],"version-history":[{"count":22,"href":"https:\/\/huissiers-aix.com\/index.php\/wp-json\/wp\/v2\/pages\/20\/revisions"}],"predecessor-version":[{"id":749,"href":"https:\/\/huissiers-aix.com\/index.php\/wp-json\/wp\/v2\/pages\/20\/revisions\/749"}],"wp:attachment":[{"href":"https:\/\/huissiers-aix.com\/index.php\/wp-json\/wp\/v2\/media?parent=20"}],"curies":[{"name":"wp","href":"https:\/\/api.w.org\/{rel}","templated":true}]}}