{"id":28,"date":"2018-05-08T09:43:16","date_gmt":"2018-05-08T07:43:16","guid":{"rendered":"http:\/\/huissiers-aix.com\/?page_id=28"},"modified":"2018-07-27T10:12:57","modified_gmt":"2018-07-27T08:12:57","slug":"conseils-juridiques","status":"publish","type":"page","link":"https:\/\/huissiers-aix.com\/index.php\/conseils-juridiques\/","title":{"rendered":"Conseils juridiques"},"content":{"rendered":"<p>[et_pb_section fb_built=&#8221;1&#8243; fullwidth=&#8221;on&#8221; admin_label=&#8221;Hero Section&#8221; _builder_version=&#8221;3.0.98&#8243;][et_pb_fullwidth_header title=&#8221;Nos Services&#8221; subhead=&#8221;Conseils juridiques&#8221; text_orientation=&#8221;center&#8221; background_overlay_color=&#8221;rgba(255,255,255,0.16)&#8221; content_max_width=&#8221;550px&#8221; _builder_version=&#8221;3.2.2&#8243; title_font=&#8221;Merriweather|700||on|||||&#8221; title_text_align=&#8221;left&#8221; title_text_color=&#8221;#ffffff&#8221; title_font_size=&#8221;40px&#8221; title_letter_spacing=&#8221;2px&#8221; title_line_height=&#8221;1.8em&#8221; title_text_shadow_style=&#8221;preset4&#8243; content_font=&#8221;||||||||&#8221; subhead_font=&#8221;Merriweather|||on|||||&#8221; subhead_font_size=&#8221;26px&#8221; subhead_line_height=&#8221;1.4em&#8221; subhead_text_shadow_style=&#8221;preset4&#8243; background_color=&#8221;rgba(255,255,255,0)&#8221; background_image=&#8221;https:\/\/huissiers-aix.com\/wp-content\/uploads\/2018\/05\/service_huissiers_aix.jpg&#8221; parallax=&#8221;on&#8221; parallax_method=&#8221;on&#8221; custom_button_two=&#8221;on&#8221; button_two_border_width=&#8221;1px&#8221; button_two_border_color=&#8221;rgba(255,255,255,0.3)&#8221; button_two_border_radius=&#8221;0px&#8221; button_two_letter_spacing=&#8221;1px&#8221; button_two_font=&#8221;Saira Extra Condensed|600||on|||||&#8221; button_two_icon=&#8221;%%3%%&#8221; button_two_icon_color=&#8221;#edbb5f&#8221; button_two_text_color_hover=&#8221;#edbb5f&#8221; button_two_bg_color_hover=&#8221;rgba(0,0,0,0)&#8221; custom_button_one=&#8221;on&#8221; button_one_bg_color=&#8221;#9f8f60&#8243; button_one_border_width=&#8221;1px&#8221; button_one_border_color=&#8221;rgba(255,255,255,0.3)&#8221; button_one_border_radius=&#8221;0px&#8221; button_one_letter_spacing=&#8221;1px&#8221; button_one_font=&#8221;Saira Extra Condensed|600||on|||||&#8221; button_one_icon=&#8221;%%3%%&#8221; button_one_icon_color=&#8221;#9f8f60&#8243; button_one_text_color_hover=&#8221;#9f8f60&#8243; button_one_bg_color_hover=&#8221;rgba(0,0,0,0)&#8221; button_one_text_shadow_style=&#8221;preset5&#8243; box_shadow_style_button_one=&#8221;preset1&#8243; module_alignment=&#8221;right&#8221; custom_margin=&#8221;|||&#8221; custom_padding=&#8221;8%||260px|&#8221;][\/et_pb_fullwidth_header][\/et_pb_section][et_pb_section fb_built=&#8221;1&#8243; admin_label=&#8221;Services&#8221; _builder_version=&#8221;3.2.2&#8243; background_color=&#8221;rgba(249,249,249,0.68)&#8221; custom_margin=&#8221;|||&#8221; custom_padding=&#8221;2px|0px|32px|0px|false|false&#8221;][et_pb_row custom_padding=&#8221;30px|0px|27px|0px|false|false&#8221; _builder_version=&#8221;3.2.2&#8243;][et_pb_column type=&#8221;4_4&#8243; _builder_version=&#8221;3.0.47&#8243; parallax=&#8221;off&#8221; parallax_method=&#8221;on&#8221;][et_pb_blurb title=&#8221;Le conseil juridique aux particuliers et professionnels&#8221; _builder_version=&#8221;3.10.1&#8243; header_level=&#8221;h2&#8243; header_font=&#8221;Merriweather||||||||&#8221; header_text_align=&#8221;center&#8221; header_font_size=&#8221;31px&#8221; header_line_height=&#8221;1.3em&#8221; body_font=&#8221;Poppins||||||||&#8221; body_font_size=&#8221;18px&#8221; text_orientation=&#8221;justified&#8221;]Juristes de proximit\u00e9 et disponibles imm\u00e9diatement, nous assumons au sein de notre Etude plus de 300 consultations juridiques par an et ce dans des domaines tr\u00e8s vari\u00e9s du droit.<\/p>\n<p>Nous sommes l\u00e0 pour vous guider et vous apporter des solutions simples et rapides dans la pr\u00e9vention et la gestion des situations conflictuelles soit \u00e0 titre priv\u00e9 soit \u00e0 titre professionnel.<br \/>\n[\/et_pb_blurb][et_pb_toggle title=&#8221;Consultation juridique en ligne&#8221; icon_color=&#8221;rgba(0,0,0,0.41)&#8221; _builder_version=&#8221;3.5&#8243; title_level=&#8221;h3&#8243; title_font=&#8221;Merriweather||||||||&#8221; title_text_align=&#8221;center&#8221; title_text_color=&#8221;#9f8f60&#8243; border_radii=&#8221;on|5px|5px|5px|5px&#8221; border_width_all=&#8221;0px&#8221; border_color_all=&#8221;#000000&#8243; box_shadow_style=&#8221;preset1&#8243; box_shadow_blur=&#8221;10px&#8221; max_width=&#8221;75%&#8221; max_width_last_edited=&#8221;on|desktop&#8221; module_alignment=&#8221;center&#8221; custom_margin=&#8221;|||&#8221; animation_style=&#8221;zoom&#8221;] \n<div class=\"wpcf7 no-js\" id=\"wpcf7-f352-o1\" lang=\"fr-FR\" dir=\"ltr\">\n<div class=\"screen-reader-response\"><p role=\"status\" aria-live=\"polite\" aria-atomic=\"true\"><\/p> <ul><\/ul><\/div>\n<form action=\"\/index.php\/wp-json\/wp\/v2\/pages\/28#wpcf7-f352-o1\" method=\"post\" class=\"wpcf7-form init\" aria-label=\"Formulaire de contact\" novalidate=\"novalidate\" data-status=\"init\">\n<div style=\"display: none;\">\n<input type=\"hidden\" name=\"_wpcf7\" value=\"352\" \/>\n<input type=\"hidden\" name=\"_wpcf7_version\" value=\"5.7.7\" \/>\n<input type=\"hidden\" name=\"_wpcf7_locale\" value=\"fr_FR\" \/>\n<input type=\"hidden\" name=\"_wpcf7_unit_tag\" value=\"wpcf7-f352-o1\" \/>\n<input type=\"hidden\" name=\"_wpcf7_container_post\" value=\"0\" \/>\n<input type=\"hidden\" name=\"_wpcf7_posted_data_hash\" value=\"\" \/>\n<\/div>\n<p>Bienvenue sur notre espace de consultation juridique en ligne.<br \/>\nPour poser votre question merci de remplir les champs ci-dessous (* champs obligatoires).<br \/>\nN'h\u00e9sitez pas \u00e0 approfondir votre probl\u00e8me juridique. Donnez nous le plus de d\u00e9tails possibles afin de vous offrir un conseil juridique le plus complet.<br \/>\nPour r\u00e9gler la consultation juridique en ligne, dirigez-vous vers l'onglet paiement en ligne en pr\u00e9cisant la nature du r\u00e8glement.\n<\/p>\n<p>Vos coordonn\u00e9es\n<\/p>\n<p><label> Nom - Pr\u00e9nom* :<br \/>\n<span class=\"wpcf7-form-control-wrap\" data-name=\"nom-prenom\"><input size=\"40\" class=\"wpcf7-form-control wpcf7-text wpcf7-validates-as-required\" aria-required=\"true\" aria-invalid=\"false\" value=\"\" type=\"text\" name=\"nom-prenom\" \/><\/span> <\/label>\n<\/p>\n<p><label> Adresse :<br \/>\n<span class=\"wpcf7-form-control-wrap\" data-name=\"adresse\"><input size=\"40\" class=\"wpcf7-form-control wpcf7-text\" aria-invalid=\"false\" value=\"\" type=\"text\" name=\"adresse\" \/><\/span> <\/label>\n<\/p>\n<p><label> Code postal :<br \/>\n<span class=\"wpcf7-form-control-wrap\" data-name=\"code-postal\"><input size=\"40\" class=\"wpcf7-form-control wpcf7-text\" aria-invalid=\"false\" value=\"\" type=\"text\" name=\"code-postal\" \/><\/span> <\/label>\n<\/p>\n<p><label> Ville :<br \/>\n<span class=\"wpcf7-form-control-wrap\" data-name=\"Ville\"><input size=\"40\" class=\"wpcf7-form-control wpcf7-text\" aria-invalid=\"false\" value=\"\" type=\"text\" name=\"Ville\" \/><\/span> <\/label>\n<\/p>\n<p><label> T\u00e9l.* :<br \/>\n<span class=\"wpcf7-form-control-wrap\" data-name=\"telephone\"><input size=\"40\" class=\"wpcf7-form-control wpcf7-text wpcf7-tel wpcf7-validates-as-required wpcf7-validates-as-tel\" aria-required=\"true\" aria-invalid=\"false\" value=\"\" type=\"tel\" name=\"telephone\" \/><\/span> <\/label>\n<\/p>\n<p><label> Fax :<br \/>\n<span class=\"wpcf7-form-control-wrap\" data-name=\"fax\"><input size=\"40\" class=\"wpcf7-form-control wpcf7-text\" aria-invalid=\"false\" value=\"\" type=\"text\" name=\"fax\" \/><\/span> <\/label>\n<\/p>\n<p><label> Email* :<br \/>\n<span class=\"wpcf7-form-control-wrap\" data-name=\"email\"><input size=\"40\" class=\"wpcf7-form-control wpcf7-text wpcf7-email wpcf7-validates-as-required wpcf7-validates-as-email\" aria-required=\"true\" aria-invalid=\"false\" value=\"\" type=\"email\" name=\"email\" \/><\/span> <\/label>\n<\/p>\n<p><label> Confirmation email* :<br \/>\n<span class=\"wpcf7-form-control-wrap\" data-name=\"confirm-email\"><input size=\"40\" class=\"wpcf7-form-control wpcf7-text wpcf7-email wpcf7-validates-as-required wpcf7-validates-as-email\" aria-required=\"true\" aria-invalid=\"false\" value=\"\" type=\"email\" name=\"confirm-email\" \/><\/span> <\/label>\n<\/p>\n<p>Votre question\n<\/p>\n<p><label> Rubriques* :<br \/>\n<span class=\"wpcf7-form-control-wrap\" data-name=\"rubriques\"><select class=\"wpcf7-form-control wpcf7-select wpcf7-validates-as-required\" aria-required=\"true\" aria-invalid=\"false\" name=\"rubriques\"><option value=\"\">&#8212;Veuillez choisir une option&#8212;<\/option><option value=\"Constat\/cong\u00e9s locatifs (25 euros)\">Constat\/cong\u00e9s locatifs (25 euros)<\/option><option value=\"Pensions alimentaires (25 euros)\">Pensions alimentaires (25 euros)<\/option><option value=\"Questions diverses (25 euros)\">Questions diverses (25 euros)<\/option><option value=\"Recouvrement tous types de cr\u00e9ance (25 euros)\">Recouvrement tous types de cr\u00e9ance (25 euros)<\/option><\/select><\/span> <\/label>\n<\/p>\n<p><label> Question* :<br \/>\n<span class=\"wpcf7-form-control-wrap\" data-name=\"question\"><textarea cols=\"40\" rows=\"10\" class=\"wpcf7-form-control wpcf7-textarea wpcf7-validates-as-required\" aria-required=\"true\" aria-invalid=\"false\" name=\"question\"><\/textarea><\/span> <\/label>\n<\/p>\n<p>[recaptcha]\n<\/p>\n<p><span class=\"wpcf7-form-control-wrap wpgdprc\"><span class=\"wpcf7-form-control wpcf7-validates-as-required wpcf7-wpgdprc\"><span class=\"wpcf7-list-item\"><input type=\"checkbox\" name=\"wpgdprc\" value=\"1\" aria-required=\"true\" aria-invalid=\"false\" \/><span class=\"wpcf7-list-item-label\">En utilisant ce formulaire, vous acceptez que nous stockions vos donn\u00e9es sur ce site web<\/span><\/span><\/span>    <\/span>\n<\/p>\n<p><input class=\"wpcf7-form-control has-spinner wpcf7-submit\" type=\"submit\" value=\"Envoyer\" \/>\n<\/p><p style=\"display: none !important;\" class=\"akismet-fields-container\" data-prefix=\"_wpcf7_ak_\"><label>&#916;<textarea name=\"_wpcf7_ak_hp_textarea\" cols=\"45\" rows=\"8\" maxlength=\"100\"><\/textarea><\/label><input type=\"hidden\" id=\"ak_js_1\" name=\"_wpcf7_ak_js\" value=\"127\"\/><script>document.getElementById( \"ak_js_1\" ).setAttribute( \"value\", ( new Date() ).getTime() );<\/script><\/p><div class=\"wpcf7-response-output\" aria-hidden=\"true\"><\/div>\n<\/form>\n<\/div>\n [\/et_pb_toggle][\/et_pb_column][\/et_pb_row][et_pb_row _builder_version=&#8221;3.2.2&#8243;][et_pb_column type=&#8221;1_2&#8243; _builder_version=&#8221;3.0.47&#8243; parallax=&#8221;off&#8221; parallax_method=&#8221;on&#8221;][et_pb_blurb title=&#8221;Vous \u00eates un particulier :&#8221; _builder_version=&#8221;3.2.2&#8243; header_level=&#8221;h3&#8243; header_font=&#8221;Merriweather|700|||||||&#8221; header_text_color=&#8221;#9f8f60&#8243; header_font_size=&#8221;28px&#8221; header_line_height=&#8221;1.4em&#8221; body_font=&#8221;Poppins|300|||||||&#8221; body_font_size=&#8221;16px&#8221;]Le droit est partout dans votre quotidien : dans vos rapports avec votre famille, vos voisins, vos locataires, les commer\u00e7ants\u2026<\/p>\n<p><strong>Dans votre vie quotidienne :<\/strong><\/p>\n<p>Pr\u00e9servation <strong>de vos droits<\/strong> et protection de votre <strong>patrimoine<\/strong>,<br \/>\nR\u00e8glement des <strong>conflits de voisinage<\/strong>,<br \/>\nV\u00e9rification de l\u2019absence de <strong>clause abusive<\/strong> dans un contrat,<br \/>\nConstatation de la <strong>non-conformit\u00e9 d\u2019une marchandise<\/strong> livr\u00e9e,<\/p>\n<p><strong>Dans vos rapports locatifs :<\/strong><\/p>\n<p>Assistance dans la r\u00e9daction des <strong>baux d\u2019habitation<\/strong>, r\u00e9alisation d\u2019<strong>\u00e9tats des lieux<\/strong>,<br \/>\nR\u00e8glement des conflits <strong>propri\u00e9taires \/ locataires<\/strong>,<br \/>\nConseil sur la forme et les d\u00e9lais du <strong>cong\u00e9<\/strong>,<br \/>\nInformation sur les pr\u00e9cautions \u00e0 prendre avant <strong>travaux<\/strong>,<br \/>\nRecherche de solutions adapt\u00e9es en cas de <strong>loyers impay\u00e9s<\/strong> ou de <strong>retards de paiement<\/strong>,<\/p>\n<p><strong>Dans vos rapports familiaux et conjugaux :<\/strong><\/p>\n<p>Information sur les droits et obligations n\u00e9s du <strong>PACS<\/strong> ou de l\u2019<strong>union libre<\/strong>,<br \/>\nAssistance dans la r\u00e9daction de la <strong>convention de PACS<\/strong> ou sa d\u00e9nonciation,<br \/>\nConstatation d\u2019<strong>abandon du domicile<\/strong>,<br \/>\nAssistance pour obtenir le versement r\u00e9gulier d\u2019une <strong>pension alimentaire<\/strong>,<br \/>\nAssistance pou faire respecter le <strong>droit de visite<\/strong>.<br \/>\n[\/et_pb_blurb][\/et_pb_column][et_pb_column type=&#8221;1_2&#8243; _builder_version=&#8221;3.0.47&#8243; parallax=&#8221;off&#8221; parallax_method=&#8221;on&#8221;][et_pb_blurb title=&#8221;Pour les professionnels :&#8221; _builder_version=&#8221;3.2.2&#8243; header_level=&#8221;h3&#8243; header_font=&#8221;Merriweather|700|||||||&#8221; header_text_color=&#8221;#9f8f60&#8243; header_font_size=&#8221;28px&#8221; header_line_height=&#8221;1.4em&#8221; body_font=&#8221;Poppins|300|||||||&#8221; body_font_size=&#8221;17px&#8221;]Les r\u00e8gles juridiques qui entourent le monde des affaires n\u00e9cessitent de plus en plus souvent l\u2019avis \u00e9clair\u00e9 de juristes.<\/p>\n<p>Notre pratique av\u00e9r\u00e9e des affaires contentieuses et notre parfaite connaissance du tissu \u00e9conomique local nous permettent de vous donner des <span style=\"text-decoration: underline;\">conseils adapt\u00e9s<\/span> en ce domaine (droit des soci\u00e9t\u00e9s, droit du travail, proc\u00e9dures collectives) et de vous assister dans <span style=\"text-decoration: underline;\">tous les actes importants de la vie de votre entreprise<\/span>.<\/p>\n<p>Conseil et assistance pour la <strong>constitution des statuts<\/strong>, la r\u00e9daction des <strong>baux<\/strong>,<br \/>\nGarantie de vos droits en mati\u00e8re de <strong>propri\u00e9t\u00e9 intellectuelle ou industrielle<\/strong>,<br \/>\nGarantie de vos <strong>contrats<\/strong>, clauses de <strong>r\u00e9serve de propri\u00e9t\u00e9<\/strong>,<br \/>\nAssistance dans les <strong>protocoles d\u2019accord et transactionnels<\/strong>,<br \/>\nGestion des <strong>conflits salariaux<\/strong>,<br \/>\nConseil et mise en \u0153uvre du recouvrement des <strong>impay\u00e9s<\/strong>,<br \/>\nPr\u00e9servation de vos droits par la mise en place de <strong>mesures conservatoires<\/strong>,<br \/>\nNous pouvons <strong>vous conseiller<\/strong> sur de nombreux autres points, aussi vous ne devez pas h\u00e9siter \u00e0 faire appel \u00e0 nous.<br \/>\n[\/et_pb_blurb][\/et_pb_column][\/et_pb_row][\/et_pb_section]<\/p>\n","protected":false},"excerpt":{"rendered":"<p>Juristes de proximit\u00e9 et disponibles imm\u00e9diatement, nous assumons au sein de notre Etude plus de 300 consultations juridiques par an et ce dans des domaines tr\u00e8s vari\u00e9s du droit. Nous sommes l\u00e0 pour vous guider et vous apporter des solutions simples et rapides dans la pr\u00e9vention et la gestion des situations conflictuelles soit \u00e0 titre [&hellip;]<\/p>\n","protected":false},"author":1,"featured_media":0,"parent":0,"menu_order":0,"comment_status":"closed","ping_status":"closed","template":"","meta":{"_et_pb_use_builder":"on","_et_pb_old_content":"","_et_gb_content_width":"","_monsterinsights_skip_tracking":false,"_monsterinsights_sitenote_active":false,"_monsterinsights_sitenote_note":"","_monsterinsights_sitenote_category":0,"footnotes":""},"class_list":["post-28","page","type-page","status-publish","hentry"],"yoast_head":"<!-- This site is optimized with the Yoast SEO plugin v23.0 - https:\/\/yoast.com\/wordpress\/plugins\/seo\/ -->\n<title>Conseils juridiques - SCP De Benedictis Coeffard Maurel<\/title>\n<meta name=\"description\" content=\"Conseils juridiques aux particuliers et aux professionnels. La SCP De Benedictis Coeffard Maurel vous guide et vous apporte des solutions simples et rapides dans la pr\u00e9vention et la gestion des situations conflictuelles soit \u00e0 titre priv\u00e9 soit \u00e0 titre professionnel.\" \/>\n<meta name=\"robots\" content=\"index, follow, max-snippet:-1, max-image-preview:large, max-video-preview:-1\" \/>\n<link rel=\"canonical\" href=\"https:\/\/huissiers-aix.com\/index.php\/conseils-juridiques\/\" \/>\n<meta property=\"og:locale\" content=\"fr_FR\" \/>\n<meta property=\"og:type\" content=\"article\" \/>\n<meta property=\"og:title\" content=\"Conseils juridiques - SCP De Benedictis Coeffard Maurel\" \/>\n<meta property=\"og:description\" content=\"Conseils juridiques aux particuliers et aux professionnels. La SCP De Benedictis Coeffard Maurel vous guide et vous apporte des solutions simples et rapides dans la pr\u00e9vention et la gestion des situations conflictuelles soit \u00e0 titre priv\u00e9 soit \u00e0 titre professionnel.\" \/>\n<meta property=\"og:url\" content=\"https:\/\/huissiers-aix.com\/index.php\/conseils-juridiques\/\" \/>\n<meta property=\"og:site_name\" content=\"SCP De Benedictis Coeffard Maurel\" \/>\n<meta property=\"article:modified_time\" content=\"2018-07-27T08:12:57+00:00\" \/>\n<meta name=\"twitter:card\" content=\"summary_large_image\" \/>\n<meta name=\"twitter:label1\" content=\"Dur\u00e9e de lecture estim\u00e9e\" \/>\n\t<meta name=\"twitter:data1\" content=\"5 minutes\" \/>\n<script type=\"application\/ld+json\" class=\"yoast-schema-graph\">{\"@context\":\"https:\/\/schema.org\",\"@graph\":[{\"@type\":\"WebPage\",\"@id\":\"https:\/\/huissiers-aix.com\/index.php\/conseils-juridiques\/\",\"url\":\"https:\/\/huissiers-aix.com\/index.php\/conseils-juridiques\/\",\"name\":\"Conseils juridiques - SCP De Benedictis Coeffard Maurel\",\"isPartOf\":{\"@id\":\"https:\/\/huissiers-aix.com\/#website\"},\"datePublished\":\"2018-05-08T07:43:16+00:00\",\"dateModified\":\"2018-07-27T08:12:57+00:00\",\"description\":\"Conseils juridiques aux particuliers et aux professionnels. La SCP De Benedictis Coeffard Maurel vous guide et vous apporte des solutions simples et rapides dans la pr\u00e9vention et la gestion des situations conflictuelles soit \u00e0 titre priv\u00e9 soit \u00e0 titre professionnel.\",\"breadcrumb\":{\"@id\":\"https:\/\/huissiers-aix.com\/index.php\/conseils-juridiques\/#breadcrumb\"},\"inLanguage\":\"fr-FR\",\"potentialAction\":[{\"@type\":\"ReadAction\",\"target\":[\"https:\/\/huissiers-aix.com\/index.php\/conseils-juridiques\/\"]}]},{\"@type\":\"BreadcrumbList\",\"@id\":\"https:\/\/huissiers-aix.com\/index.php\/conseils-juridiques\/#breadcrumb\",\"itemListElement\":[{\"@type\":\"ListItem\",\"position\":1,\"name\":\"Accueil\",\"item\":\"https:\/\/huissiers-aix.com\/\"},{\"@type\":\"ListItem\",\"position\":2,\"name\":\"Conseils juridiques\"}]},{\"@type\":\"WebSite\",\"@id\":\"https:\/\/huissiers-aix.com\/#website\",\"url\":\"https:\/\/huissiers-aix.com\/\",\"name\":\"SCP De Benedictis Coeffard Maurel\",\"description\":\"Huissiers de Justice \u00e0 Aix en Provence\",\"potentialAction\":[{\"@type\":\"SearchAction\",\"target\":{\"@type\":\"EntryPoint\",\"urlTemplate\":\"https:\/\/huissiers-aix.com\/?s={search_term_string}\"},\"query-input\":\"required name=search_term_string\"}],\"inLanguage\":\"fr-FR\"}]}<\/script>\n<!-- \/ Yoast SEO plugin. -->","yoast_head_json":{"title":"Conseils juridiques - SCP De Benedictis Coeffard Maurel","description":"Conseils juridiques aux particuliers et aux professionnels. La SCP De Benedictis Coeffard Maurel vous guide et vous apporte des solutions simples et rapides dans la pr\u00e9vention et la gestion des situations conflictuelles soit \u00e0 titre priv\u00e9 soit \u00e0 titre professionnel.","robots":{"index":"index","follow":"follow","max-snippet":"max-snippet:-1","max-image-preview":"max-image-preview:large","max-video-preview":"max-video-preview:-1"},"canonical":"https:\/\/huissiers-aix.com\/index.php\/conseils-juridiques\/","og_locale":"fr_FR","og_type":"article","og_title":"Conseils juridiques - SCP De Benedictis Coeffard Maurel","og_description":"Conseils juridiques aux particuliers et aux professionnels. La SCP De Benedictis Coeffard Maurel vous guide et vous apporte des solutions simples et rapides dans la pr\u00e9vention et la gestion des situations conflictuelles soit \u00e0 titre priv\u00e9 soit \u00e0 titre professionnel.","og_url":"https:\/\/huissiers-aix.com\/index.php\/conseils-juridiques\/","og_site_name":"SCP De Benedictis Coeffard Maurel","article_modified_time":"2018-07-27T08:12:57+00:00","twitter_card":"summary_large_image","twitter_misc":{"Dur\u00e9e de lecture estim\u00e9e":"5 minutes"},"schema":{"@context":"https:\/\/schema.org","@graph":[{"@type":"WebPage","@id":"https:\/\/huissiers-aix.com\/index.php\/conseils-juridiques\/","url":"https:\/\/huissiers-aix.com\/index.php\/conseils-juridiques\/","name":"Conseils juridiques - SCP De Benedictis Coeffard Maurel","isPartOf":{"@id":"https:\/\/huissiers-aix.com\/#website"},"datePublished":"2018-05-08T07:43:16+00:00","dateModified":"2018-07-27T08:12:57+00:00","description":"Conseils juridiques aux particuliers et aux professionnels. La SCP De Benedictis Coeffard Maurel vous guide et vous apporte des solutions simples et rapides dans la pr\u00e9vention et la gestion des situations conflictuelles soit \u00e0 titre priv\u00e9 soit \u00e0 titre professionnel.","breadcrumb":{"@id":"https:\/\/huissiers-aix.com\/index.php\/conseils-juridiques\/#breadcrumb"},"inLanguage":"fr-FR","potentialAction":[{"@type":"ReadAction","target":["https:\/\/huissiers-aix.com\/index.php\/conseils-juridiques\/"]}]},{"@type":"BreadcrumbList","@id":"https:\/\/huissiers-aix.com\/index.php\/conseils-juridiques\/#breadcrumb","itemListElement":[{"@type":"ListItem","position":1,"name":"Accueil","item":"https:\/\/huissiers-aix.com\/"},{"@type":"ListItem","position":2,"name":"Conseils juridiques"}]},{"@type":"WebSite","@id":"https:\/\/huissiers-aix.com\/#website","url":"https:\/\/huissiers-aix.com\/","name":"SCP De Benedictis Coeffard Maurel","description":"Huissiers de Justice \u00e0 Aix en Provence","potentialAction":[{"@type":"SearchAction","target":{"@type":"EntryPoint","urlTemplate":"https:\/\/huissiers-aix.com\/?s={search_term_string}"},"query-input":"required name=search_term_string"}],"inLanguage":"fr-FR"}]}},"_links":{"self":[{"href":"https:\/\/huissiers-aix.com\/index.php\/wp-json\/wp\/v2\/pages\/28","targetHints":{"allow":["GET"]}}],"collection":[{"href":"https:\/\/huissiers-aix.com\/index.php\/wp-json\/wp\/v2\/pages"}],"about":[{"href":"https:\/\/huissiers-aix.com\/index.php\/wp-json\/wp\/v2\/types\/page"}],"author":[{"embeddable":true,"href":"https:\/\/huissiers-aix.com\/index.php\/wp-json\/wp\/v2\/users\/1"}],"replies":[{"embeddable":true,"href":"https:\/\/huissiers-aix.com\/index.php\/wp-json\/wp\/v2\/comments?post=28"}],"version-history":[{"count":13,"href":"https:\/\/huissiers-aix.com\/index.php\/wp-json\/wp\/v2\/pages\/28\/revisions"}],"predecessor-version":[{"id":775,"href":"https:\/\/huissiers-aix.com\/index.php\/wp-json\/wp\/v2\/pages\/28\/revisions\/775"}],"wp:attachment":[{"href":"https:\/\/huissiers-aix.com\/index.php\/wp-json\/wp\/v2\/media?parent=28"}],"curies":[{"name":"wp","href":"https:\/\/api.w.org\/{rel}","templated":true}]}}