{"id":32,"date":"2018-05-08T09:44:15","date_gmt":"2018-05-08T07:44:15","guid":{"rendered":"http:\/\/huissiers-aix.com\/?page_id=32"},"modified":"2018-07-27T10:14:03","modified_gmt":"2018-07-27T08:14:03","slug":"constats","status":"publish","type":"page","link":"https:\/\/huissiers-aix.com\/index.php\/constats\/","title":{"rendered":"Constats"},"content":{"rendered":"<p>[et_pb_section fb_built=&#8221;1&#8243; fullwidth=&#8221;on&#8221; admin_label=&#8221;Hero Section&#8221; _builder_version=&#8221;3.0.98&#8243;][et_pb_fullwidth_header title=&#8221;Nos Services&#8221; subhead=&#8221;Constats&#8221; text_orientation=&#8221;center&#8221; background_overlay_color=&#8221;rgba(255,255,255,0.16)&#8221; content_max_width=&#8221;550px&#8221; _builder_version=&#8221;3.2.2&#8243; title_font=&#8221;Merriweather|700||on|||||&#8221; title_text_align=&#8221;left&#8221; title_text_color=&#8221;#ffffff&#8221; title_font_size=&#8221;40px&#8221; title_letter_spacing=&#8221;2px&#8221; title_line_height=&#8221;1.8em&#8221; title_text_shadow_style=&#8221;preset4&#8243; content_font=&#8221;||||||||&#8221; subhead_font=&#8221;Merriweather|||on|||||&#8221; subhead_font_size=&#8221;26px&#8221; subhead_line_height=&#8221;1.4em&#8221; subhead_text_shadow_style=&#8221;preset4&#8243; background_color=&#8221;rgba(255,255,255,0)&#8221; background_image=&#8221;https:\/\/huissiers-aix.com\/wp-content\/uploads\/2018\/05\/service_huissiers_aix.jpg&#8221; parallax=&#8221;on&#8221; parallax_method=&#8221;on&#8221; custom_button_two=&#8221;on&#8221; button_two_border_width=&#8221;1px&#8221; button_two_border_color=&#8221;rgba(255,255,255,0.3)&#8221; button_two_border_radius=&#8221;0px&#8221; button_two_letter_spacing=&#8221;1px&#8221; button_two_font=&#8221;Saira Extra Condensed|600||on|||||&#8221; button_two_icon=&#8221;%%3%%&#8221; button_two_icon_color=&#8221;#edbb5f&#8221; button_two_text_color_hover=&#8221;#edbb5f&#8221; button_two_bg_color_hover=&#8221;rgba(0,0,0,0)&#8221; custom_button_one=&#8221;on&#8221; button_one_bg_color=&#8221;#9f8f60&#8243; button_one_border_width=&#8221;1px&#8221; button_one_border_color=&#8221;rgba(255,255,255,0.3)&#8221; button_one_border_radius=&#8221;0px&#8221; button_one_letter_spacing=&#8221;1px&#8221; button_one_font=&#8221;Saira Extra Condensed|600||on|||||&#8221; button_one_icon=&#8221;%%3%%&#8221; button_one_icon_color=&#8221;#9f8f60&#8243; button_one_text_color_hover=&#8221;#9f8f60&#8243; button_one_bg_color_hover=&#8221;rgba(0,0,0,0)&#8221; button_one_text_shadow_style=&#8221;preset5&#8243; box_shadow_style_button_one=&#8221;preset1&#8243; module_alignment=&#8221;right&#8221; custom_margin=&#8221;|||&#8221; custom_padding=&#8221;8%||260px|&#8221;][\/et_pb_fullwidth_header][\/et_pb_section][et_pb_section fb_built=&#8221;1&#8243; admin_label=&#8221;Services&#8221; _builder_version=&#8221;3.2.2&#8243; background_color=&#8221;rgba(249,249,249,0.68)&#8221; custom_margin=&#8221;|||&#8221; custom_padding=&#8221;2px|0px|32px|0px|false|false&#8221;][et_pb_row custom_padding=&#8221;30px|0px|30px|0px|false|false&#8221; _builder_version=&#8221;3.2.2&#8243;][et_pb_column type=&#8221;4_4&#8243; _builder_version=&#8221;3.0.47&#8243; parallax=&#8221;off&#8221; parallax_method=&#8221;on&#8221;][et_pb_blurb title=&#8221;Le constat&#8221; _builder_version=&#8221;3.10.1&#8243; header_level=&#8221;h2&#8243; header_font=&#8221;Merriweather||||||||&#8221; header_text_align=&#8221;center&#8221; header_font_size=&#8221;31px&#8221; header_line_height=&#8221;1.3em&#8221; body_font=&#8221;Poppins||||||||&#8221; body_font_size=&#8221;18px&#8221;]<\/p>\n<p style=\"text-align: justify;\">Le <strong>Constat d&#8217;Huissier<\/strong> reste la meilleure <strong>preuve<\/strong> pour prot\u00e9ger vos droits !<\/p>\n<p style=\"text-align: justify;\"><strong>Simple<\/strong> et <strong>rapide<\/strong>, notre intervention <span style=\"text-decoration: underline;\">se r\u00e9sume en <strong>3 \u00e9tapes<\/strong><\/span> :<\/p>\n<ul>\n<li style=\"text-align: justify;\">Vous prenez contact avec notre Etude afin de nous <strong>exposer la situation<\/strong>.<\/li>\n<li style=\"text-align: justify;\">Nous intervenons sur place et <strong>constatons les faits<\/strong>.<\/li>\n<li style=\"text-align: justify;\">Nous <strong>r\u00e9digons le proc\u00e8s-verbal<\/strong> de constatations et vous le remettons dans les plus brefs d\u00e9lais.<\/li>\n<\/ul>\n<p>[\/et_pb_blurb][\/et_pb_column][\/et_pb_row][et_pb_row _builder_version=&#8221;3.2.2&#8243;][et_pb_column type=&#8221;1_3&#8243; _builder_version=&#8221;3.0.47&#8243; parallax=&#8221;off&#8221; parallax_method=&#8221;on&#8221;][et_pb_blurb title=&#8221;Pour les particuliers, nous intervenons pour constater :&#8221; _builder_version=&#8221;3.6&#8243; header_level=&#8221;h3&#8243; header_font=&#8221;Merriweather|700|||||||&#8221; header_text_color=&#8221;#9f8f60&#8243; header_font_size=&#8221;28px&#8221; header_line_height=&#8221;1.4em&#8221; body_font=&#8221;Poppins|300|||||||&#8221; body_font_size=&#8221;16px&#8221;]<\/p>\n<ul>\n<li>Les Etats des lieux locatif<\/li>\n<li>Les nuisances de voisinages<\/li>\n<li>La violation de vos droits de propri\u00e9taire<\/li>\n<li>Tout pr\u00e9alable avant d\u00e9molition ou gros travaux<\/li>\n<li>Le permis de construire ou de d\u00e9molir<\/li>\n<li>Les d\u00e9g\u00e2ts quelconques<\/li>\n<li>Les inondation ou d\u00e9g\u00e2t des eaux Les \u00e9croulement&#8230;<\/li>\n<li>Le retard de chantier<\/li>\n<li>Constats num\u00e9riques (Internet, SMS&#8230;)<\/li>\n<\/ul>\n<p>[\/et_pb_blurb][\/et_pb_column][et_pb_column type=&#8221;1_3&#8243; _builder_version=&#8221;3.0.47&#8243; parallax=&#8221;off&#8221; parallax_method=&#8221;on&#8221;][et_pb_blurb title=&#8221;Pour votre entreprise, nous intervenons pour constater :&#8221; _builder_version=&#8221;3.6&#8243; header_level=&#8221;h3&#8243; header_font=&#8221;Merriweather|700|||||||&#8221; header_text_color=&#8221;#9f8f60&#8243; header_font_size=&#8221;28px&#8221; header_line_height=&#8221;1.4em&#8221; body_font=&#8221;Poppins|300|||||||&#8221; body_font_size=&#8221;17px&#8221;]<\/p>\n<ul>\n<li>La livraison non conforme<\/li>\n<li>Le retard de livraison<\/li>\n<li>Toutes sortes d\u2019avaries<\/li>\n<li>Les contrefa\u00e7ons<\/li>\n<li>La propri\u00e9t\u00e9 intellectuelle ou Industrielle<\/li>\n<li>La concurrence d\u00e9loyale<\/li>\n<li>Les inventaires<\/li>\n<li>Tout pr\u00e9alable avant d\u00e9molition ou gros travaux<\/li>\n<li>La destruction de pi\u00e8ces<\/li>\n<li>Une Assembl\u00e9e g\u00e9n\u00e9rale d&#8217;actionnaires<\/li>\n<li>Les gr\u00e8ves<\/li>\n<li>Toute faute lourde<\/li>\n<li>Le respect des formalit\u00e9s li\u00e9 \u00e0 un licenciement<\/li>\n<li>Tout infraction ou contrefa\u00e7on de site Internet<\/li>\n<li>Toute panne mat\u00e9riel<\/li>\n<li>Tout dysfonctionnement de syst\u00e8mes informatiques<\/li>\n<\/ul>\n<p>[\/et_pb_blurb][\/et_pb_column][et_pb_column type=&#8221;1_3&#8243; _builder_version=&#8221;3.0.47&#8243; parallax=&#8221;off&#8221; parallax_method=&#8221;on&#8221;][et_pb_blurb title=&#8221;Pour les collectivit\u00e9s locales, nous intervenons pour constater :&#8221; _builder_version=&#8221;3.6&#8243; header_level=&#8221;h3&#8243; header_font=&#8221;Merriweather|700|||||||&#8221; header_text_color=&#8221;#9f8f60&#8243; header_font_size=&#8221;28px&#8221; header_line_height=&#8221;1.4em&#8221; body_font=&#8221;Poppins|300|||||||&#8221; body_font_size=&#8221;17px&#8221;]<\/p>\n<ul>\n<li>Non respect des contrats<\/li>\n<li>Etat des lieux avant travaux<\/li>\n<li>Enfouissement<\/li>\n<li>Assainissement<\/li>\n<li>Appels d&#8217;offres<\/li>\n<\/ul>\n<p>[\/et_pb_blurb][\/et_pb_column][\/et_pb_row][et_pb_row custom_padding=&#8221;27px|145px|27px|145px|false|false&#8221; _builder_version=&#8221;3.2.2&#8243;][et_pb_column type=&#8221;4_4&#8243; _builder_version=&#8221;3.0.47&#8243; parallax=&#8221;off&#8221; parallax_method=&#8221;on&#8221;][et_pb_blurb _builder_version=&#8221;3.2.2&#8243; header_level=&#8221;h3&#8243; header_font=&#8221;Merriweather|700|||||||&#8221; header_text_color=&#8221;#9f8f60&#8243; header_font_size=&#8221;28px&#8221; header_line_height=&#8221;1.4em&#8221; body_font=&#8221;Poppins|300|||||||&#8221; body_font_size=&#8221;17px&#8221; background_color=&#8221;#ffffff&#8221; border_radii=&#8221;on|2px|2px|2px|2px&#8221; border_width_all=&#8221;2px&#8221; border_color_all=&#8221;#9f8f60&#8243; text_orientation=&#8221;justified&#8221; custom_margin=&#8221;|||&#8221; custom_padding=&#8221;|||&#8221;] <em>Cette liste n&#8217;est pas exhaustive car nous intervenons dans de nombreuses autres situations.<\/em> [\/et_pb_blurb][\/et_pb_column][\/et_pb_row][\/et_pb_section]<\/p>\n","protected":false},"excerpt":{"rendered":"<p>Le Constat d&#8217;Huissier reste la meilleure preuve pour prot\u00e9ger vos droits ! Simple et rapide, notre intervention se r\u00e9sume en 3 \u00e9tapes : Vous prenez contact avec notre Etude afin de nous exposer la situation. Nous intervenons sur place et constatons les faits. Nous r\u00e9digons le proc\u00e8s-verbal de constatations et vous le remettons dans les [&hellip;]<\/p>\n","protected":false},"author":1,"featured_media":0,"parent":0,"menu_order":0,"comment_status":"closed","ping_status":"closed","template":"","meta":{"_et_pb_use_builder":"on","_et_pb_old_content":"","_et_gb_content_width":"","_monsterinsights_skip_tracking":false,"_monsterinsights_sitenote_active":false,"_monsterinsights_sitenote_note":"","_monsterinsights_sitenote_category":0,"footnotes":""},"class_list":["post-32","page","type-page","status-publish","hentry"],"yoast_head":"<!-- This site is optimized with the Yoast SEO plugin v23.0 - https:\/\/yoast.com\/wordpress\/plugins\/seo\/ -->\n<title>Constats - SCP De Benedictis Coeffard Maurel<\/title>\n<meta name=\"description\" content=\"Le Constat d&#039;Huissier reste la meilleure preuve pour prot\u00e9ger vos droits ! La SCP De Benedictis Coeffard Maurel, Huissiers de Justice \u00e0 Aix en Provence, r\u00e9alise votre constat d&#039;huissier dans les meilleurs d\u00e9lais.\" \/>\n<meta name=\"robots\" content=\"index, follow, max-snippet:-1, max-image-preview:large, max-video-preview:-1\" \/>\n<link rel=\"canonical\" href=\"https:\/\/huissiers-aix.com\/index.php\/constats\/\" \/>\n<meta property=\"og:locale\" content=\"fr_FR\" \/>\n<meta property=\"og:type\" content=\"article\" \/>\n<meta property=\"og:title\" content=\"Constats - SCP De Benedictis Coeffard Maurel\" \/>\n<meta property=\"og:description\" content=\"Le Constat d&#039;Huissier reste la meilleure preuve pour prot\u00e9ger vos droits ! La SCP De Benedictis Coeffard Maurel, Huissiers de Justice \u00e0 Aix en Provence, r\u00e9alise votre constat d&#039;huissier dans les meilleurs d\u00e9lais.\" \/>\n<meta property=\"og:url\" content=\"https:\/\/huissiers-aix.com\/index.php\/constats\/\" \/>\n<meta property=\"og:site_name\" content=\"SCP De Benedictis Coeffard Maurel\" \/>\n<meta property=\"article:modified_time\" content=\"2018-07-27T08:14:03+00:00\" \/>\n<meta name=\"twitter:card\" content=\"summary_large_image\" \/>\n<meta name=\"twitter:label1\" content=\"Dur\u00e9e de lecture estim\u00e9e\" \/>\n\t<meta name=\"twitter:data1\" content=\"4 minutes\" \/>\n<script type=\"application\/ld+json\" class=\"yoast-schema-graph\">{\"@context\":\"https:\/\/schema.org\",\"@graph\":[{\"@type\":\"WebPage\",\"@id\":\"https:\/\/huissiers-aix.com\/index.php\/constats\/\",\"url\":\"https:\/\/huissiers-aix.com\/index.php\/constats\/\",\"name\":\"Constats - SCP De Benedictis Coeffard Maurel\",\"isPartOf\":{\"@id\":\"https:\/\/huissiers-aix.com\/#website\"},\"datePublished\":\"2018-05-08T07:44:15+00:00\",\"dateModified\":\"2018-07-27T08:14:03+00:00\",\"description\":\"Le Constat d'Huissier reste la meilleure preuve pour prot\u00e9ger vos droits ! La SCP De Benedictis Coeffard Maurel, Huissiers de Justice \u00e0 Aix en Provence, r\u00e9alise votre constat d'huissier dans les meilleurs d\u00e9lais.\",\"breadcrumb\":{\"@id\":\"https:\/\/huissiers-aix.com\/index.php\/constats\/#breadcrumb\"},\"inLanguage\":\"fr-FR\",\"potentialAction\":[{\"@type\":\"ReadAction\",\"target\":[\"https:\/\/huissiers-aix.com\/index.php\/constats\/\"]}]},{\"@type\":\"BreadcrumbList\",\"@id\":\"https:\/\/huissiers-aix.com\/index.php\/constats\/#breadcrumb\",\"itemListElement\":[{\"@type\":\"ListItem\",\"position\":1,\"name\":\"Accueil\",\"item\":\"https:\/\/huissiers-aix.com\/\"},{\"@type\":\"ListItem\",\"position\":2,\"name\":\"Constats\"}]},{\"@type\":\"WebSite\",\"@id\":\"https:\/\/huissiers-aix.com\/#website\",\"url\":\"https:\/\/huissiers-aix.com\/\",\"name\":\"SCP De Benedictis Coeffard Maurel\",\"description\":\"Huissiers de Justice \u00e0 Aix en Provence\",\"potentialAction\":[{\"@type\":\"SearchAction\",\"target\":{\"@type\":\"EntryPoint\",\"urlTemplate\":\"https:\/\/huissiers-aix.com\/?s={search_term_string}\"},\"query-input\":\"required name=search_term_string\"}],\"inLanguage\":\"fr-FR\"}]}<\/script>\n<!-- \/ Yoast SEO plugin. -->","yoast_head_json":{"title":"Constats - SCP De Benedictis Coeffard Maurel","description":"Le Constat d'Huissier reste la meilleure preuve pour prot\u00e9ger vos droits ! La SCP De Benedictis Coeffard Maurel, Huissiers de Justice \u00e0 Aix en Provence, r\u00e9alise votre constat d'huissier dans les meilleurs d\u00e9lais.","robots":{"index":"index","follow":"follow","max-snippet":"max-snippet:-1","max-image-preview":"max-image-preview:large","max-video-preview":"max-video-preview:-1"},"canonical":"https:\/\/huissiers-aix.com\/index.php\/constats\/","og_locale":"fr_FR","og_type":"article","og_title":"Constats - SCP De Benedictis Coeffard Maurel","og_description":"Le Constat d'Huissier reste la meilleure preuve pour prot\u00e9ger vos droits ! La SCP De Benedictis Coeffard Maurel, Huissiers de Justice \u00e0 Aix en Provence, r\u00e9alise votre constat d'huissier dans les meilleurs d\u00e9lais.","og_url":"https:\/\/huissiers-aix.com\/index.php\/constats\/","og_site_name":"SCP De Benedictis Coeffard Maurel","article_modified_time":"2018-07-27T08:14:03+00:00","twitter_card":"summary_large_image","twitter_misc":{"Dur\u00e9e de lecture estim\u00e9e":"4 minutes"},"schema":{"@context":"https:\/\/schema.org","@graph":[{"@type":"WebPage","@id":"https:\/\/huissiers-aix.com\/index.php\/constats\/","url":"https:\/\/huissiers-aix.com\/index.php\/constats\/","name":"Constats - SCP De Benedictis Coeffard Maurel","isPartOf":{"@id":"https:\/\/huissiers-aix.com\/#website"},"datePublished":"2018-05-08T07:44:15+00:00","dateModified":"2018-07-27T08:14:03+00:00","description":"Le Constat d'Huissier reste la meilleure preuve pour prot\u00e9ger vos droits ! La SCP De Benedictis Coeffard Maurel, Huissiers de Justice \u00e0 Aix en Provence, r\u00e9alise votre constat d'huissier dans les meilleurs d\u00e9lais.","breadcrumb":{"@id":"https:\/\/huissiers-aix.com\/index.php\/constats\/#breadcrumb"},"inLanguage":"fr-FR","potentialAction":[{"@type":"ReadAction","target":["https:\/\/huissiers-aix.com\/index.php\/constats\/"]}]},{"@type":"BreadcrumbList","@id":"https:\/\/huissiers-aix.com\/index.php\/constats\/#breadcrumb","itemListElement":[{"@type":"ListItem","position":1,"name":"Accueil","item":"https:\/\/huissiers-aix.com\/"},{"@type":"ListItem","position":2,"name":"Constats"}]},{"@type":"WebSite","@id":"https:\/\/huissiers-aix.com\/#website","url":"https:\/\/huissiers-aix.com\/","name":"SCP De Benedictis Coeffard Maurel","description":"Huissiers de Justice \u00e0 Aix en Provence","potentialAction":[{"@type":"SearchAction","target":{"@type":"EntryPoint","urlTemplate":"https:\/\/huissiers-aix.com\/?s={search_term_string}"},"query-input":"required name=search_term_string"}],"inLanguage":"fr-FR"}]}},"_links":{"self":[{"href":"https:\/\/huissiers-aix.com\/index.php\/wp-json\/wp\/v2\/pages\/32","targetHints":{"allow":["GET"]}}],"collection":[{"href":"https:\/\/huissiers-aix.com\/index.php\/wp-json\/wp\/v2\/pages"}],"about":[{"href":"https:\/\/huissiers-aix.com\/index.php\/wp-json\/wp\/v2\/types\/page"}],"author":[{"embeddable":true,"href":"https:\/\/huissiers-aix.com\/index.php\/wp-json\/wp\/v2\/users\/1"}],"replies":[{"embeddable":true,"href":"https:\/\/huissiers-aix.com\/index.php\/wp-json\/wp\/v2\/comments?post=32"}],"version-history":[{"count":17,"href":"https:\/\/huissiers-aix.com\/index.php\/wp-json\/wp\/v2\/pages\/32\/revisions"}],"predecessor-version":[{"id":779,"href":"https:\/\/huissiers-aix.com\/index.php\/wp-json\/wp\/v2\/pages\/32\/revisions\/779"}],"wp:attachment":[{"href":"https:\/\/huissiers-aix.com\/index.php\/wp-json\/wp\/v2\/media?parent=32"}],"curies":[{"name":"wp","href":"https:\/\/api.w.org\/{rel}","templated":true}]}}