{"id":34,"date":"2018-05-08T09:44:59","date_gmt":"2018-05-08T07:44:59","guid":{"rendered":"http:\/\/huissiers-aix.com\/?page_id=34"},"modified":"2018-07-27T10:14:57","modified_gmt":"2018-07-27T08:14:57","slug":"execution-de-decisions-de-justice","status":"publish","type":"page","link":"https:\/\/huissiers-aix.com\/index.php\/execution-de-decisions-de-justice\/","title":{"rendered":"Ex\u00e9cution de d\u00e9cisions de justice"},"content":{"rendered":"<p>[et_pb_section fb_built=&#8221;1&#8243; fullwidth=&#8221;on&#8221; admin_label=&#8221;Hero Section&#8221; _builder_version=&#8221;3.0.98&#8243;][et_pb_fullwidth_header title=&#8221;Nos Services&#8221; subhead=&#8221;Ex\u00e9cution de d\u00e9cisions de justice&#8221; text_orientation=&#8221;center&#8221; background_overlay_color=&#8221;rgba(255,255,255,0.16)&#8221; content_max_width=&#8221;550px&#8221; _builder_version=&#8221;3.2.2&#8243; title_font=&#8221;Merriweather|700||on|||||&#8221; title_text_align=&#8221;left&#8221; title_text_color=&#8221;#ffffff&#8221; title_font_size=&#8221;40px&#8221; title_letter_spacing=&#8221;2px&#8221; title_line_height=&#8221;1.8em&#8221; title_text_shadow_style=&#8221;preset4&#8243; content_font=&#8221;||||||||&#8221; subhead_font=&#8221;Merriweather|||on|||||&#8221; subhead_font_size=&#8221;26px&#8221; subhead_line_height=&#8221;1.4em&#8221; subhead_text_shadow_style=&#8221;preset4&#8243; background_color=&#8221;rgba(255,255,255,0)&#8221; background_image=&#8221;https:\/\/huissiers-aix.com\/wp-content\/uploads\/2018\/05\/service_huissiers_aix.jpg&#8221; parallax=&#8221;on&#8221; parallax_method=&#8221;on&#8221; custom_button_two=&#8221;on&#8221; button_two_border_width=&#8221;1px&#8221; button_two_border_color=&#8221;rgba(255,255,255,0.3)&#8221; button_two_border_radius=&#8221;0px&#8221; button_two_letter_spacing=&#8221;1px&#8221; button_two_font=&#8221;Saira Extra Condensed|600||on|||||&#8221; button_two_icon=&#8221;%%3%%&#8221; button_two_icon_color=&#8221;#edbb5f&#8221; button_two_text_color_hover=&#8221;#edbb5f&#8221; button_two_bg_color_hover=&#8221;rgba(0,0,0,0)&#8221; custom_button_one=&#8221;on&#8221; button_one_bg_color=&#8221;#9f8f60&#8243; button_one_border_width=&#8221;1px&#8221; button_one_border_color=&#8221;rgba(255,255,255,0.3)&#8221; button_one_border_radius=&#8221;0px&#8221; button_one_letter_spacing=&#8221;1px&#8221; button_one_font=&#8221;Saira Extra Condensed|600||on|||||&#8221; button_one_icon=&#8221;%%3%%&#8221; button_one_icon_color=&#8221;#9f8f60&#8243; button_one_text_color_hover=&#8221;#9f8f60&#8243; button_one_bg_color_hover=&#8221;rgba(0,0,0,0)&#8221; button_one_text_shadow_style=&#8221;preset5&#8243; box_shadow_style_button_one=&#8221;preset1&#8243; module_alignment=&#8221;right&#8221; custom_margin=&#8221;|||&#8221; custom_padding=&#8221;8%||260px|&#8221;][\/et_pb_fullwidth_header][\/et_pb_section][et_pb_section fb_built=&#8221;1&#8243; admin_label=&#8221;Services&#8221; _builder_version=&#8221;3.2.2&#8243; background_color=&#8221;rgba(249,249,249,0.68)&#8221; custom_margin=&#8221;|||&#8221; custom_padding=&#8221;2px|0px|32px|0px|false|false&#8221;][et_pb_row custom_padding=&#8221;30px|0px|30px|0px|false|false&#8221; _builder_version=&#8221;3.2.2&#8243;][et_pb_column type=&#8221;4_4&#8243; _builder_version=&#8221;3.0.47&#8243; parallax=&#8221;off&#8221; parallax_method=&#8221;on&#8221;][et_pb_blurb title=&#8221;Ex\u00e9cuter les d\u00e9cisions de Justice&#8221; _builder_version=&#8221;3.10.1&#8243; header_level=&#8221;h2&#8243; header_font=&#8221;Merriweather||||||||&#8221; header_text_align=&#8221;center&#8221; header_font_size=&#8221;31px&#8221; header_line_height=&#8221;1.3em&#8221; body_font=&#8221;Poppins||||||||&#8221; body_font_size=&#8221;18px&#8221; text_orientation=&#8221;center&#8221;]<\/p>\n<p>Nous proc\u00e9dons \u00e0 l\u2019ex\u00e9cution de toute d\u00e9cision de justice sur notre comp\u00e9tence territoriale.<\/p>\n<p>[\/et_pb_blurb][\/et_pb_column][\/et_pb_row][et_pb_row _builder_version=&#8221;3.2.2&#8243;][et_pb_column type=&#8221;1_2&#8243; _builder_version=&#8221;3.0.47&#8243; parallax=&#8221;off&#8221; parallax_method=&#8221;on&#8221;][et_pb_blurb title=&#8221;Quel est notre r\u00f4le ?&#8221; _builder_version=&#8221;3.2.2&#8243; header_level=&#8221;h3&#8243; header_font=&#8221;Merriweather|700|||||||&#8221; header_text_color=&#8221;#9f8f60&#8243; header_font_size=&#8221;28px&#8221; header_line_height=&#8221;1.4em&#8221; body_font=&#8221;Poppins|300|||||||&#8221; body_font_size=&#8221;16px&#8221;]Qu&#8217;il s&#8217;agisse d&#8217;une obligation de faire (exemple : d\u00e9placer une cl\u00f4ture, retirer un bien, d\u00e9truire un objet, quitter un logement, &#8230;), d&#8217;une obligation de payer r\u00e9sultant d&#8217;un titre ex\u00e9cutoire (exemple : injonction de payer, d\u00e9cision de justice), l&#8217;Huissier de Justice a pour mission, lorsqu&#8217;il en est requis par le demandeur de veiller \u00e0 ce que la personne condamn\u00e9e s&#8217;ex\u00e9cute conform\u00e9ment \u00e0 la d\u00e9cision de justice ou au titre ex\u00e9cutoire.<\/p>\n<p>Ce r\u00f4le lui est attribu\u00e9 par la Loi qui lui conf\u00e8re des <strong>pr\u00e9rogatives<\/strong> de puissance publique et c&#8217;est donc \u00e0 ce titre qu&#8217;il <strong>peut contraindre<\/strong> une personne condamn\u00e9e \u00e0 s&#8217;ex\u00e9cuter conform\u00e9ment \u00e0 la d\u00e9cision rendue contre lui et au besoin en faisant usage du concours de la force publique.<br \/>\n[\/et_pb_blurb][\/et_pb_column][et_pb_column type=&#8221;1_2&#8243; _builder_version=&#8221;3.0.47&#8243; parallax=&#8221;off&#8221; parallax_method=&#8221;on&#8221;][et_pb_blurb title=&#8221;Comment agissons-nous ?&#8221; _builder_version=&#8221;3.6&#8243; header_level=&#8221;h3&#8243; header_font=&#8221;Merriweather|700|||||||&#8221; header_text_color=&#8221;#9f8f60&#8243; header_font_size=&#8221;28px&#8221; header_line_height=&#8221;1.4em&#8221; body_font=&#8221;Poppins|300|||||||&#8221; body_font_size=&#8221;17px&#8221;]<\/p>\n<p>La Loi met \u00e0 notre disposition un ensemble de <span style=\"text-decoration: underline;\">proc\u00e9dures civiles d&#8217;ex\u00e9cution<\/span> que nous utilisons et diligentons \u00e0 l&#8217;encontre des d\u00e9biteurs en fonction des \u00e9l\u00e9ments de solvabilit\u00e9 en notre possession.<\/p>\n<p>G\u00e9n\u00e9ralement, notre <strong>bonne connaissance<\/strong> du terrain et le r\u00e9sultat de <strong>nos diligences<\/strong> (enqu\u00eate, visite sur place) nous permettent d&#8217;adapter la proc\u00e9dure la plus efficace.<\/p>\n<p>Exemple : votre d\u00e9biteur est au ch\u00f4mage. Avant tout accord visant \u00e0 \u00e9ventuellement lui accorder des d\u00e9lais de paiement :<\/p>\n<ul>\n<li>nous recherchons aupr\u00e8s de P\u00f4le Emploi la confirmation de son ind\u00e9mnisation,<\/li>\n<li>nous conna\u00eetrons le degr\u00e9 de solvabilit\u00e9 mobili\u00e8re garnissant son logement,<\/li>\n<li>nous enqu\u00eaterons pour conna\u00eetre sa banque et v\u00e9rifierons le solde de ses comptes.<\/li>\n<\/ul>\n<p>[\/et_pb_blurb][\/et_pb_column][\/et_pb_row][et_pb_row _builder_version=&#8221;3.2.2&#8243;][et_pb_column type=&#8221;4_4&#8243; _builder_version=&#8221;3.0.47&#8243; parallax=&#8221;off&#8221; parallax_method=&#8221;on&#8221;][et_pb_blurb title=&#8221;Quels sont nos moyens ?&#8221; _builder_version=&#8221;3.2.2&#8243; header_level=&#8221;h3&#8243; header_font=&#8221;Merriweather|700|||||||&#8221; header_text_color=&#8221;#9f8f60&#8243; header_font_size=&#8221;28px&#8221; header_line_height=&#8221;1.4em&#8221; body_font=&#8221;Poppins|300|||||||&#8221; body_font_size=&#8221;16px&#8221;]Ils r\u00e9sultent de proc\u00e9dures civiles d&#8217;ex\u00e9cution forc\u00e9e que seul l&#8217;Huissier de Justice est \u00e0 m\u00eame de pouvoir mettre en \u0153uvre. Ces proc\u00e9dures civiles d&#8217;ex\u00e9cution sont :<\/p>\n<ul>\n<li>La <strong>SAISIE-ATTRIBUTION<\/strong> qui offre la possibilit\u00e9 d\u00e9bloquer touts les comptes bancaires que d\u00e9tient le d\u00e9biteur dans une banque.<\/li>\n<li>La <strong>SAISIE-VENTE<\/strong> qui permet de dresser l&#8217;inventaire sur un proc\u00e8s-verbal des biens mobiliers appartenant au d\u00e9biteur.<\/li>\n<li>la <strong>SAISIE-IMMOBILIERE<\/strong> qui permet de proc\u00e9der \u00e0 la saisie r\u00e9elle d&#8217;un bien immobilier dont est propri\u00e9taire le d\u00e9biteur.<\/li>\n<li>La <strong>SAISIE et la CESSION des REMUNERATIONS<\/strong> qui autorise un cr\u00e9ancier \u00e0 \u00eatre directement pay\u00e9 de sa cr\u00e9ance sur le salaire de son d\u00e9biteur, via le greffe du tribunal d&#8217;instance.<\/li>\n<li>la <strong>SAISIE des VEHICULE TERRESTRE A MOTEUR<\/strong> qui permet de saisir tout v\u00e9hicule terrestre \u00e0 moteur dont pourrait \u00eatre propri\u00e9taire le d\u00e9biteur et ce qu&#8217;elle que soit son lieu de stationnement.<\/li>\n<li>la <strong>SAISIE-APPREHENSION et la SAISIE-REVENDICATION<\/strong> qui donne la possibilit\u00e9 au propri\u00e9taire d&#8217;un bien d\u00e9tenu par le d\u00e9biteur d&#8217;en obtenir la restitution.<\/li>\n<li>les <strong>MESURES d&#8217;\u00c9XPULSION et d&#8217;\u00c9VACUATION<\/strong> qui permettent, via l&#8217;expulsion physique des personnes et des biens, d&#8217;obtenir la lib\u00e9ration des lieux.<\/li>\n<li>la <strong>SAISIE des BIENS PLACES dans un COFFRE-FORT<\/strong> qui permet d&#8217;appr\u00e9hender ou de saisir \u00e0 titre conservatoire le contenu d&#8217;un coffre-fort apr\u00e8s en avoir assur\u00e9 l&#8217;ouverture volontaire ou forc\u00e9e.<\/li>\n<\/ul>\n<p><strong><span style=\"text-decoration: underline;\">D&#8217;autres moyens pour pr\u00e9venir :<\/span><\/strong><br \/>\nNous disposons \u00e9galement d&#8217;autres proc\u00e9dures qui ont principalement pour but de <strong>garantir les int\u00e9r\u00eats<\/strong> du cr\u00e9ancier dans l&#8217;attente de son titre ex\u00e9cutoire d\u00e9finitif.<\/p>\n<p><span style=\"text-decoration: underline;\"><strong>Ces mesures conservatoires ou s\u00fbret\u00e9s judiciaires sont :<\/strong><\/span><br \/>\nles <strong>SAISIES CONSERVATOIRES<\/strong> qui peuvent \u00eatre r\u00e9alis\u00e9es sur les biens mobiliers du d\u00e9biteur, voire m\u00eame ses cr\u00e9ances ou valeurs mobili\u00e8res qu&#8217;il d\u00e9tient.<\/p>\n<p>les <strong>S\u00dbRETES JUDICIAIRES<\/strong> qui sont des gages pris sur les droits incorporels dont est titulaire le d\u00e9biteur (inscription d&#8217;hypoth\u00e8que sur un immeuble, nantissements de valeurs mobili\u00e8res ou actions).<\/p>\n<p>Quelque soit le montant ou la nature de votre cr\u00e9ance, la solvabilit\u00e9 de votre d\u00e9biteur, nous vous proposerons une action visant \u00e0 conforter vos droits.<br \/>\n[\/et_pb_blurb][\/et_pb_column][\/et_pb_row][\/et_pb_section]<\/p>\n","protected":false},"excerpt":{"rendered":"<p>Nous proc\u00e9dons \u00e0 l\u2019ex\u00e9cution de toute d\u00e9cision de justice sur notre comp\u00e9tence territoriale.Qu&#8217;il s&#8217;agisse d&#8217;une obligation de faire (exemple : d\u00e9placer une cl\u00f4ture, retirer un bien, d\u00e9truire un objet, quitter un logement, &#8230;), d&#8217;une obligation de payer r\u00e9sultant d&#8217;un titre ex\u00e9cutoire (exemple : injonction de payer, d\u00e9cision de justice), l&#8217;Huissier de Justice a pour mission, [&hellip;]<\/p>\n","protected":false},"author":1,"featured_media":0,"parent":0,"menu_order":0,"comment_status":"closed","ping_status":"closed","template":"","meta":{"_et_pb_use_builder":"on","_et_pb_old_content":"","_et_gb_content_width":"","_monsterinsights_skip_tracking":false,"_monsterinsights_sitenote_active":false,"_monsterinsights_sitenote_note":"","_monsterinsights_sitenote_category":0,"footnotes":""},"class_list":["post-34","page","type-page","status-publish","hentry"],"yoast_head":"<!-- This site is optimized with the Yoast SEO plugin v23.0 - https:\/\/yoast.com\/wordpress\/plugins\/seo\/ -->\n<title>Ex\u00e9cution de d\u00e9cisions de justice - SCP De Benedictis Coeffard Maurel<\/title>\n<meta name=\"description\" content=\"Ex\u00e9cution de d\u00e9cisions de justice. La SCP DE BENEDICTIS COEFFARD MAUREL proc\u00e8de \u00e0 l\u2019ex\u00e9cution de toute d\u00e9cision de justice.\" \/>\n<meta name=\"robots\" content=\"index, follow, max-snippet:-1, max-image-preview:large, max-video-preview:-1\" \/>\n<link rel=\"canonical\" href=\"https:\/\/huissiers-aix.com\/index.php\/execution-de-decisions-de-justice\/\" \/>\n<meta property=\"og:locale\" content=\"fr_FR\" \/>\n<meta property=\"og:type\" content=\"article\" \/>\n<meta property=\"og:title\" content=\"Ex\u00e9cution de d\u00e9cisions de justice - SCP De Benedictis Coeffard Maurel\" \/>\n<meta property=\"og:description\" content=\"Ex\u00e9cution de d\u00e9cisions de justice. La SCP DE BENEDICTIS COEFFARD MAUREL proc\u00e8de \u00e0 l\u2019ex\u00e9cution de toute d\u00e9cision de justice.\" \/>\n<meta property=\"og:url\" content=\"https:\/\/huissiers-aix.com\/index.php\/execution-de-decisions-de-justice\/\" \/>\n<meta property=\"og:site_name\" content=\"SCP De Benedictis Coeffard Maurel\" \/>\n<meta property=\"article:modified_time\" content=\"2018-07-27T08:14:57+00:00\" \/>\n<meta name=\"twitter:card\" content=\"summary_large_image\" \/>\n<meta name=\"twitter:label1\" content=\"Dur\u00e9e de lecture estim\u00e9e\" \/>\n\t<meta name=\"twitter:data1\" content=\"6 minutes\" \/>\n<script type=\"application\/ld+json\" class=\"yoast-schema-graph\">{\"@context\":\"https:\/\/schema.org\",\"@graph\":[{\"@type\":\"WebPage\",\"@id\":\"https:\/\/huissiers-aix.com\/index.php\/execution-de-decisions-de-justice\/\",\"url\":\"https:\/\/huissiers-aix.com\/index.php\/execution-de-decisions-de-justice\/\",\"name\":\"Ex\u00e9cution de d\u00e9cisions de justice - SCP De Benedictis Coeffard Maurel\",\"isPartOf\":{\"@id\":\"https:\/\/huissiers-aix.com\/#website\"},\"datePublished\":\"2018-05-08T07:44:59+00:00\",\"dateModified\":\"2018-07-27T08:14:57+00:00\",\"description\":\"Ex\u00e9cution de d\u00e9cisions de justice. La SCP DE BENEDICTIS COEFFARD MAUREL proc\u00e8de \u00e0 l\u2019ex\u00e9cution de toute d\u00e9cision de justice.\",\"breadcrumb\":{\"@id\":\"https:\/\/huissiers-aix.com\/index.php\/execution-de-decisions-de-justice\/#breadcrumb\"},\"inLanguage\":\"fr-FR\",\"potentialAction\":[{\"@type\":\"ReadAction\",\"target\":[\"https:\/\/huissiers-aix.com\/index.php\/execution-de-decisions-de-justice\/\"]}]},{\"@type\":\"BreadcrumbList\",\"@id\":\"https:\/\/huissiers-aix.com\/index.php\/execution-de-decisions-de-justice\/#breadcrumb\",\"itemListElement\":[{\"@type\":\"ListItem\",\"position\":1,\"name\":\"Accueil\",\"item\":\"https:\/\/huissiers-aix.com\/\"},{\"@type\":\"ListItem\",\"position\":2,\"name\":\"Ex\u00e9cution de d\u00e9cisions de justice\"}]},{\"@type\":\"WebSite\",\"@id\":\"https:\/\/huissiers-aix.com\/#website\",\"url\":\"https:\/\/huissiers-aix.com\/\",\"name\":\"SCP De Benedictis Coeffard Maurel\",\"description\":\"Huissiers de Justice \u00e0 Aix en Provence\",\"potentialAction\":[{\"@type\":\"SearchAction\",\"target\":{\"@type\":\"EntryPoint\",\"urlTemplate\":\"https:\/\/huissiers-aix.com\/?s={search_term_string}\"},\"query-input\":\"required name=search_term_string\"}],\"inLanguage\":\"fr-FR\"}]}<\/script>\n<!-- \/ Yoast SEO plugin. -->","yoast_head_json":{"title":"Ex\u00e9cution de d\u00e9cisions de justice - SCP De Benedictis Coeffard Maurel","description":"Ex\u00e9cution de d\u00e9cisions de justice. La SCP DE BENEDICTIS COEFFARD MAUREL proc\u00e8de \u00e0 l\u2019ex\u00e9cution de toute d\u00e9cision de justice.","robots":{"index":"index","follow":"follow","max-snippet":"max-snippet:-1","max-image-preview":"max-image-preview:large","max-video-preview":"max-video-preview:-1"},"canonical":"https:\/\/huissiers-aix.com\/index.php\/execution-de-decisions-de-justice\/","og_locale":"fr_FR","og_type":"article","og_title":"Ex\u00e9cution de d\u00e9cisions de justice - SCP De Benedictis Coeffard Maurel","og_description":"Ex\u00e9cution de d\u00e9cisions de justice. La SCP DE BENEDICTIS COEFFARD MAUREL proc\u00e8de \u00e0 l\u2019ex\u00e9cution de toute d\u00e9cision de justice.","og_url":"https:\/\/huissiers-aix.com\/index.php\/execution-de-decisions-de-justice\/","og_site_name":"SCP De Benedictis Coeffard Maurel","article_modified_time":"2018-07-27T08:14:57+00:00","twitter_card":"summary_large_image","twitter_misc":{"Dur\u00e9e de lecture estim\u00e9e":"6 minutes"},"schema":{"@context":"https:\/\/schema.org","@graph":[{"@type":"WebPage","@id":"https:\/\/huissiers-aix.com\/index.php\/execution-de-decisions-de-justice\/","url":"https:\/\/huissiers-aix.com\/index.php\/execution-de-decisions-de-justice\/","name":"Ex\u00e9cution de d\u00e9cisions de justice - SCP De Benedictis Coeffard Maurel","isPartOf":{"@id":"https:\/\/huissiers-aix.com\/#website"},"datePublished":"2018-05-08T07:44:59+00:00","dateModified":"2018-07-27T08:14:57+00:00","description":"Ex\u00e9cution de d\u00e9cisions de justice. La SCP DE BENEDICTIS COEFFARD MAUREL proc\u00e8de \u00e0 l\u2019ex\u00e9cution de toute d\u00e9cision de justice.","breadcrumb":{"@id":"https:\/\/huissiers-aix.com\/index.php\/execution-de-decisions-de-justice\/#breadcrumb"},"inLanguage":"fr-FR","potentialAction":[{"@type":"ReadAction","target":["https:\/\/huissiers-aix.com\/index.php\/execution-de-decisions-de-justice\/"]}]},{"@type":"BreadcrumbList","@id":"https:\/\/huissiers-aix.com\/index.php\/execution-de-decisions-de-justice\/#breadcrumb","itemListElement":[{"@type":"ListItem","position":1,"name":"Accueil","item":"https:\/\/huissiers-aix.com\/"},{"@type":"ListItem","position":2,"name":"Ex\u00e9cution de d\u00e9cisions de justice"}]},{"@type":"WebSite","@id":"https:\/\/huissiers-aix.com\/#website","url":"https:\/\/huissiers-aix.com\/","name":"SCP De Benedictis Coeffard Maurel","description":"Huissiers de Justice \u00e0 Aix en Provence","potentialAction":[{"@type":"SearchAction","target":{"@type":"EntryPoint","urlTemplate":"https:\/\/huissiers-aix.com\/?s={search_term_string}"},"query-input":"required name=search_term_string"}],"inLanguage":"fr-FR"}]}},"_links":{"self":[{"href":"https:\/\/huissiers-aix.com\/index.php\/wp-json\/wp\/v2\/pages\/34","targetHints":{"allow":["GET"]}}],"collection":[{"href":"https:\/\/huissiers-aix.com\/index.php\/wp-json\/wp\/v2\/pages"}],"about":[{"href":"https:\/\/huissiers-aix.com\/index.php\/wp-json\/wp\/v2\/types\/page"}],"author":[{"embeddable":true,"href":"https:\/\/huissiers-aix.com\/index.php\/wp-json\/wp\/v2\/users\/1"}],"replies":[{"embeddable":true,"href":"https:\/\/huissiers-aix.com\/index.php\/wp-json\/wp\/v2\/comments?post=34"}],"version-history":[{"count":10,"href":"https:\/\/huissiers-aix.com\/index.php\/wp-json\/wp\/v2\/pages\/34\/revisions"}],"predecessor-version":[{"id":780,"href":"https:\/\/huissiers-aix.com\/index.php\/wp-json\/wp\/v2\/pages\/34\/revisions\/780"}],"wp:attachment":[{"href":"https:\/\/huissiers-aix.com\/index.php\/wp-json\/wp\/v2\/media?parent=34"}],"curies":[{"name":"wp","href":"https:\/\/api.w.org\/{rel}","templated":true}]}}