{"id":38,"date":"2018-05-08T09:45:43","date_gmt":"2018-05-08T07:45:43","guid":{"rendered":"http:\/\/huissiers-aix.com\/?page_id=38"},"modified":"2018-07-27T10:15:51","modified_gmt":"2018-07-27T08:15:51","slug":"pension-alimentaire","status":"publish","type":"page","link":"https:\/\/huissiers-aix.com\/index.php\/pension-alimentaire\/","title":{"rendered":"Pension alimentaire"},"content":{"rendered":"<p>[et_pb_section fb_built=&#8221;1&#8243; fullwidth=&#8221;on&#8221; admin_label=&#8221;Hero Section&#8221; _builder_version=&#8221;3.0.98&#8243;][et_pb_fullwidth_header title=&#8221;Nos Services&#8221; subhead=&#8221;Pension alimentaire&#8221; text_orientation=&#8221;center&#8221; background_overlay_color=&#8221;rgba(255,255,255,0.16)&#8221; content_max_width=&#8221;550px&#8221; _builder_version=&#8221;3.2.2&#8243; title_font=&#8221;Merriweather|700||on|||||&#8221; title_text_align=&#8221;left&#8221; title_text_color=&#8221;#ffffff&#8221; title_font_size=&#8221;40px&#8221; title_letter_spacing=&#8221;2px&#8221; title_line_height=&#8221;1.8em&#8221; title_text_shadow_style=&#8221;preset4&#8243; content_font=&#8221;||||||||&#8221; subhead_font=&#8221;Merriweather|||on|||||&#8221; subhead_font_size=&#8221;26px&#8221; subhead_line_height=&#8221;1.4em&#8221; subhead_text_shadow_style=&#8221;preset4&#8243; background_color=&#8221;rgba(255,255,255,0)&#8221; background_image=&#8221;https:\/\/huissiers-aix.com\/wp-content\/uploads\/2018\/05\/service_huissiers_aix.jpg&#8221; parallax=&#8221;on&#8221; parallax_method=&#8221;on&#8221; custom_button_two=&#8221;on&#8221; button_two_border_width=&#8221;1px&#8221; button_two_border_color=&#8221;rgba(255,255,255,0.3)&#8221; button_two_border_radius=&#8221;0px&#8221; button_two_letter_spacing=&#8221;1px&#8221; button_two_font=&#8221;Saira Extra Condensed|600||on|||||&#8221; button_two_icon=&#8221;%%3%%&#8221; button_two_icon_color=&#8221;#edbb5f&#8221; button_two_text_color_hover=&#8221;#edbb5f&#8221; button_two_bg_color_hover=&#8221;rgba(0,0,0,0)&#8221; custom_button_one=&#8221;on&#8221; button_one_bg_color=&#8221;#9f8f60&#8243; button_one_border_width=&#8221;1px&#8221; button_one_border_color=&#8221;rgba(255,255,255,0.3)&#8221; button_one_border_radius=&#8221;0px&#8221; button_one_letter_spacing=&#8221;1px&#8221; button_one_font=&#8221;Saira Extra Condensed|600||on|||||&#8221; button_one_icon=&#8221;%%3%%&#8221; button_one_icon_color=&#8221;#9f8f60&#8243; button_one_text_color_hover=&#8221;#9f8f60&#8243; button_one_bg_color_hover=&#8221;rgba(0,0,0,0)&#8221; button_one_text_shadow_style=&#8221;preset5&#8243; box_shadow_style_button_one=&#8221;preset1&#8243; module_alignment=&#8221;right&#8221; custom_margin=&#8221;|||&#8221; custom_padding=&#8221;8%||260px|&#8221;][\/et_pb_fullwidth_header][\/et_pb_section][et_pb_section fb_built=&#8221;1&#8243; admin_label=&#8221;Services&#8221; _builder_version=&#8221;3.2.2&#8243; background_color=&#8221;rgba(249,249,249,0.68)&#8221; custom_margin=&#8221;|||&#8221; custom_padding=&#8221;2px|0px|32px|0px|false|false&#8221;][et_pb_row custom_padding=&#8221;30px|0px|30px|0px|false|false&#8221; _builder_version=&#8221;3.2.2&#8243;][et_pb_column type=&#8221;4_4&#8243; _builder_version=&#8221;3.0.47&#8243; parallax=&#8221;off&#8221; parallax_method=&#8221;on&#8221;][et_pb_blurb title=&#8221;La pension alimentaire&#8221; _builder_version=&#8221;3.10.1&#8243; header_level=&#8221;h2&#8243; header_font=&#8221;Merriweather||||||||&#8221; header_text_align=&#8221;center&#8221; header_font_size=&#8221;31px&#8221; header_line_height=&#8221;1.3em&#8221; body_font=&#8221;Poppins||||||||&#8221; body_font_size=&#8221;18px&#8221; text_orientation=&#8221;justified&#8221;]Suite \u00e0 un divorce, une s\u00e9paration de corps ou de biens, un Jugement condamne votre ex-conjoint \u00e0 vous r\u00e8gler une pension alimentaire.<\/p>\n<p>L\u2019objet de cette pension peut \u00eatre d&#8217;assurer l\u2019entretien et l\u2019\u00e9ducation de vos enfants ou de vous assurer un revenu sous forme de <strong>prestation compensatoire<\/strong>, de contribution aux charges du mariage.<\/p>\n<p>Cette d\u00e9cision ne doit pas \u00eatre conditionn\u00e9e au bon-vouloir de votre ex-partenaire : s\u2019il ne l\u2019ex\u00e9cute pas, nous mettons \u00e0 votre disposition la <strong>proc\u00e9dure de paiement direct<\/strong>.[\/et_pb_blurb][\/et_pb_column][\/et_pb_row][et_pb_row _builder_version=&#8221;3.2.2&#8243;][et_pb_column type=&#8221;1_3&#8243; _builder_version=&#8221;3.0.47&#8243; parallax=&#8221;off&#8221; parallax_method=&#8221;on&#8221;][et_pb_blurb title=&#8221;Faites-en usage !&#8221; _builder_version=&#8221;3.2.2&#8243; header_level=&#8221;h3&#8243; header_font=&#8221;Merriweather|700|||||||&#8221; header_text_align=&#8221;center&#8221; header_text_color=&#8221;#9f8f60&#8243; header_font_size=&#8221;28px&#8221; header_line_height=&#8221;1.4em&#8221; body_font=&#8221;Poppins|300|||||||&#8221; body_font_size=&#8221;16px&#8221; text_orientation=&#8221;justified&#8221;] Nous sommes les seuls habilit\u00e9s \u00e0 mettre cette proc\u00e9dure en \u0153uvre :<\/p>\n<p>elle est gratuite<br \/>\nelle est simple<br \/>\nelle est rapide<br \/>\nelle est la plus efficace pour recouvrer les pensions alimentaires [\/et_pb_blurb][\/et_pb_column][et_pb_column type=&#8221;1_3&#8243; _builder_version=&#8221;3.0.47&#8243; parallax=&#8221;off&#8221; parallax_method=&#8221;on&#8221;][et_pb_blurb title=&#8221;Gratuite&#8221; _builder_version=&#8221;3.2.2&#8243; header_level=&#8221;h3&#8243; header_font=&#8221;Merriweather|700|||||||&#8221; header_text_align=&#8221;center&#8221; header_text_color=&#8221;#9f8f60&#8243; header_font_size=&#8221;28px&#8221; header_line_height=&#8221;1.4em&#8221; body_font=&#8221;Poppins|300|||||||&#8221; body_font_size=&#8221;16px&#8221; text_orientation=&#8221;justified&#8221;]Tous les frais de proc\u00e9dure incombent au d\u00e9biteur de la pension alimentaire, <strong>aucune avance financi\u00e8re<\/strong> ne vous sera demand\u00e9e.[\/et_pb_blurb][\/et_pb_column][et_pb_column type=&#8221;1_3&#8243; _builder_version=&#8221;3.0.47&#8243; parallax=&#8221;off&#8221; parallax_method=&#8221;on&#8221;][et_pb_blurb title=&#8221;Simple&#8221; _builder_version=&#8221;3.2.2&#8243; header_level=&#8221;h3&#8243; header_font=&#8221;Merriweather|700|||||||&#8221; header_text_align=&#8221;center&#8221; header_text_color=&#8221;#9f8f60&#8243; header_font_size=&#8221;28px&#8221; header_line_height=&#8221;1.4em&#8221; body_font=&#8221;Poppins|300|||||||&#8221; body_font_size=&#8221;16px&#8221; text_orientation=&#8221;justified&#8221;]<\/p>\n<ul>\n<li>d\u00e8s lors qu\u2019<strong>une seule \u00e9ch\u00e9ance<\/strong> de la pension n\u2019a pas \u00e9t\u00e9 pay\u00e9e \u00e0 son terme, cette proc\u00e9dure peut \u00eatre engag\u00e9e.<\/li>\n<li>confiez-nous l\u2019original de la <strong>d\u00e9cision de justice<\/strong>.<\/li>\n<li>fournissez-nous tous les renseignements en votre possession concernant votre d\u00e9biteur : adresse, coordonn\u00e9es de son employeur ou de sa caisse de retraite, etc\u2026<\/li>\n<li><strong>\u00e9tablissez une attestation<\/strong> relevant les dates et \u00e9ch\u00e9ances impay\u00e9es et joignez-y un relev\u00e9 d\u2019identit\u00e9 bancaire ou postal<\/li>\n<\/ul>\n<p>[\/et_pb_blurb][\/et_pb_column][\/et_pb_row][et_pb_row _builder_version=&#8221;3.2.2&#8243;][et_pb_column type=&#8221;1_2&#8243; _builder_version=&#8221;3.0.47&#8243; parallax=&#8221;off&#8221; parallax_method=&#8221;on&#8221;][et_pb_blurb title=&#8221;Rapide&#8221; _builder_version=&#8221;3.2.2&#8243; header_level=&#8221;h3&#8243; header_font=&#8221;Merriweather|700|||||||&#8221; header_text_align=&#8221;center&#8221; header_text_color=&#8221;#9f8f60&#8243; header_font_size=&#8221;28px&#8221; header_line_height=&#8221;1.4em&#8221; body_font=&#8221;Poppins|300|||||||&#8221; body_font_size=&#8221;16px&#8221; text_orientation=&#8221;justified&#8221;]<\/p>\n<ul>\n<li>d\u00e8s r\u00e9ception de ces pi\u00e8ces indispensables, nous avisons votre ex-conjoint qu\u2019une proc\u00e9dure de paiement direct est diligent\u00e9e \u00e0 son encontre ; <strong>il ne peut s\u2019y opposer<\/strong>.<\/li>\n<li>dans le m\u00eame temps, nous intervenons aupr\u00e8s de son employeur ou de tout organisme d\u00e9tenteur de fonds \u00e0 son profit (banque, caisse Ass\u00e9dic, \u2026).<\/li>\n<li>ces derniers n\u2019ont pas le droit d\u2019<strong>entraver notre action<\/strong> et le secret professionnel ne peut nous \u00eatre oppos\u00e9.<\/li>\n<li>ordre leur est alors donn\u00e9 de <strong>pr\u00e9lever sans d\u00e9lai<\/strong> sur les fonds qu\u2019ils d\u00e9tiennent la somme qui vous est due et de vous la verser directement par virement sur votre compte bancaire ou postal.<\/li>\n<\/ul>\n<p>[\/et_pb_blurb][\/et_pb_column][et_pb_column type=&#8221;1_2&#8243; _builder_version=&#8221;3.0.47&#8243; parallax=&#8221;off&#8221; parallax_method=&#8221;on&#8221;][et_pb_blurb title=&#8221;Efficace&#8221; _builder_version=&#8221;3.2.2&#8243; header_level=&#8221;h3&#8243; header_font=&#8221;Merriweather|700|||||||&#8221; header_text_align=&#8221;center&#8221; header_text_color=&#8221;#9f8f60&#8243; header_font_size=&#8221;28px&#8221; header_line_height=&#8221;1.4em&#8221; body_font=&#8221;Poppins|300|||||||&#8221; body_font_size=&#8221;16px&#8221; text_orientation=&#8221;justified&#8221;]<\/p>\n<ul>\n<li><strong>vous recevrez<\/strong>, \u00e0 l\u2019avenir, sans crainte de retard ou d\u2019oubli, <strong>directement<\/strong> de la part du tiers saisi, <strong>toutes vos \u00e9ch\u00e9ances de pension alimentaire<\/strong>.<\/li>\n<li>vous pouvez \u00e9galement recouvrer par ce biais jusqu\u2019\u00e0 <strong>six mois de pension impay\u00e9s<\/strong> qui seront pr\u00e9l\u00e9v\u00e9s par fractions \u00e9gales sur une p\u00e9riode de <span style=\"text-decoration: underline;\">douze mois en plus de la pension mensuelle en cours.<\/span><\/li>\n<\/ul>\n<p><em>Dans l\u2019hypoth\u00e8se o\u00f9 cette proc\u00e9dure de paiement direct ne peut \u00eatre envisag\u00e9e (ni salaire, ni pension\u2026), nous d\u00e9ployerons, bien entendu, tout notre arsenal de voies de recouvrement forc\u00e9 pour obtenir le r\u00e8glement de ce qui vous est d\u00fb et vous garantir enti\u00e8re satisfaction : saisie de meubles, de v\u00e9hicule, d\u2019immeuble, de compte bancaire\u2026<\/em>[\/et_pb_blurb][\/et_pb_column][\/et_pb_row][\/et_pb_section]<\/p>\n","protected":false},"excerpt":{"rendered":"<p>Suite \u00e0 un divorce, une s\u00e9paration de corps ou de biens, un Jugement condamne votre ex-conjoint \u00e0 vous r\u00e8gler une pension alimentaire. L\u2019objet de cette pension peut \u00eatre d&#8217;assurer l\u2019entretien et l\u2019\u00e9ducation de vos enfants ou de vous assurer un revenu sous forme de prestation compensatoire, de contribution aux charges du mariage. Cette d\u00e9cision ne [&hellip;]<\/p>\n","protected":false},"author":1,"featured_media":0,"parent":0,"menu_order":0,"comment_status":"closed","ping_status":"closed","template":"","meta":{"_et_pb_use_builder":"on","_et_pb_old_content":"","_et_gb_content_width":"","_monsterinsights_skip_tracking":false,"_monsterinsights_sitenote_active":false,"_monsterinsights_sitenote_note":"","_monsterinsights_sitenote_category":0,"footnotes":""},"class_list":["post-38","page","type-page","status-publish","hentry"],"yoast_head":"<!-- This site is optimized with the Yoast SEO plugin v23.0 - https:\/\/yoast.com\/wordpress\/plugins\/seo\/ -->\n<title>Pension alimentaire - SCP De Benedictis Coeffard Maurel<\/title>\n<meta name=\"description\" content=\"Suite \u00e0 un divorce, une s\u00e9paration de corps ou de biens, un Jugement condamne votre ex-conjoint \u00e0 vous r\u00e8gler une pension alimentaire. Cette d\u00e9cision ne doit pas \u00eatre conditionn\u00e9e au bon-vouloir de votre ex-partenaire : s\u2019il ne l\u2019ex\u00e9cute pas, nous mettons \u00e0 votre disposition la proc\u00e9dure de paiement direct.\" \/>\n<meta name=\"robots\" content=\"index, follow, max-snippet:-1, max-image-preview:large, max-video-preview:-1\" \/>\n<link rel=\"canonical\" href=\"https:\/\/huissiers-aix.com\/index.php\/pension-alimentaire\/\" \/>\n<meta property=\"og:locale\" content=\"fr_FR\" \/>\n<meta property=\"og:type\" content=\"article\" \/>\n<meta property=\"og:title\" content=\"Pension alimentaire - SCP De Benedictis Coeffard Maurel\" \/>\n<meta property=\"og:description\" content=\"Suite \u00e0 un divorce, une s\u00e9paration de corps ou de biens, un Jugement condamne votre ex-conjoint \u00e0 vous r\u00e8gler une pension alimentaire. Cette d\u00e9cision ne doit pas \u00eatre conditionn\u00e9e au bon-vouloir de votre ex-partenaire : s\u2019il ne l\u2019ex\u00e9cute pas, nous mettons \u00e0 votre disposition la proc\u00e9dure de paiement direct.\" \/>\n<meta property=\"og:url\" content=\"https:\/\/huissiers-aix.com\/index.php\/pension-alimentaire\/\" \/>\n<meta property=\"og:site_name\" content=\"SCP De Benedictis Coeffard Maurel\" \/>\n<meta property=\"article:modified_time\" content=\"2018-07-27T08:15:51+00:00\" \/>\n<meta name=\"twitter:card\" content=\"summary_large_image\" \/>\n<meta name=\"twitter:label1\" content=\"Dur\u00e9e de lecture estim\u00e9e\" \/>\n\t<meta name=\"twitter:data1\" content=\"5 minutes\" \/>\n<script type=\"application\/ld+json\" class=\"yoast-schema-graph\">{\"@context\":\"https:\/\/schema.org\",\"@graph\":[{\"@type\":\"WebPage\",\"@id\":\"https:\/\/huissiers-aix.com\/index.php\/pension-alimentaire\/\",\"url\":\"https:\/\/huissiers-aix.com\/index.php\/pension-alimentaire\/\",\"name\":\"Pension alimentaire - SCP De Benedictis Coeffard Maurel\",\"isPartOf\":{\"@id\":\"https:\/\/huissiers-aix.com\/#website\"},\"datePublished\":\"2018-05-08T07:45:43+00:00\",\"dateModified\":\"2018-07-27T08:15:51+00:00\",\"description\":\"Suite \u00e0 un divorce, une s\u00e9paration de corps ou de biens, un Jugement condamne votre ex-conjoint \u00e0 vous r\u00e8gler une pension alimentaire. Cette d\u00e9cision ne doit pas \u00eatre conditionn\u00e9e au bon-vouloir de votre ex-partenaire : s\u2019il ne l\u2019ex\u00e9cute pas, nous mettons \u00e0 votre disposition la proc\u00e9dure de paiement direct.\",\"breadcrumb\":{\"@id\":\"https:\/\/huissiers-aix.com\/index.php\/pension-alimentaire\/#breadcrumb\"},\"inLanguage\":\"fr-FR\",\"potentialAction\":[{\"@type\":\"ReadAction\",\"target\":[\"https:\/\/huissiers-aix.com\/index.php\/pension-alimentaire\/\"]}]},{\"@type\":\"BreadcrumbList\",\"@id\":\"https:\/\/huissiers-aix.com\/index.php\/pension-alimentaire\/#breadcrumb\",\"itemListElement\":[{\"@type\":\"ListItem\",\"position\":1,\"name\":\"Accueil\",\"item\":\"https:\/\/huissiers-aix.com\/\"},{\"@type\":\"ListItem\",\"position\":2,\"name\":\"Pension alimentaire\"}]},{\"@type\":\"WebSite\",\"@id\":\"https:\/\/huissiers-aix.com\/#website\",\"url\":\"https:\/\/huissiers-aix.com\/\",\"name\":\"SCP De Benedictis Coeffard Maurel\",\"description\":\"Huissiers de Justice \u00e0 Aix en Provence\",\"potentialAction\":[{\"@type\":\"SearchAction\",\"target\":{\"@type\":\"EntryPoint\",\"urlTemplate\":\"https:\/\/huissiers-aix.com\/?s={search_term_string}\"},\"query-input\":\"required name=search_term_string\"}],\"inLanguage\":\"fr-FR\"}]}<\/script>\n<!-- \/ Yoast SEO plugin. -->","yoast_head_json":{"title":"Pension alimentaire - SCP De Benedictis Coeffard Maurel","description":"Suite \u00e0 un divorce, une s\u00e9paration de corps ou de biens, un Jugement condamne votre ex-conjoint \u00e0 vous r\u00e8gler une pension alimentaire. Cette d\u00e9cision ne doit pas \u00eatre conditionn\u00e9e au bon-vouloir de votre ex-partenaire : s\u2019il ne l\u2019ex\u00e9cute pas, nous mettons \u00e0 votre disposition la proc\u00e9dure de paiement direct.","robots":{"index":"index","follow":"follow","max-snippet":"max-snippet:-1","max-image-preview":"max-image-preview:large","max-video-preview":"max-video-preview:-1"},"canonical":"https:\/\/huissiers-aix.com\/index.php\/pension-alimentaire\/","og_locale":"fr_FR","og_type":"article","og_title":"Pension alimentaire - SCP De Benedictis Coeffard Maurel","og_description":"Suite \u00e0 un divorce, une s\u00e9paration de corps ou de biens, un Jugement condamne votre ex-conjoint \u00e0 vous r\u00e8gler une pension alimentaire. Cette d\u00e9cision ne doit pas \u00eatre conditionn\u00e9e au bon-vouloir de votre ex-partenaire : s\u2019il ne l\u2019ex\u00e9cute pas, nous mettons \u00e0 votre disposition la proc\u00e9dure de paiement direct.","og_url":"https:\/\/huissiers-aix.com\/index.php\/pension-alimentaire\/","og_site_name":"SCP De Benedictis Coeffard Maurel","article_modified_time":"2018-07-27T08:15:51+00:00","twitter_card":"summary_large_image","twitter_misc":{"Dur\u00e9e de lecture estim\u00e9e":"5 minutes"},"schema":{"@context":"https:\/\/schema.org","@graph":[{"@type":"WebPage","@id":"https:\/\/huissiers-aix.com\/index.php\/pension-alimentaire\/","url":"https:\/\/huissiers-aix.com\/index.php\/pension-alimentaire\/","name":"Pension alimentaire - SCP De Benedictis Coeffard Maurel","isPartOf":{"@id":"https:\/\/huissiers-aix.com\/#website"},"datePublished":"2018-05-08T07:45:43+00:00","dateModified":"2018-07-27T08:15:51+00:00","description":"Suite \u00e0 un divorce, une s\u00e9paration de corps ou de biens, un Jugement condamne votre ex-conjoint \u00e0 vous r\u00e8gler une pension alimentaire. Cette d\u00e9cision ne doit pas \u00eatre conditionn\u00e9e au bon-vouloir de votre ex-partenaire : s\u2019il ne l\u2019ex\u00e9cute pas, nous mettons \u00e0 votre disposition la proc\u00e9dure de paiement direct.","breadcrumb":{"@id":"https:\/\/huissiers-aix.com\/index.php\/pension-alimentaire\/#breadcrumb"},"inLanguage":"fr-FR","potentialAction":[{"@type":"ReadAction","target":["https:\/\/huissiers-aix.com\/index.php\/pension-alimentaire\/"]}]},{"@type":"BreadcrumbList","@id":"https:\/\/huissiers-aix.com\/index.php\/pension-alimentaire\/#breadcrumb","itemListElement":[{"@type":"ListItem","position":1,"name":"Accueil","item":"https:\/\/huissiers-aix.com\/"},{"@type":"ListItem","position":2,"name":"Pension alimentaire"}]},{"@type":"WebSite","@id":"https:\/\/huissiers-aix.com\/#website","url":"https:\/\/huissiers-aix.com\/","name":"SCP De Benedictis Coeffard Maurel","description":"Huissiers de Justice \u00e0 Aix en Provence","potentialAction":[{"@type":"SearchAction","target":{"@type":"EntryPoint","urlTemplate":"https:\/\/huissiers-aix.com\/?s={search_term_string}"},"query-input":"required name=search_term_string"}],"inLanguage":"fr-FR"}]}},"_links":{"self":[{"href":"https:\/\/huissiers-aix.com\/index.php\/wp-json\/wp\/v2\/pages\/38","targetHints":{"allow":["GET"]}}],"collection":[{"href":"https:\/\/huissiers-aix.com\/index.php\/wp-json\/wp\/v2\/pages"}],"about":[{"href":"https:\/\/huissiers-aix.com\/index.php\/wp-json\/wp\/v2\/types\/page"}],"author":[{"embeddable":true,"href":"https:\/\/huissiers-aix.com\/index.php\/wp-json\/wp\/v2\/users\/1"}],"replies":[{"embeddable":true,"href":"https:\/\/huissiers-aix.com\/index.php\/wp-json\/wp\/v2\/comments?post=38"}],"version-history":[{"count":9,"href":"https:\/\/huissiers-aix.com\/index.php\/wp-json\/wp\/v2\/pages\/38\/revisions"}],"predecessor-version":[{"id":785,"href":"https:\/\/huissiers-aix.com\/index.php\/wp-json\/wp\/v2\/pages\/38\/revisions\/785"}],"wp:attachment":[{"href":"https:\/\/huissiers-aix.com\/index.php\/wp-json\/wp\/v2\/media?parent=38"}],"curies":[{"name":"wp","href":"https:\/\/api.w.org\/{rel}","templated":true}]}}