{"id":40,"date":"2018-05-08T09:46:05","date_gmt":"2018-05-08T07:46:05","guid":{"rendered":"http:\/\/huissiers-aix.com\/?page_id=40"},"modified":"2018-07-27T10:16:00","modified_gmt":"2018-07-27T08:16:00","slug":"contentieux-locatif","status":"publish","type":"page","link":"https:\/\/huissiers-aix.com\/index.php\/contentieux-locatif\/","title":{"rendered":"Contentieux locatif"},"content":{"rendered":"<p>[et_pb_section fb_built=&#8221;1&#8243; fullwidth=&#8221;on&#8221; admin_label=&#8221;Hero Section&#8221; _builder_version=&#8221;3.0.98&#8243;][et_pb_fullwidth_header title=&#8221;Nos Services&#8221; subhead=&#8221;Contentieux locatif&#8221; text_orientation=&#8221;center&#8221; background_overlay_color=&#8221;rgba(255,255,255,0.16)&#8221; content_max_width=&#8221;550px&#8221; _builder_version=&#8221;3.2.2&#8243; title_font=&#8221;Merriweather|700||on|||||&#8221; title_text_align=&#8221;left&#8221; title_text_color=&#8221;#ffffff&#8221; title_font_size=&#8221;40px&#8221; title_letter_spacing=&#8221;2px&#8221; title_line_height=&#8221;1.8em&#8221; title_text_shadow_style=&#8221;preset4&#8243; content_font=&#8221;||||||||&#8221; subhead_font=&#8221;Merriweather|||on|||||&#8221; subhead_font_size=&#8221;26px&#8221; subhead_line_height=&#8221;1.4em&#8221; subhead_text_shadow_style=&#8221;preset4&#8243; background_color=&#8221;rgba(255,255,255,0)&#8221; background_image=&#8221;https:\/\/huissiers-aix.com\/wp-content\/uploads\/2018\/05\/service_huissiers_aix.jpg&#8221; parallax=&#8221;on&#8221; parallax_method=&#8221;on&#8221; custom_button_two=&#8221;on&#8221; button_two_border_width=&#8221;1px&#8221; button_two_border_color=&#8221;rgba(255,255,255,0.3)&#8221; button_two_border_radius=&#8221;0px&#8221; button_two_letter_spacing=&#8221;1px&#8221; button_two_font=&#8221;Saira Extra Condensed|600||on|||||&#8221; button_two_icon=&#8221;%%3%%&#8221; button_two_icon_color=&#8221;#edbb5f&#8221; button_two_text_color_hover=&#8221;#edbb5f&#8221; button_two_bg_color_hover=&#8221;rgba(0,0,0,0)&#8221; custom_button_one=&#8221;on&#8221; button_one_bg_color=&#8221;#9f8f60&#8243; button_one_border_width=&#8221;1px&#8221; button_one_border_color=&#8221;rgba(255,255,255,0.3)&#8221; button_one_border_radius=&#8221;0px&#8221; button_one_letter_spacing=&#8221;1px&#8221; button_one_font=&#8221;Saira Extra Condensed|600||on|||||&#8221; button_one_icon=&#8221;%%3%%&#8221; button_one_icon_color=&#8221;#9f8f60&#8243; button_one_text_color_hover=&#8221;#9f8f60&#8243; button_one_bg_color_hover=&#8221;rgba(0,0,0,0)&#8221; button_one_text_shadow_style=&#8221;preset5&#8243; box_shadow_style_button_one=&#8221;preset1&#8243; module_alignment=&#8221;right&#8221; custom_margin=&#8221;|||&#8221; custom_padding=&#8221;8%||260px|&#8221;][\/et_pb_fullwidth_header][\/et_pb_section][et_pb_section fb_built=&#8221;1&#8243; admin_label=&#8221;Services&#8221; _builder_version=&#8221;3.2.2&#8243; background_color=&#8221;rgba(249,249,249,0.68)&#8221; custom_margin=&#8221;|||&#8221; custom_padding=&#8221;2px|0px|32px|0px|false|false&#8221;][et_pb_row custom_padding=&#8221;30px|0px|30px|0px|false|false&#8221; _builder_version=&#8221;3.2.2&#8243;][et_pb_column type=&#8221;4_4&#8243; _builder_version=&#8221;3.2.2&#8243; parallax=&#8221;off&#8221; parallax_method=&#8221;on&#8221;][et_pb_blurb title=&#8221;Le contentieux locatif&#8221; _builder_version=&#8221;3.10.1&#8243; header_level=&#8221;h2&#8243; header_font=&#8221;Merriweather||||||||&#8221; header_text_align=&#8221;center&#8221; header_font_size=&#8221;31px&#8221; header_line_height=&#8221;1.3em&#8221; body_font=&#8221;Poppins||||||||&#8221; body_font_size=&#8221;18px&#8221; text_orientation=&#8221;justified&#8221;]<\/p>\n<p>Nombreux et vari\u00e9s, les conflits locatifs ont souvent pour origine l\u2019entretien des lieux, le non-respect des obligations aff\u00e9rentes au bail, le paiement des loyers.<\/p>\n<p>Quelque soit la nature du litige nous sommes l\u00e0 pour faire respecter vos droits et vous informer sur vos obligations.<\/p>\n<div id=\"s3gt_translate_tooltip_mini\" class=\"s3gt_translate_tooltip_mini_box\" style=\"background: initial !important; border: initial !important; border-radius: initial !important; border-spacing: initial !important; border-collapse: initial !important; direction: ltr !important; flex-direction: initial !important; font-weight: initial !important; height: initial !important; letter-spacing: initial !important; min-width: initial !important; max-width: initial !important; min-height: initial !important; max-height: initial !important; margin: auto !important; outline: initial !important; padding: initial !important; position: absolute; table-layout: initial !important; text-align: initial !important; text-shadow: initial !important; width: initial !important; word-break: initial !important; word-spacing: initial !important; overflow-wrap: initial !important; box-sizing: initial !important; display: initial !important; color: inherit !important; font-size: 13px !important; font-family: X-LocaleSpecific, sans-serif, Tahoma, Helvetica !important; line-height: 13px !important; vertical-align: top !important; white-space: inherit !important; left: 10px; top: 35px; opacity: 0.75;\">\n<div id=\"s3gt_translate_tooltip_mini_logo\" class=\"s3gt_translate_tooltip_mini\" title=\"Traduire le texte s\u00e9lectionn\u00e9\">\u00a0<\/div>\n<div id=\"s3gt_translate_tooltip_mini_sound\" class=\"s3gt_translate_tooltip_mini\" title=\"Lecture\">\u00a0<\/div>\n<div id=\"s3gt_translate_tooltip_mini_copy\" class=\"s3gt_translate_tooltip_mini\" title=\"Copier le texte dans le presse-papiers\">\u00a0<\/div>\n<\/div>\n<p>[\/et_pb_blurb][\/et_pb_column][\/et_pb_row][et_pb_row custom_padding=&#8221;27px|0px|27px|0|false|false&#8221; _builder_version=&#8221;3.2.2&#8243; module_alignment=&#8221;center&#8221;][et_pb_column type=&#8221;4_4&#8243; _builder_version=&#8221;3.2.2&#8243; parallax=&#8221;off&#8221; parallax_method=&#8221;on&#8221;][et_pb_blurb title=&#8221;Au moment de la conclusion du bail :&#8221; content_max_width=&#8221;950px&#8221; _builder_version=&#8221;3.6&#8243; header_level=&#8221;h3&#8243; header_font=&#8221;Merriweather|700|||||||&#8221; header_text_align=&#8221;center&#8221; header_text_color=&#8221;#9f8f60&#8243; header_font_size=&#8221;28px&#8221; header_line_height=&#8221;1.4em&#8221; body_font=&#8221;Poppins|300|||||||&#8221; body_font_size=&#8221;16px&#8221; custom_margin=&#8221;|||&#8221; custom_padding=&#8221;|||&#8221;]<\/p>\n<p><strong><span style=\"text-decoration: underline;\">Nous vous assistons soit, dans la r\u00e9daction des baux, soit nous pouvons les r\u00e9diger nous m\u00eames :<\/span><\/strong><\/p>\n<p>La l\u00e9gislation en mati\u00e8re de baux est complexe et varie en fonction de la nature les locaux lou\u00e9s (locaux \u00e0 usage d\u2019habitation, commercial ou professionnel).<\/p>\n<p>Nous ma\u00eetrisons parfaitement cette l\u00e9gislation ce qui vous pr\u00e9serve des <strong>erreurs et n\u00e9gligences parfois lourdes de cons\u00e9quences<\/strong> (non-respect des mentions imp\u00e9ratives, clause abusive, d\u00e9p\u00f4t de garantie exc\u00e9dant le montant l\u00e9gal).<\/p>\n<p><span style=\"text-decoration: underline;\"><strong>Nous r\u00e9alisons un \u00e9tat des lieux :<\/strong><\/span><\/p>\n<p>Nos \u00e9tats des lieux <strong>s\u2019imposent aux parties<\/strong> en cas de litige. Ils prot\u00e8gent \u00e0 la fois le propri\u00e9taire et le locataire quant \u00e0 l\u2019imputabilit\u00e9 des d\u00e9gradations \u00e9ventuelles et garantissent que le logement lou\u00e9 est d\u00e9cent conform\u00e9ment \u00e0 la loi.<\/p>\n<p>[\/et_pb_blurb][\/et_pb_column][\/et_pb_row][et_pb_row _builder_version=&#8221;3.2.2&#8243;][et_pb_column type=&#8221;4_4&#8243; _builder_version=&#8221;3.2.2&#8243; parallax=&#8221;off&#8221; parallax_method=&#8221;on&#8221;][et_pb_blurb title=&#8221;Pendant le bail :&#8221; content_max_width=&#8221;950px&#8221; _builder_version=&#8221;3.6&#8243; header_level=&#8221;h3&#8243; header_font=&#8221;Merriweather|700|||||||&#8221; header_text_align=&#8221;center&#8221; header_text_color=&#8221;#9f8f60&#8243; header_font_size=&#8221;28px&#8221; header_line_height=&#8221;1.4em&#8221; body_font=&#8221;Poppins|300|||||||&#8221; body_font_size=&#8221;16px&#8221; custom_margin=&#8221;|||&#8221; custom_padding=&#8221;|||&#8221;]<\/p>\n<p><span style=\"text-decoration: underline;\"><strong>Pour les propri\u00e9taires, nous pouvons\u00a0 assurer la gestion locative de leur bien immobilier :<\/strong><\/span><\/p>\n<p>Nous proc\u00e9dons \u00e0 la <strong>r\u00e9partition annuelle des charges<\/strong> ainsi qu\u2019 \u00e0 la <strong>r\u00e9vision et encaissement des loyers<\/strong> selon des indices l\u00e9gaux que nous connaissons parfaitement.<\/p>\n<p>Nous veillons \u00e0 ce que le locataire justifie d\u2019une <strong>assurance locative<\/strong> et le mettons en demeure s\u2019il ne s\u2019ex\u00e9cute pas.<\/p>\n<p><span style=\"text-decoration: underline;\"><strong>Nous faisons respecter les droits n\u00e9s du bail :<\/strong><\/span><\/p>\n<p>Si votre propri\u00e9taire refuse d\u2019effectuer les r\u00e9parations qui lui incombe, nous le <strong>mettons en demeure<\/strong> d\u2019effectuer les travaux n\u00e9cessaires.<\/p>\n<p>Si votre locataire ne paye pas ses loyers, nous lui signifions un <strong>commandement de payer<\/strong> qui entra\u00eenera la <strong>r\u00e9siliation du bail<\/strong> en cas de clause r\u00e9solutoire pour d\u00e9faut de paiement des loyers et l\u2019obligation pour le locataire de quitter les lieux. Au besoin, nous diligentons une <strong>proc\u00e9dure d\u2019expulsion<\/strong>.<\/p>\n<p><span style=\"text-decoration: underline;\"><strong>Nous r\u00e9gularisons les actes relatifs \u00e0 la prolongation ou \u00e0 la fin du bail :<\/strong><\/span><\/p>\n<p>Nous \u00e9tablissons la <strong>demande<\/strong> ou l\u2019<strong>offre de renouvellement du bail commercial<\/strong>.<\/p>\n<p>Nous validons ou r\u00e9digeons la d\u00e9livrance du <strong>cong\u00e9<\/strong> pour reprise dans le respect des conditions de formes requises et signifions le cong\u00e9 en mati\u00e8re commerciale.<\/p>\n<p>[\/et_pb_blurb][\/et_pb_column][\/et_pb_row][et_pb_row _builder_version=&#8221;3.2.2&#8243;][et_pb_column type=&#8221;4_4&#8243; _builder_version=&#8221;3.2.2&#8243; parallax=&#8221;off&#8221; parallax_method=&#8221;on&#8221;][et_pb_blurb title=&#8221;A la fin du bail :&#8221; content_max_width=&#8221;950px&#8221; _builder_version=&#8221;3.2.2&#8243; header_level=&#8221;h3&#8243; header_font=&#8221;Merriweather|700|||||||&#8221; header_text_align=&#8221;center&#8221; header_text_color=&#8221;#9f8f60&#8243; header_font_size=&#8221;28px&#8221; header_line_height=&#8221;1.4em&#8221; body_font=&#8221;Poppins|300|||||||&#8221; body_font_size=&#8221;16px&#8221; custom_margin=&#8221;|||&#8221; custom_padding=&#8221;|||&#8221;]<span style=\"text-decoration: underline;\"><strong>Nous r\u00e9alisons un \u00e9tat des lieux de sortie :<\/strong><\/span><\/p>\n<p>Compar\u00e9 \u00e0 l\u2019\u00e9tat des lieux d\u2019entr\u00e9e, il permet au propri\u00e9taire d\u2019obtenir <strong>r\u00e9paration<\/strong> des \u00e9ventuelles d\u00e9gradations et permet au contraire locataire de s\u2019en <strong>d\u00e9douaner<\/strong> lorsqu\u2019elles avaient d\u00e9j\u00e0 \u00e9t\u00e9 constat\u00e9es lors de l\u2019entr\u00e9e.<\/p>\n<p><span style=\"text-decoration: underline;\"><strong>Nous obtenons la restitution de d\u00e9p\u00f4t de garantie :<\/strong><\/span><\/p>\n<p>Nous <strong>mettons en demeure<\/strong> votre propri\u00e9taire de vous restituer le d\u00e9p\u00f4t de garantie et engageons une <strong>action en restitution<\/strong> s\u2019il ne s\u2019ex\u00e9cute pas.[\/et_pb_blurb][\/et_pb_column][\/et_pb_row][\/et_pb_section]<\/p>\n","protected":false},"excerpt":{"rendered":"<p>Nombreux et vari\u00e9s, les conflits locatifs ont souvent pour origine l\u2019entretien des lieux, le non-respect des obligations aff\u00e9rentes au bail, le paiement des loyers.Quelque soit la nature du litige nous sommes l\u00e0 pour faire respecter vos droits et vous informer sur vos obligations.\u00a0\u00a0\u00a0Nous vous assistons soit, dans la r\u00e9daction des baux, soit nous pouvons les [&hellip;]<\/p>\n","protected":false},"author":1,"featured_media":0,"parent":0,"menu_order":0,"comment_status":"closed","ping_status":"closed","template":"","meta":{"_et_pb_use_builder":"on","_et_pb_old_content":"","_et_gb_content_width":"","_monsterinsights_skip_tracking":false,"_monsterinsights_sitenote_active":false,"_monsterinsights_sitenote_note":"","_monsterinsights_sitenote_category":0,"footnotes":""},"class_list":["post-40","page","type-page","status-publish","hentry"],"yoast_head":"<!-- This site is optimized with the Yoast SEO plugin v23.0 - https:\/\/yoast.com\/wordpress\/plugins\/seo\/ -->\n<title>Contentieux locatif - SCP De Benedictis Coeffard Maurel<\/title>\n<meta name=\"description\" content=\"Contentieux locatif. Nombreux et vari\u00e9s, les conflits locatifs ont souvent pour origine l\u2019entretien des lieux, le non-respect des obligations aff\u00e9rentes au bail, le paiement des loyers. Quelque soit la nature du litige la Nous sommes l\u00e0 pour faire respecter vos droits et vous informer sur vos obligations.\" \/>\n<meta name=\"robots\" content=\"index, follow, max-snippet:-1, max-image-preview:large, max-video-preview:-1\" \/>\n<link rel=\"canonical\" href=\"https:\/\/huissiers-aix.com\/index.php\/contentieux-locatif\/\" \/>\n<meta property=\"og:locale\" content=\"fr_FR\" \/>\n<meta property=\"og:type\" content=\"article\" \/>\n<meta property=\"og:title\" content=\"Contentieux locatif - SCP De Benedictis Coeffard Maurel\" \/>\n<meta property=\"og:description\" content=\"Contentieux locatif. Nombreux et vari\u00e9s, les conflits locatifs ont souvent pour origine l\u2019entretien des lieux, le non-respect des obligations aff\u00e9rentes au bail, le paiement des loyers. Quelque soit la nature du litige la Nous sommes l\u00e0 pour faire respecter vos droits et vous informer sur vos obligations.\" \/>\n<meta property=\"og:url\" content=\"https:\/\/huissiers-aix.com\/index.php\/contentieux-locatif\/\" \/>\n<meta property=\"og:site_name\" content=\"SCP De Benedictis Coeffard Maurel\" \/>\n<meta property=\"article:modified_time\" content=\"2018-07-27T08:16:00+00:00\" \/>\n<meta name=\"twitter:card\" content=\"summary_large_image\" \/>\n<meta name=\"twitter:label1\" content=\"Dur\u00e9e de lecture estim\u00e9e\" \/>\n\t<meta name=\"twitter:data1\" content=\"5 minutes\" \/>\n<script type=\"application\/ld+json\" class=\"yoast-schema-graph\">{\"@context\":\"https:\/\/schema.org\",\"@graph\":[{\"@type\":\"WebPage\",\"@id\":\"https:\/\/huissiers-aix.com\/index.php\/contentieux-locatif\/\",\"url\":\"https:\/\/huissiers-aix.com\/index.php\/contentieux-locatif\/\",\"name\":\"Contentieux locatif - SCP De Benedictis Coeffard Maurel\",\"isPartOf\":{\"@id\":\"https:\/\/huissiers-aix.com\/#website\"},\"datePublished\":\"2018-05-08T07:46:05+00:00\",\"dateModified\":\"2018-07-27T08:16:00+00:00\",\"description\":\"Contentieux locatif. Nombreux et vari\u00e9s, les conflits locatifs ont souvent pour origine l\u2019entretien des lieux, le non-respect des obligations aff\u00e9rentes au bail, le paiement des loyers. Quelque soit la nature du litige la Nous sommes l\u00e0 pour faire respecter vos droits et vous informer sur vos obligations.\",\"breadcrumb\":{\"@id\":\"https:\/\/huissiers-aix.com\/index.php\/contentieux-locatif\/#breadcrumb\"},\"inLanguage\":\"fr-FR\",\"potentialAction\":[{\"@type\":\"ReadAction\",\"target\":[\"https:\/\/huissiers-aix.com\/index.php\/contentieux-locatif\/\"]}]},{\"@type\":\"BreadcrumbList\",\"@id\":\"https:\/\/huissiers-aix.com\/index.php\/contentieux-locatif\/#breadcrumb\",\"itemListElement\":[{\"@type\":\"ListItem\",\"position\":1,\"name\":\"Accueil\",\"item\":\"https:\/\/huissiers-aix.com\/\"},{\"@type\":\"ListItem\",\"position\":2,\"name\":\"Contentieux locatif\"}]},{\"@type\":\"WebSite\",\"@id\":\"https:\/\/huissiers-aix.com\/#website\",\"url\":\"https:\/\/huissiers-aix.com\/\",\"name\":\"SCP De Benedictis Coeffard Maurel\",\"description\":\"Huissiers de Justice \u00e0 Aix en Provence\",\"potentialAction\":[{\"@type\":\"SearchAction\",\"target\":{\"@type\":\"EntryPoint\",\"urlTemplate\":\"https:\/\/huissiers-aix.com\/?s={search_term_string}\"},\"query-input\":\"required name=search_term_string\"}],\"inLanguage\":\"fr-FR\"}]}<\/script>\n<!-- \/ Yoast SEO plugin. -->","yoast_head_json":{"title":"Contentieux locatif - SCP De Benedictis Coeffard Maurel","description":"Contentieux locatif. Nombreux et vari\u00e9s, les conflits locatifs ont souvent pour origine l\u2019entretien des lieux, le non-respect des obligations aff\u00e9rentes au bail, le paiement des loyers. Quelque soit la nature du litige la Nous sommes l\u00e0 pour faire respecter vos droits et vous informer sur vos obligations.","robots":{"index":"index","follow":"follow","max-snippet":"max-snippet:-1","max-image-preview":"max-image-preview:large","max-video-preview":"max-video-preview:-1"},"canonical":"https:\/\/huissiers-aix.com\/index.php\/contentieux-locatif\/","og_locale":"fr_FR","og_type":"article","og_title":"Contentieux locatif - SCP De Benedictis Coeffard Maurel","og_description":"Contentieux locatif. Nombreux et vari\u00e9s, les conflits locatifs ont souvent pour origine l\u2019entretien des lieux, le non-respect des obligations aff\u00e9rentes au bail, le paiement des loyers. Quelque soit la nature du litige la Nous sommes l\u00e0 pour faire respecter vos droits et vous informer sur vos obligations.","og_url":"https:\/\/huissiers-aix.com\/index.php\/contentieux-locatif\/","og_site_name":"SCP De Benedictis Coeffard Maurel","article_modified_time":"2018-07-27T08:16:00+00:00","twitter_card":"summary_large_image","twitter_misc":{"Dur\u00e9e de lecture estim\u00e9e":"5 minutes"},"schema":{"@context":"https:\/\/schema.org","@graph":[{"@type":"WebPage","@id":"https:\/\/huissiers-aix.com\/index.php\/contentieux-locatif\/","url":"https:\/\/huissiers-aix.com\/index.php\/contentieux-locatif\/","name":"Contentieux locatif - SCP De Benedictis Coeffard Maurel","isPartOf":{"@id":"https:\/\/huissiers-aix.com\/#website"},"datePublished":"2018-05-08T07:46:05+00:00","dateModified":"2018-07-27T08:16:00+00:00","description":"Contentieux locatif. Nombreux et vari\u00e9s, les conflits locatifs ont souvent pour origine l\u2019entretien des lieux, le non-respect des obligations aff\u00e9rentes au bail, le paiement des loyers. Quelque soit la nature du litige la Nous sommes l\u00e0 pour faire respecter vos droits et vous informer sur vos obligations.","breadcrumb":{"@id":"https:\/\/huissiers-aix.com\/index.php\/contentieux-locatif\/#breadcrumb"},"inLanguage":"fr-FR","potentialAction":[{"@type":"ReadAction","target":["https:\/\/huissiers-aix.com\/index.php\/contentieux-locatif\/"]}]},{"@type":"BreadcrumbList","@id":"https:\/\/huissiers-aix.com\/index.php\/contentieux-locatif\/#breadcrumb","itemListElement":[{"@type":"ListItem","position":1,"name":"Accueil","item":"https:\/\/huissiers-aix.com\/"},{"@type":"ListItem","position":2,"name":"Contentieux locatif"}]},{"@type":"WebSite","@id":"https:\/\/huissiers-aix.com\/#website","url":"https:\/\/huissiers-aix.com\/","name":"SCP De Benedictis Coeffard Maurel","description":"Huissiers de Justice \u00e0 Aix en Provence","potentialAction":[{"@type":"SearchAction","target":{"@type":"EntryPoint","urlTemplate":"https:\/\/huissiers-aix.com\/?s={search_term_string}"},"query-input":"required name=search_term_string"}],"inLanguage":"fr-FR"}]}},"_links":{"self":[{"href":"https:\/\/huissiers-aix.com\/index.php\/wp-json\/wp\/v2\/pages\/40","targetHints":{"allow":["GET"]}}],"collection":[{"href":"https:\/\/huissiers-aix.com\/index.php\/wp-json\/wp\/v2\/pages"}],"about":[{"href":"https:\/\/huissiers-aix.com\/index.php\/wp-json\/wp\/v2\/types\/page"}],"author":[{"embeddable":true,"href":"https:\/\/huissiers-aix.com\/index.php\/wp-json\/wp\/v2\/users\/1"}],"replies":[{"embeddable":true,"href":"https:\/\/huissiers-aix.com\/index.php\/wp-json\/wp\/v2\/comments?post=40"}],"version-history":[{"count":13,"href":"https:\/\/huissiers-aix.com\/index.php\/wp-json\/wp\/v2\/pages\/40\/revisions"}],"predecessor-version":[{"id":787,"href":"https:\/\/huissiers-aix.com\/index.php\/wp-json\/wp\/v2\/pages\/40\/revisions\/787"}],"wp:attachment":[{"href":"https:\/\/huissiers-aix.com\/index.php\/wp-json\/wp\/v2\/media?parent=40"}],"curies":[{"name":"wp","href":"https:\/\/api.w.org\/{rel}","templated":true}]}}