{"id":44,"date":"2018-05-08T09:46:52","date_gmt":"2018-05-08T07:46:52","guid":{"rendered":"http:\/\/huissiers-aix.com\/?page_id=44"},"modified":"2018-07-27T10:17:03","modified_gmt":"2018-07-27T08:17:03","slug":"jeux-concours","status":"publish","type":"page","link":"https:\/\/huissiers-aix.com\/index.php\/jeux-concours\/","title":{"rendered":"Jeux concours"},"content":{"rendered":"<p>[et_pb_section fb_built=&#8221;1&#8243; fullwidth=&#8221;on&#8221; admin_label=&#8221;Hero Section&#8221; _builder_version=&#8221;3.0.98&#8243;][et_pb_fullwidth_header title=&#8221;Nos Services&#8221; subhead=&#8221;Jeux concours&#8221; text_orientation=&#8221;center&#8221; background_overlay_color=&#8221;rgba(255,255,255,0.16)&#8221; content_max_width=&#8221;550px&#8221; _builder_version=&#8221;3.2.2&#8243; title_font=&#8221;Merriweather|700||on|||||&#8221; title_text_align=&#8221;left&#8221; title_text_color=&#8221;#ffffff&#8221; title_font_size=&#8221;40px&#8221; title_letter_spacing=&#8221;2px&#8221; title_line_height=&#8221;1.8em&#8221; title_text_shadow_style=&#8221;preset4&#8243; content_font=&#8221;||||||||&#8221; subhead_font=&#8221;Merriweather|||on|||||&#8221; subhead_font_size=&#8221;26px&#8221; subhead_line_height=&#8221;1.4em&#8221; subhead_text_shadow_style=&#8221;preset4&#8243; background_color=&#8221;rgba(255,255,255,0)&#8221; background_image=&#8221;https:\/\/huissiers-aix.com\/wp-content\/uploads\/2018\/05\/service_huissiers_aix.jpg&#8221; parallax=&#8221;on&#8221; parallax_method=&#8221;on&#8221; custom_button_two=&#8221;on&#8221; button_two_border_width=&#8221;1px&#8221; button_two_border_color=&#8221;rgba(255,255,255,0.3)&#8221; button_two_border_radius=&#8221;0px&#8221; button_two_letter_spacing=&#8221;1px&#8221; button_two_font=&#8221;Saira Extra Condensed|600||on|||||&#8221; button_two_icon=&#8221;%%3%%&#8221; button_two_icon_color=&#8221;#edbb5f&#8221; button_two_text_color_hover=&#8221;#edbb5f&#8221; button_two_bg_color_hover=&#8221;rgba(0,0,0,0)&#8221; custom_button_one=&#8221;on&#8221; button_one_bg_color=&#8221;#9f8f60&#8243; button_one_border_width=&#8221;1px&#8221; button_one_border_color=&#8221;rgba(255,255,255,0.3)&#8221; button_one_border_radius=&#8221;0px&#8221; button_one_letter_spacing=&#8221;1px&#8221; button_one_font=&#8221;Saira Extra Condensed|600||on|||||&#8221; button_one_icon=&#8221;%%3%%&#8221; button_one_icon_color=&#8221;#9f8f60&#8243; button_one_text_color_hover=&#8221;#9f8f60&#8243; button_one_bg_color_hover=&#8221;rgba(0,0,0,0)&#8221; button_one_text_shadow_style=&#8221;preset5&#8243; box_shadow_style_button_one=&#8221;preset1&#8243; module_alignment=&#8221;right&#8221; custom_margin=&#8221;|||&#8221; custom_padding=&#8221;8%||260px|&#8221;][\/et_pb_fullwidth_header][\/et_pb_section][et_pb_section fb_built=&#8221;1&#8243; admin_label=&#8221;Services&#8221; _builder_version=&#8221;3.2.2&#8243; background_color=&#8221;rgba(249,249,249,0.68)&#8221; custom_margin=&#8221;|||&#8221; custom_padding=&#8221;2px|0px|32px|0px|false|false&#8221;][et_pb_row custom_padding=&#8221;30px|0px|30px|0px|false|false&#8221; _builder_version=&#8221;3.2.2&#8243;][et_pb_column type=&#8221;4_4&#8243; _builder_version=&#8221;3.2.2&#8243; parallax=&#8221;off&#8221; parallax_method=&#8221;on&#8221;][et_pb_blurb title=&#8221;D\u00e9clarer un jeu concours&#8221; _builder_version=&#8221;3.10.1&#8243; header_level=&#8221;h2&#8243; header_font=&#8221;Merriweather||||||||&#8221; header_text_align=&#8221;center&#8221; header_font_size=&#8221;31px&#8221; header_line_height=&#8221;1.3em&#8221; body_font=&#8221;Poppins||||||||&#8221; body_font_size=&#8221;18px&#8221; text_orientation=&#8221;justified&#8221;]La loi rend indispensable l\u2019intervention d\u2019un Huissier de justice lors de l\u2019organisation d\u2019un jeux ou d\u2019un concours.[\/et_pb_blurb][\/et_pb_column][\/et_pb_row][et_pb_row _builder_version=&#8221;3.2.2&#8243;][et_pb_column type=&#8221;1_2&#8243; _builder_version=&#8221;3.2.2&#8243; parallax=&#8221;off&#8221; parallax_method=&#8221;on&#8221;][et_pb_blurb title=&#8221;Quelle est notre mission ?&#8221; _builder_version=&#8221;3.2.2&#8243; header_level=&#8221;h3&#8243; header_font=&#8221;Merriweather|700|||||||&#8221; header_text_color=&#8221;#9f8f60&#8243; header_font_size=&#8221;28px&#8221; header_line_height=&#8221;1.4em&#8221; body_font=&#8221;Poppins|300|||||||&#8221; body_font_size=&#8221;16px&#8221; text_orientation=&#8221;justified&#8221;]Le r\u00e8glement des jeux et concours doit <span style=\"text-decoration: underline;\">obligatoirement<\/span> \u00eatre d\u00e9pos\u00e9 chez un Huissier de Justice.<\/p>\n<p>Les r\u00e8gles qui entourent leur organisation sont par ailleurs <span style=\"text-decoration: underline;\">tr\u00e8s strictes<\/span> et leur non-respect est lourdement sanctionn\u00e9. Nous sommes donc charg\u00e9s de :<\/p>\n<ul>\n<li>Valider la r\u00e9gularit\u00e9 de votre jeu ou concours,<\/li>\n<li>Pr\u00e9venir les sanctions p\u00e9nales et financi\u00e8res pour non respect de la l\u00e9gislation,<\/li>\n<li>Pr\u00e9venir les risques financiers en veillant, par exemple, \u00e0 l\u2019insertion d\u2019une clause de d\u00e9partage,<\/li>\n<li>Vous garantir contre les risques de r\u00e9clamations nuisibles \u00e0 votre image de marque.<\/li>\n<\/ul>\n<p>[\/et_pb_blurb][\/et_pb_column][et_pb_column type=&#8221;1_2&#8243; _builder_version=&#8221;3.2.2&#8243; parallax=&#8221;off&#8221; parallax_method=&#8221;on&#8221;][et_pb_blurb title=&#8221;A quel moment intervenons-nous ?&#8221; _builder_version=&#8221;3.2.2&#8243; header_level=&#8221;h3&#8243; header_font=&#8221;Merriweather|700|||||||&#8221; header_text_color=&#8221;#9f8f60&#8243; header_font_size=&#8221;28px&#8221; header_line_height=&#8221;1.4em&#8221; body_font=&#8221;Poppins|300|||||||&#8221; body_font_size=&#8221;17px&#8221; text_orientation=&#8221;justified&#8221;]<span style=\"text-decoration: underline;\"><strong>Avant l\u2019ouverture du jeux-concours:<\/strong><\/span><\/p>\n<ul>\n<li>Nous assurons la r\u00e9daction du r\u00e8glement ou le validons :\n<ul>\n<li>Respect des <strong>mentions imp\u00e9ratives<\/strong> pr\u00e9vues par la loi (caract\u00e8re gratuit et sans obligation d\u2019achat, d\u00e9but et fin du jeu),<\/li>\n<li><strong>R\u00e9gularit\u00e9<\/strong> des clauses du r\u00e8glement (modalit\u00e9s, personnes pouvant participer),<\/li>\n<\/ul>\n<\/li>\n<li>Nous \u00e9tablissons le <strong>proc\u00e8s-verbal de d\u00e9p\u00f4t<\/strong> du r\u00e8glement et des documents annexes.<\/li>\n<\/ul>\n<p><span style=\"text-decoration: underline;\"><strong>Pendant le d\u00e9roulement :<\/strong><\/span><\/p>\n<ul>\n<li>Nous pouvons prendre en charge <strong>certaines formalit\u00e9s<\/strong> (r\u00e9ception des bulletins de participation, r\u00e9union des jurys de concours),<\/li>\n<li>Nous pouvons proc\u00e9der nous m\u00eame au <strong>tirage au sort<\/strong> ou attester par notre pr\u00e9sence de sa <strong>r\u00e9gularit\u00e9<\/strong>,<\/li>\n<\/ul>\n<p><span style=\"text-decoration: underline;\"><strong>A l\u2019issue du jeux-concours :<\/strong><\/span><\/p>\n<p>&nbsp;<\/p>\n<ul>\n<li>Nous assurons l\u2019<strong>annonce des r\u00e9sultats<\/strong> (publication des r\u00e9sultats, information individuelle des gagnants),<\/li>\n<li>Nous constatons la <strong>conformit\u00e9 des lots<\/strong> et leurs <strong>conditions d\u2019attribution<\/strong>.<\/li>\n<\/ul>\n<p>[\/et_pb_blurb][\/et_pb_column][\/et_pb_row][et_pb_row _builder_version=&#8221;3.2.2&#8243;][et_pb_column type=&#8221;4_4&#8243; _builder_version=&#8221;3.2.2&#8243; parallax=&#8221;off&#8221; parallax_method=&#8221;on&#8221;][et_pb_blurb title=&#8221;Consulter r\u00e8glement jeux-concours :&#8221; content_max_width=&#8221;800px&#8221; _builder_version=&#8221;3.2.2&#8243; header_level=&#8221;h3&#8243; header_font=&#8221;Merriweather|700|||||||&#8221; header_text_color=&#8221;#9f8f60&#8243; header_font_size=&#8221;28px&#8221; header_line_height=&#8221;1.4em&#8221; body_font=&#8221;Poppins|300|||||||&#8221; body_font_size=&#8221;16px&#8221; text_orientation=&#8221;justified&#8221;]Le r\u00e8glement de chaque jeu concours sera transmis sur demande de mani\u00e8re gratuite par mail. Et contre r\u00e8glement de frais d&#8217;envoi par voie postale. Payable par CB sur le pr\u00e9sent site.<br \/>\n[\/et_pb_blurb][\/et_pb_column][\/et_pb_row][et_pb_row _builder_version=&#8221;3.2.2&#8243;][et_pb_column type=&#8221;4_4&#8243; _builder_version=&#8221;3.2.2&#8243; parallax=&#8221;off&#8221; parallax_method=&#8221;on&#8221;][et_pb_blurb title=&#8221;D\u00e9poser r\u00e8glement jeux-concours :&#8221; content_max_width=&#8221;800px&#8221; _builder_version=&#8221;3.2.2&#8243; header_level=&#8221;h3&#8243; header_font=&#8221;Merriweather|700|||||||&#8221; header_text_color=&#8221;#9f8f60&#8243; header_font_size=&#8221;28px&#8221; header_line_height=&#8221;1.4em&#8221; body_font=&#8221;Poppins|300|||||||&#8221; body_font_size=&#8221;16px&#8221; text_orientation=&#8221;justified&#8221;]La SCP s&#8217;engage, apr\u00e8s validation par un <em><a title=\"notre etude\" href=\"http:\/\/huissiers-aix.com\/index.php\/notre-etude\/\">Huissier de Justice<\/a><\/em>, \u00e0 mettre en ligne sur le pr\u00e9sent site votre <strong>r\u00e8glement<\/strong> durant toute la dur\u00e9e de votre <strong>jeu-concours<\/strong>.<\/p>\n<p>Joignez-nous le<a title=\"reglement jeux concours\" href=\"http:\/\/huissiers-aix.com\/index.php\/jeux-concours\/\"><em> r\u00e8glement de votre jeu-concours<\/em><\/a> \u00e0 l&#8217;aide du bouton Parcourir (format accept\u00e9 : Word(.doc), Acrobat(.pdf), Excel(.xls)).<\/p>\n<p>En cliquant sur le bouton D\u00e9poser, vous acceptez le d\u00e9p\u00f4t de votre jeu-concours au sein de notre Etude.<\/p>\n<p>A r\u00e9ception de votre <em><a title=\"reglement jeux concours\" href=\"http:\/\/huissiers-aix.com\/index.php\/jeux-concours\/\">r\u00e8glement de jeu<\/a><\/em>, <strong>vous recevrez un accus\u00e9 de r\u00e9ception de votre d\u00e9p\u00f4t \u00e0 l&#8217;adresse \u00e9lectronique que vous nous aurez communiqu\u00e9e<\/strong>.<br \/>\n[\/et_pb_blurb][\/et_pb_column][\/et_pb_row][et_pb_row custom_padding=&#8221;27px|35px|27px|35px|false|false&#8221; _builder_version=&#8221;3.2.2&#8243;][et_pb_column type=&#8221;4_4&#8243; _builder_version=&#8221;3.2.2&#8243; parallax=&#8221;off&#8221; parallax_method=&#8221;on&#8221;][et_pb_toggle title=&#8221;D\u00e9poser un r\u00e8glement&#8221; icon_color=&#8221;rgba(0,0,0,0.45)&#8221; _builder_version=&#8221;3.7&#8243; title_level=&#8221;h3&#8243; title_font=&#8221;Merriweather||||||||&#8221; title_text_align=&#8221;center&#8221; title_text_color=&#8221;#9f8f60&#8243; title_font_size=&#8221;28px&#8221; title_font_size_phone=&#8221;15px&#8221; title_font_size_last_edited=&#8221;on|phone&#8221; border_radii=&#8221;on|5px|5px|5px|5px&#8221; box_shadow_style=&#8221;preset1&#8243; box_shadow_blur=&#8221;10px&#8221; max_width=&#8221;75%&#8221; max_width_last_edited=&#8221;on|desktop&#8221; module_alignment=&#8221;center&#8221;]\n<div class=\"wpcf7 no-js\" id=\"wpcf7-f275-o1\" lang=\"fr-FR\" dir=\"ltr\">\n<div class=\"screen-reader-response\"><p role=\"status\" aria-live=\"polite\" aria-atomic=\"true\"><\/p> <ul><\/ul><\/div>\n<form action=\"\/index.php\/wp-json\/wp\/v2\/pages\/44#wpcf7-f275-o1\" method=\"post\" class=\"wpcf7-form init\" aria-label=\"Formulaire de contact\" enctype=\"multipart\/form-data\" novalidate=\"novalidate\" data-status=\"init\">\n<div style=\"display: none;\">\n<input type=\"hidden\" name=\"_wpcf7\" value=\"275\" \/>\n<input type=\"hidden\" name=\"_wpcf7_version\" value=\"5.7.7\" \/>\n<input type=\"hidden\" name=\"_wpcf7_locale\" value=\"fr_FR\" \/>\n<input type=\"hidden\" name=\"_wpcf7_unit_tag\" value=\"wpcf7-f275-o1\" \/>\n<input type=\"hidden\" name=\"_wpcf7_container_post\" value=\"0\" \/>\n<input type=\"hidden\" name=\"_wpcf7_posted_data_hash\" value=\"\" \/>\n<\/div>\n<p>Identit\u00e9 du d\u00e9posant (* champs obligatoires)\n<\/p>\n<p><label> Type de la soci\u00e9t\u00e9* :<br \/>\n<span class=\"wpcf7-form-control-wrap\" data-name=\"type-societe\"><input size=\"40\" class=\"wpcf7-form-control wpcf7-text wpcf7-validates-as-required\" aria-required=\"true\" aria-invalid=\"false\" value=\"\" type=\"text\" name=\"type-societe\" \/><\/span> <\/label>\n<\/p>\n<p><label> Raison sociale* :<br \/>\n<span class=\"wpcf7-form-control-wrap\" data-name=\"raison-sociale\"><input size=\"40\" class=\"wpcf7-form-control wpcf7-text wpcf7-validates-as-required\" aria-required=\"true\" aria-invalid=\"false\" value=\"\" type=\"text\" name=\"raison-sociale\" \/><\/span> <\/label>\n<\/p>\n<p><label> N\u00b0 de Siret :<br \/>\n<span class=\"wpcf7-form-control-wrap\" data-name=\"siret\"><input size=\"40\" class=\"wpcf7-form-control wpcf7-text\" aria-invalid=\"false\" value=\"\" type=\"text\" name=\"siret\" \/><\/span> <\/label>\n<\/p>\n<p><label> Capital social :<br \/>\n<span class=\"wpcf7-form-control-wrap\" data-name=\"capital-social\"><input size=\"40\" class=\"wpcf7-form-control wpcf7-text\" aria-invalid=\"false\" placeholder=\"66.162,87\" value=\"\" type=\"text\" name=\"capital-social\" \/><\/span> <\/label>\n<\/p>\n<p><label> Adresse du si\u00e8ge social* :<br \/>\n<span class=\"wpcf7-form-control-wrap\" data-name=\"adresse-ss\"><input size=\"40\" class=\"wpcf7-form-control wpcf7-text wpcf7-validates-as-required\" aria-required=\"true\" aria-invalid=\"false\" value=\"\" type=\"text\" name=\"adresse-ss\" \/><\/span> <\/label>\n<\/p>\n<p><label> Ville du si\u00e8ge social* :<br \/>\n<span class=\"wpcf7-form-control-wrap\" data-name=\"ville-ss\"><input size=\"40\" class=\"wpcf7-form-control wpcf7-text wpcf7-validates-as-required\" aria-required=\"true\" aria-invalid=\"false\" value=\"\" type=\"text\" name=\"ville-ss\" \/><\/span> <\/label>\n<\/p>\n<p><label> Code postal* :<br \/>\n<span class=\"wpcf7-form-control-wrap\" data-name=\"code-postal\"><input size=\"40\" class=\"wpcf7-form-control wpcf7-text wpcf7-validates-as-required\" aria-required=\"true\" aria-invalid=\"false\" value=\"\" type=\"text\" name=\"code-postal\" \/><\/span> <\/label>\n<\/p>\n<p><label> Fax :<br \/>\n<span class=\"wpcf7-form-control-wrap\" data-name=\"fax\"><input size=\"40\" class=\"wpcf7-form-control wpcf7-text\" aria-invalid=\"false\" value=\"\" type=\"text\" name=\"fax\" \/><\/span> <\/label>\n<\/p>\n<p>Identit\u00e9 du jeu et objet du d\u00e9p\u00f4t ( * champs obligatoires)\n<\/p>\n<p><label> Nom\/Intitul\u00e9 du jeu* :<br \/>\n<span class=\"wpcf7-form-control-wrap\" data-name=\"nom-jeu\"><input size=\"40\" class=\"wpcf7-form-control wpcf7-text wpcf7-validates-as-required\" aria-required=\"true\" aria-invalid=\"false\" value=\"\" type=\"text\" name=\"nom-jeu\" \/><\/span> <\/label>\n<\/p>\n<p><label> Date du d\u00e9but du jeu* :<br \/>\n<span class=\"wpcf7-form-control-wrap\" data-name=\"date-debut-jeu\"><input class=\"wpcf7-form-control wpcf7-date wpcf7-validates-as-required wpcf7-validates-as-date\" aria-required=\"true\" aria-invalid=\"false\" value=\"\" type=\"date\" name=\"date-debut-jeu\" \/><\/span> <\/label>\n<\/p>\n<p><label> Date de fin du jeu* :<br \/>\n<span class=\"wpcf7-form-control-wrap\" data-name=\"date-fin-jeu\"><input class=\"wpcf7-form-control wpcf7-date wpcf7-validates-as-required wpcf7-validates-as-date\" aria-required=\"true\" aria-invalid=\"false\" value=\"\" type=\"date\" name=\"date-fin-jeu\" \/><\/span> <\/label>\n<\/p>\n<p><label> Date pr\u00e9vue du tirage :<br \/>\n<span class=\"wpcf7-form-control-wrap\" data-name=\"date-tirage\"><input class=\"wpcf7-form-control wpcf7-date wpcf7-validates-as-date\" aria-invalid=\"false\" value=\"\" type=\"date\" name=\"date-tirage\" \/><\/span> <\/label>\n<\/p>\n<p><label> Nom du responsable* :<br \/>\n<span class=\"wpcf7-form-control-wrap\" data-name=\"nom-responsable\"><input size=\"40\" class=\"wpcf7-form-control wpcf7-text wpcf7-validates-as-required\" aria-required=\"true\" aria-invalid=\"false\" value=\"\" type=\"text\" name=\"nom-responsable\" \/><\/span> <\/label>\n<\/p>\n<p><label> T\u00e9l.* :<br \/>\n<span class=\"wpcf7-form-control-wrap\" data-name=\"tel-responsable\"><input size=\"40\" class=\"wpcf7-form-control wpcf7-text wpcf7-tel wpcf7-validates-as-required wpcf7-validates-as-tel\" aria-required=\"true\" aria-invalid=\"false\" value=\"\" type=\"tel\" name=\"tel-responsable\" \/><\/span> <\/label>\n<\/p>\n<p><label> Email* :<br \/>\n<span class=\"wpcf7-form-control-wrap\" data-name=\"email-responsable\"><input size=\"40\" class=\"wpcf7-form-control wpcf7-text wpcf7-email wpcf7-validates-as-required wpcf7-validates-as-email\" aria-required=\"true\" aria-invalid=\"false\" value=\"\" type=\"email\" name=\"email-responsable\" \/><\/span> <\/label>\n<\/p>\n<p><label> R\u00e8glement du jeu* :<br \/>\n<span class=\"wpcf7-form-control-wrap\" data-name=\"reglement-jeu\"><input size=\"40\" class=\"wpcf7-form-control wpcf7-file wpcf7-validates-as-required\" accept=\".pdf,.doc,.docx,.xls\" aria-required=\"true\" aria-invalid=\"false\" type=\"file\" name=\"reglement-jeu\" \/><\/span> <\/label>\n<\/p>\n<p>Avec tirage au sort :<br \/>\n<span class=\"wpcf7-form-control-wrap\" data-name=\"checkbox-tirage\"><span class=\"wpcf7-form-control wpcf7-checkbox\"><span class=\"wpcf7-list-item first\"><input type=\"checkbox\" name=\"checkbox-tirage[]\" value=\"Oui\" \/><span class=\"wpcf7-list-item-label\">Oui<\/span><\/span><span class=\"wpcf7-list-item last\"><input type=\"checkbox\" name=\"checkbox-tirage[]\" value=\"Non\" \/><span class=\"wpcf7-list-item-label\">Non<\/span><\/span><\/span><\/span>\n<\/p>\n<p>[recaptcha]\n<\/p>\n<p><span class=\"wpcf7-form-control-wrap wpgdprc\"><span class=\"wpcf7-form-control wpcf7-validates-as-required wpcf7-wpgdprc\"><span class=\"wpcf7-list-item\"><input type=\"checkbox\" name=\"wpgdprc\" value=\"1\" aria-required=\"true\" aria-invalid=\"false\" \/><span class=\"wpcf7-list-item-label\">En utilisant ce formulaire, vous acceptez que nous stockions vos donn\u00e9es sur ce site web<\/span><\/span><\/span>    <\/span>\n<\/p>\n<p><input class=\"wpcf7-form-control has-spinner wpcf7-submit\" type=\"submit\" value=\"Envoyer\" \/>\n<\/p><p style=\"display: none !important;\" class=\"akismet-fields-container\" data-prefix=\"_wpcf7_ak_\"><label>&#916;<textarea name=\"_wpcf7_ak_hp_textarea\" cols=\"45\" rows=\"8\" maxlength=\"100\"><\/textarea><\/label><input type=\"hidden\" id=\"ak_js_1\" name=\"_wpcf7_ak_js\" value=\"91\"\/><script>document.getElementById( \"ak_js_1\" ).setAttribute( \"value\", ( new Date() ).getTime() );<\/script><\/p><div class=\"wpcf7-response-output\" aria-hidden=\"true\"><\/div>\n<\/form>\n<\/div>\n[\/et_pb_toggle][\/et_pb_column][\/et_pb_row][\/et_pb_section]<\/p>\n","protected":false},"excerpt":{"rendered":"<p>La loi rend indispensable l\u2019intervention d\u2019un Huissier de justice lors de l\u2019organisation d\u2019un jeux ou d\u2019un concours.Le r\u00e8glement des jeux et concours doit obligatoirement \u00eatre d\u00e9pos\u00e9 chez un Huissier de Justice. Les r\u00e8gles qui entourent leur organisation sont par ailleurs tr\u00e8s strictes et leur non-respect est lourdement sanctionn\u00e9. Nous sommes donc charg\u00e9s de : Valider [&hellip;]<\/p>\n","protected":false},"author":1,"featured_media":0,"parent":0,"menu_order":0,"comment_status":"closed","ping_status":"closed","template":"","meta":{"_et_pb_use_builder":"on","_et_pb_old_content":"","_et_gb_content_width":"","_monsterinsights_skip_tracking":false,"_monsterinsights_sitenote_active":false,"_monsterinsights_sitenote_note":"","_monsterinsights_sitenote_category":0,"footnotes":""},"class_list":["post-44","page","type-page","status-publish","hentry"],"yoast_head":"<!-- This site is optimized with the Yoast SEO plugin v23.0 - https:\/\/yoast.com\/wordpress\/plugins\/seo\/ -->\n<title>Jeux concours - SCP De Benedictis Coeffard Maurel<\/title>\n<meta name=\"description\" content=\"D\u00e9clarer un jeux concours, la loi rend indispensable l\u2019intervention d\u2019un Huissier de justice lors de l\u2019organisation d\u2019un jeux ou d\u2019un concours.\" \/>\n<meta name=\"robots\" content=\"index, follow, max-snippet:-1, max-image-preview:large, max-video-preview:-1\" \/>\n<link rel=\"canonical\" href=\"https:\/\/huissiers-aix.com\/index.php\/jeux-concours\/\" \/>\n<meta property=\"og:locale\" content=\"fr_FR\" \/>\n<meta property=\"og:type\" content=\"article\" \/>\n<meta property=\"og:title\" content=\"Jeux concours - SCP De Benedictis Coeffard Maurel\" \/>\n<meta property=\"og:description\" content=\"D\u00e9clarer un jeux concours, la loi rend indispensable l\u2019intervention d\u2019un Huissier de justice lors de l\u2019organisation d\u2019un jeux ou d\u2019un concours.\" \/>\n<meta property=\"og:url\" content=\"https:\/\/huissiers-aix.com\/index.php\/jeux-concours\/\" \/>\n<meta property=\"og:site_name\" content=\"SCP De Benedictis Coeffard Maurel\" \/>\n<meta property=\"article:modified_time\" content=\"2018-07-27T08:17:03+00:00\" \/>\n<meta name=\"twitter:card\" content=\"summary_large_image\" \/>\n<meta name=\"twitter:label1\" content=\"Dur\u00e9e de lecture estim\u00e9e\" \/>\n\t<meta name=\"twitter:data1\" content=\"6 minutes\" \/>\n<script type=\"application\/ld+json\" class=\"yoast-schema-graph\">{\"@context\":\"https:\/\/schema.org\",\"@graph\":[{\"@type\":\"WebPage\",\"@id\":\"https:\/\/huissiers-aix.com\/index.php\/jeux-concours\/\",\"url\":\"https:\/\/huissiers-aix.com\/index.php\/jeux-concours\/\",\"name\":\"Jeux concours - SCP De Benedictis Coeffard Maurel\",\"isPartOf\":{\"@id\":\"https:\/\/huissiers-aix.com\/#website\"},\"datePublished\":\"2018-05-08T07:46:52+00:00\",\"dateModified\":\"2018-07-27T08:17:03+00:00\",\"description\":\"D\u00e9clarer un jeux concours, la loi rend indispensable l\u2019intervention d\u2019un Huissier de justice lors de l\u2019organisation d\u2019un jeux ou d\u2019un concours.\",\"breadcrumb\":{\"@id\":\"https:\/\/huissiers-aix.com\/index.php\/jeux-concours\/#breadcrumb\"},\"inLanguage\":\"fr-FR\",\"potentialAction\":[{\"@type\":\"ReadAction\",\"target\":[\"https:\/\/huissiers-aix.com\/index.php\/jeux-concours\/\"]}]},{\"@type\":\"BreadcrumbList\",\"@id\":\"https:\/\/huissiers-aix.com\/index.php\/jeux-concours\/#breadcrumb\",\"itemListElement\":[{\"@type\":\"ListItem\",\"position\":1,\"name\":\"Accueil\",\"item\":\"https:\/\/huissiers-aix.com\/\"},{\"@type\":\"ListItem\",\"position\":2,\"name\":\"Jeux concours\"}]},{\"@type\":\"WebSite\",\"@id\":\"https:\/\/huissiers-aix.com\/#website\",\"url\":\"https:\/\/huissiers-aix.com\/\",\"name\":\"SCP De Benedictis Coeffard Maurel\",\"description\":\"Huissiers de Justice \u00e0 Aix en Provence\",\"potentialAction\":[{\"@type\":\"SearchAction\",\"target\":{\"@type\":\"EntryPoint\",\"urlTemplate\":\"https:\/\/huissiers-aix.com\/?s={search_term_string}\"},\"query-input\":\"required name=search_term_string\"}],\"inLanguage\":\"fr-FR\"}]}<\/script>\n<!-- \/ Yoast SEO plugin. -->","yoast_head_json":{"title":"Jeux concours - SCP De Benedictis Coeffard Maurel","description":"D\u00e9clarer un jeux concours, la loi rend indispensable l\u2019intervention d\u2019un Huissier de justice lors de l\u2019organisation d\u2019un jeux ou d\u2019un concours.","robots":{"index":"index","follow":"follow","max-snippet":"max-snippet:-1","max-image-preview":"max-image-preview:large","max-video-preview":"max-video-preview:-1"},"canonical":"https:\/\/huissiers-aix.com\/index.php\/jeux-concours\/","og_locale":"fr_FR","og_type":"article","og_title":"Jeux concours - SCP De Benedictis Coeffard Maurel","og_description":"D\u00e9clarer un jeux concours, la loi rend indispensable l\u2019intervention d\u2019un Huissier de justice lors de l\u2019organisation d\u2019un jeux ou d\u2019un concours.","og_url":"https:\/\/huissiers-aix.com\/index.php\/jeux-concours\/","og_site_name":"SCP De Benedictis Coeffard Maurel","article_modified_time":"2018-07-27T08:17:03+00:00","twitter_card":"summary_large_image","twitter_misc":{"Dur\u00e9e de lecture estim\u00e9e":"6 minutes"},"schema":{"@context":"https:\/\/schema.org","@graph":[{"@type":"WebPage","@id":"https:\/\/huissiers-aix.com\/index.php\/jeux-concours\/","url":"https:\/\/huissiers-aix.com\/index.php\/jeux-concours\/","name":"Jeux concours - SCP De Benedictis Coeffard Maurel","isPartOf":{"@id":"https:\/\/huissiers-aix.com\/#website"},"datePublished":"2018-05-08T07:46:52+00:00","dateModified":"2018-07-27T08:17:03+00:00","description":"D\u00e9clarer un jeux concours, la loi rend indispensable l\u2019intervention d\u2019un Huissier de justice lors de l\u2019organisation d\u2019un jeux ou d\u2019un concours.","breadcrumb":{"@id":"https:\/\/huissiers-aix.com\/index.php\/jeux-concours\/#breadcrumb"},"inLanguage":"fr-FR","potentialAction":[{"@type":"ReadAction","target":["https:\/\/huissiers-aix.com\/index.php\/jeux-concours\/"]}]},{"@type":"BreadcrumbList","@id":"https:\/\/huissiers-aix.com\/index.php\/jeux-concours\/#breadcrumb","itemListElement":[{"@type":"ListItem","position":1,"name":"Accueil","item":"https:\/\/huissiers-aix.com\/"},{"@type":"ListItem","position":2,"name":"Jeux concours"}]},{"@type":"WebSite","@id":"https:\/\/huissiers-aix.com\/#website","url":"https:\/\/huissiers-aix.com\/","name":"SCP De Benedictis Coeffard Maurel","description":"Huissiers de Justice \u00e0 Aix en Provence","potentialAction":[{"@type":"SearchAction","target":{"@type":"EntryPoint","urlTemplate":"https:\/\/huissiers-aix.com\/?s={search_term_string}"},"query-input":"required name=search_term_string"}],"inLanguage":"fr-FR"}]}},"_links":{"self":[{"href":"https:\/\/huissiers-aix.com\/index.php\/wp-json\/wp\/v2\/pages\/44","targetHints":{"allow":["GET"]}}],"collection":[{"href":"https:\/\/huissiers-aix.com\/index.php\/wp-json\/wp\/v2\/pages"}],"about":[{"href":"https:\/\/huissiers-aix.com\/index.php\/wp-json\/wp\/v2\/types\/page"}],"author":[{"embeddable":true,"href":"https:\/\/huissiers-aix.com\/index.php\/wp-json\/wp\/v2\/users\/1"}],"replies":[{"embeddable":true,"href":"https:\/\/huissiers-aix.com\/index.php\/wp-json\/wp\/v2\/comments?post=44"}],"version-history":[{"count":18,"href":"https:\/\/huissiers-aix.com\/index.php\/wp-json\/wp\/v2\/pages\/44\/revisions"}],"predecessor-version":[{"id":788,"href":"https:\/\/huissiers-aix.com\/index.php\/wp-json\/wp\/v2\/pages\/44\/revisions\/788"}],"wp:attachment":[{"href":"https:\/\/huissiers-aix.com\/index.php\/wp-json\/wp\/v2\/media?parent=44"}],"curies":[{"name":"wp","href":"https:\/\/api.w.org\/{rel}","templated":true}]}}