{"id":622,"date":"2018-06-09T10:03:13","date_gmt":"2018-06-09T08:03:13","guid":{"rendered":"https:\/\/huissiers-aix.com\/?page_id=622"},"modified":"2018-06-20T10:44:40","modified_gmt":"2018-06-20T08:44:40","slug":"politique-de-confidentialite","status":"publish","type":"page","link":"https:\/\/huissiers-aix.com\/index.php\/politique-de-confidentialite\/","title":{"rendered":"Politique de confidentialit\u00e9"},"content":{"rendered":"<blockquote><p><strong>Depuis le 25 mai 2018, le R\u00e8glement G\u00e9n\u00e9ral sur la Protection des Donn\u00e9es (GDPR\/RGPD) est rentr\u00e9 en application.<\/strong><\/p>\n<p><strong>Conform\u00e9ment \u00e0 ce r\u00e8glement, nous vous confirmons que vos coordonn\u00e9es ne seront en aucun cas transmises \u00e0 des tiers et qu\u2019elles ne seront utilis\u00e9es que dans le cadre de nos activit\u00e9s propres d\u2019information.<\/strong><\/p><\/blockquote>\n<h2>Qui sommes-nous ?<\/h2>\n<p>Le site huissiers-aix.com est le site d\u2019informations de l\u2019\u00e9tude de la SCP DE BENEDICTIS COEFFARD MAUREL, situ\u00e9e \u00e0 Aix en Provence, dans les Bouches du Rhone.<\/p>\n<p><strong>Pour toutes questions<\/strong><\/p>\n<p>e-mail : <a href=\"mailto:debenedictis@outlook.fr\">debenedictis@outlook.fr<\/a><\/p>\n<h2>Utilisation des donn\u00e9es personnelles collect\u00e9es<\/h2>\n<p>Les donn\u00e9es personnelles comme le nom, le pr\u00e9nom, et l\u2019adresse de messagerie que nous collectons sur nos formulaires ne servent qu\u2019\u00e0 r\u00e9pondre \u00e0 vos demandes.<\/p>\n<p>En aucun cas ces donn\u00e9es ne sont c\u00e9d\u00e9es \u00e0 des tiers.<\/p>\n<h2>Formulaires de contact<\/h2>\n<p>Sachez qu\u2019actuellement nous ne d\u00e9tenons que vos noms, pr\u00e9noms, adresse mail et\/ou num\u00e9ro de t\u00e9l\u00e9phone.<br \/>\nCes informations ne seront jamais c\u00e9d\u00e9es, \u00e9chang\u00e9es ou revendues. Ce fichier est mis \u00e0 jour en interne et nous sert \u00e0 r\u00e9pondre aux questions et demandes que vous avez formul\u00e9es sur le site.<\/p>\n<h2>Contenu embarqu\u00e9 depuis d\u2019autres sites<\/h2>\n<p>Les articles de ce site peuvent inclure des contenus int\u00e9gr\u00e9s (par exemple des vid\u00e9os, images, articles\u2026). Le contenu int\u00e9gr\u00e9 depuis d\u2019autres sites se comporte de la m\u00eame mani\u00e8re que si le visiteur se rendait sur cet autre site.<\/p>\n<p>Ces sites web pourraient collecter des donn\u00e9es sur vous, utiliser des cookies, embarquer des outils de suivis tiers, suivre vos interactions avec ces contenus embarqu\u00e9s si vous disposez d\u2019un compte connect\u00e9 sur leur site web.<\/p>\n<h2>Utilisation et transmission de vos donn\u00e9es personnelles<\/h2>\n<p>Nous ne transmettons pas vos donn\u00e9es personnelles, elles ne sont utilis\u00e9es que pour une demande que vous avez faite de mani\u00e8re consentie (demande de renseignement, demande d\u2019intervention, prise de rendez-vous, d\u00e9marche en ligne).<\/p>\n<h2>Dur\u00e9es de stockage de vos donn\u00e9es<\/h2>\n<p>Nous ne conservons vos donn\u00e9es\u00a0que le laps de temps n\u00e9cessaire \u00e0 apporter une r\u00e9ponse \u00e0 votre demande en ligne. D\u00e8s la r\u00e9ponse apport\u00e9e les informations ne sont plus conserv\u00e9es.<\/p>\n<h2>Informations de contact<\/h2>\n<p>Pour les demandes concernant la vie priv\u00e9e, vous pouvez nous \u00e9crire \u00e0 <a href=\"mailto:debenedictis@outlook.fr\">debenedictis@outlook.fr<\/a><\/p>\n","protected":false},"excerpt":{"rendered":"<p>Depuis le 25 mai 2018, le R\u00e8glement G\u00e9n\u00e9ral sur la Protection des Donn\u00e9es (GDPR\/RGPD) est rentr\u00e9 en application. Conform\u00e9ment \u00e0 ce r\u00e8glement, nous vous confirmons que vos coordonn\u00e9es ne seront en aucun cas transmises \u00e0 des tiers et qu\u2019elles ne seront utilis\u00e9es que dans le cadre de nos activit\u00e9s propres d\u2019information. Qui sommes-nous ? Le [&hellip;]<\/p>\n","protected":false},"author":1,"featured_media":0,"parent":0,"menu_order":0,"comment_status":"closed","ping_status":"closed","template":"","meta":{"_et_pb_use_builder":"","_et_pb_old_content":"","_et_gb_content_width":"","_monsterinsights_skip_tracking":false,"_monsterinsights_sitenote_active":false,"_monsterinsights_sitenote_note":"","_monsterinsights_sitenote_category":0,"footnotes":""},"class_list":["post-622","page","type-page","status-publish","hentry"],"yoast_head":"<!-- This site is optimized with the Yoast SEO plugin v23.0 - https:\/\/yoast.com\/wordpress\/plugins\/seo\/ -->\n<title>Politique de confidentialit\u00e9 - SCP De Benedictis Coeffard Maurel<\/title>\n<meta name=\"robots\" content=\"index, follow, max-snippet:-1, max-image-preview:large, max-video-preview:-1\" \/>\n<link rel=\"canonical\" href=\"https:\/\/huissiers-aix.com\/index.php\/politique-de-confidentialite\/\" \/>\n<meta property=\"og:locale\" content=\"fr_FR\" \/>\n<meta property=\"og:type\" content=\"article\" \/>\n<meta property=\"og:title\" content=\"Politique de confidentialit\u00e9 - SCP De Benedictis Coeffard Maurel\" \/>\n<meta property=\"og:description\" content=\"Depuis le 25 mai 2018, le R\u00e8glement G\u00e9n\u00e9ral sur la Protection des Donn\u00e9es (GDPR\/RGPD) est rentr\u00e9 en application. Conform\u00e9ment \u00e0 ce r\u00e8glement, nous vous confirmons que vos coordonn\u00e9es ne seront en aucun cas transmises \u00e0 des tiers et qu\u2019elles ne seront utilis\u00e9es que dans le cadre de nos activit\u00e9s propres d\u2019information. Qui sommes-nous ? Le [&hellip;]\" \/>\n<meta property=\"og:url\" content=\"https:\/\/huissiers-aix.com\/index.php\/politique-de-confidentialite\/\" \/>\n<meta property=\"og:site_name\" content=\"SCP De Benedictis Coeffard Maurel\" \/>\n<meta property=\"article:modified_time\" content=\"2018-06-20T08:44:40+00:00\" \/>\n<meta name=\"twitter:card\" content=\"summary_large_image\" \/>\n<meta name=\"twitter:label1\" content=\"Dur\u00e9e de lecture estim\u00e9e\" \/>\n\t<meta name=\"twitter:data1\" content=\"2 minutes\" \/>\n<script type=\"application\/ld+json\" class=\"yoast-schema-graph\">{\"@context\":\"https:\/\/schema.org\",\"@graph\":[{\"@type\":\"WebPage\",\"@id\":\"https:\/\/huissiers-aix.com\/index.php\/politique-de-confidentialite\/\",\"url\":\"https:\/\/huissiers-aix.com\/index.php\/politique-de-confidentialite\/\",\"name\":\"Politique de confidentialit\u00e9 - SCP De Benedictis Coeffard Maurel\",\"isPartOf\":{\"@id\":\"https:\/\/huissiers-aix.com\/#website\"},\"datePublished\":\"2018-06-09T08:03:13+00:00\",\"dateModified\":\"2018-06-20T08:44:40+00:00\",\"breadcrumb\":{\"@id\":\"https:\/\/huissiers-aix.com\/index.php\/politique-de-confidentialite\/#breadcrumb\"},\"inLanguage\":\"fr-FR\",\"potentialAction\":[{\"@type\":\"ReadAction\",\"target\":[\"https:\/\/huissiers-aix.com\/index.php\/politique-de-confidentialite\/\"]}]},{\"@type\":\"BreadcrumbList\",\"@id\":\"https:\/\/huissiers-aix.com\/index.php\/politique-de-confidentialite\/#breadcrumb\",\"itemListElement\":[{\"@type\":\"ListItem\",\"position\":1,\"name\":\"Accueil\",\"item\":\"https:\/\/huissiers-aix.com\/\"},{\"@type\":\"ListItem\",\"position\":2,\"name\":\"Politique de confidentialit\u00e9\"}]},{\"@type\":\"WebSite\",\"@id\":\"https:\/\/huissiers-aix.com\/#website\",\"url\":\"https:\/\/huissiers-aix.com\/\",\"name\":\"SCP De Benedictis Coeffard Maurel\",\"description\":\"Huissiers de Justice \u00e0 Aix en Provence\",\"potentialAction\":[{\"@type\":\"SearchAction\",\"target\":{\"@type\":\"EntryPoint\",\"urlTemplate\":\"https:\/\/huissiers-aix.com\/?s={search_term_string}\"},\"query-input\":\"required name=search_term_string\"}],\"inLanguage\":\"fr-FR\"}]}<\/script>\n<!-- \/ Yoast SEO plugin. -->","yoast_head_json":{"title":"Politique de confidentialit\u00e9 - SCP De Benedictis Coeffard Maurel","robots":{"index":"index","follow":"follow","max-snippet":"max-snippet:-1","max-image-preview":"max-image-preview:large","max-video-preview":"max-video-preview:-1"},"canonical":"https:\/\/huissiers-aix.com\/index.php\/politique-de-confidentialite\/","og_locale":"fr_FR","og_type":"article","og_title":"Politique de confidentialit\u00e9 - SCP De Benedictis Coeffard Maurel","og_description":"Depuis le 25 mai 2018, le R\u00e8glement G\u00e9n\u00e9ral sur la Protection des Donn\u00e9es (GDPR\/RGPD) est rentr\u00e9 en application. Conform\u00e9ment \u00e0 ce r\u00e8glement, nous vous confirmons que vos coordonn\u00e9es ne seront en aucun cas transmises \u00e0 des tiers et qu\u2019elles ne seront utilis\u00e9es que dans le cadre de nos activit\u00e9s propres d\u2019information. Qui sommes-nous ? Le [&hellip;]","og_url":"https:\/\/huissiers-aix.com\/index.php\/politique-de-confidentialite\/","og_site_name":"SCP De Benedictis Coeffard Maurel","article_modified_time":"2018-06-20T08:44:40+00:00","twitter_card":"summary_large_image","twitter_misc":{"Dur\u00e9e de lecture estim\u00e9e":"2 minutes"},"schema":{"@context":"https:\/\/schema.org","@graph":[{"@type":"WebPage","@id":"https:\/\/huissiers-aix.com\/index.php\/politique-de-confidentialite\/","url":"https:\/\/huissiers-aix.com\/index.php\/politique-de-confidentialite\/","name":"Politique de confidentialit\u00e9 - SCP De Benedictis Coeffard Maurel","isPartOf":{"@id":"https:\/\/huissiers-aix.com\/#website"},"datePublished":"2018-06-09T08:03:13+00:00","dateModified":"2018-06-20T08:44:40+00:00","breadcrumb":{"@id":"https:\/\/huissiers-aix.com\/index.php\/politique-de-confidentialite\/#breadcrumb"},"inLanguage":"fr-FR","potentialAction":[{"@type":"ReadAction","target":["https:\/\/huissiers-aix.com\/index.php\/politique-de-confidentialite\/"]}]},{"@type":"BreadcrumbList","@id":"https:\/\/huissiers-aix.com\/index.php\/politique-de-confidentialite\/#breadcrumb","itemListElement":[{"@type":"ListItem","position":1,"name":"Accueil","item":"https:\/\/huissiers-aix.com\/"},{"@type":"ListItem","position":2,"name":"Politique de confidentialit\u00e9"}]},{"@type":"WebSite","@id":"https:\/\/huissiers-aix.com\/#website","url":"https:\/\/huissiers-aix.com\/","name":"SCP De Benedictis Coeffard Maurel","description":"Huissiers de Justice \u00e0 Aix en Provence","potentialAction":[{"@type":"SearchAction","target":{"@type":"EntryPoint","urlTemplate":"https:\/\/huissiers-aix.com\/?s={search_term_string}"},"query-input":"required name=search_term_string"}],"inLanguage":"fr-FR"}]}},"_links":{"self":[{"href":"https:\/\/huissiers-aix.com\/index.php\/wp-json\/wp\/v2\/pages\/622","targetHints":{"allow":["GET"]}}],"collection":[{"href":"https:\/\/huissiers-aix.com\/index.php\/wp-json\/wp\/v2\/pages"}],"about":[{"href":"https:\/\/huissiers-aix.com\/index.php\/wp-json\/wp\/v2\/types\/page"}],"author":[{"embeddable":true,"href":"https:\/\/huissiers-aix.com\/index.php\/wp-json\/wp\/v2\/users\/1"}],"replies":[{"embeddable":true,"href":"https:\/\/huissiers-aix.com\/index.php\/wp-json\/wp\/v2\/comments?post=622"}],"version-history":[{"count":2,"href":"https:\/\/huissiers-aix.com\/index.php\/wp-json\/wp\/v2\/pages\/622\/revisions"}],"predecessor-version":[{"id":695,"href":"https:\/\/huissiers-aix.com\/index.php\/wp-json\/wp\/v2\/pages\/622\/revisions\/695"}],"wp:attachment":[{"href":"https:\/\/huissiers-aix.com\/index.php\/wp-json\/wp\/v2\/media?parent=622"}],"curies":[{"name":"wp","href":"https:\/\/api.w.org\/{rel}","templated":true}]}}